{"id":342,"date":"2020-07-23T09:11:39","date_gmt":"2020-07-23T07:11:39","guid":{"rendered":"https:\/\/sole.promoservicebeta.com\/?page_id=342"},"modified":"2026-02-17T17:36:47","modified_gmt":"2026-02-17T16:36:47","slug":"come-arrivare","status":"publish","type":"page","link":"https:\/\/www.hotelportici.it\/it\/come-arrivare\/","title":{"rendered":"Come arrivare"},"content":{"rendered":"<div  class=\"grids-section grids-is-advanced alignwide\" style=\"--_gs-gap-desktop:0px 0px;--_gs-m-desktop:0 0 0 0;--_gs-p-desktop:0 0 0 0;--_gs-bg-desktop:transparent none;--_gs-bg-xp-desktop:0px;--_gs-zi-desktop:1;--_gs-d-desktop:block;--_gs-mw-desktop:calc(100% - 0 - 0);--_gs-gap-tablet:0px 0px;--_gs-m-tablet:0 0 0 0;--_gs-p-tablet:0 0 0 0;--_gs-bg-tablet:transparent none;--_gs-bg-xp-tablet:0px;--_gs-zi-tablet:1;--_gs-d-tablet:block;--_gs-mw-tablet:calc(100% - 0 - 0);--_gs-gap-mobile:0px 0px;--_gs-m-mobile:0 0 0 0;--_gs-p-mobile:0 0 0 0;--_gs-bg-mobile:#ffffff none;--_gs-bg-xp-mobile:0px;--_gs-zi-mobile:1;--_gs-d-mobile:block;--_gs-mw-mobile:calc(100% - 0 - 0);--_gs-columns:12;--_gs-rows:6\"><div class=\"grids-s-w_i\">\n<div class=\"grids-area\" style=\"--_ga-column:1\/6;--_ga-row:1\/2;--_ga-m-desktop:0 15px 0 0;--_ga-p-desktop:0 60px 0 0;--_ga-bg-desktop:transparent none;--_ga-zi-desktop:auto;--_ga-d-desktop:flex;--_ga-mw-desktop:calc(100% - 0 - 15px);--_ga-m-tablet:0 15px 0 0;--_ga-p-tablet:0 60px 0 0;--_ga-bg-tablet:transparent none;--_ga-zi-tablet:auto;--_ga-d-tablet:flex;--_ga-mw-tablet:calc(100% - 0 - 15px);--_ga-m-mobile:0 15px 0 0;--_ga-p-mobile:0 60px 0 0;--_ga-bg-mobile:transparent none;--_ga-zi-mobile:auto;--_ga-d-mobile:flex;--_ga-mw-mobile:calc(100% - 0 - 15px)\">\n\n<h2 class=\"wp-block-heading\">Come arrivare<\/h2>\n\n\n\n<div style=\"height:20px\" aria-hidden=\"true\" class=\"wp-block-spacer\"><\/div>\n\n\n\n<p>L&#8217;hotel Portici si trova in Piazza 3 Novembre, 19 &#8211; Riva del Garda (TN).<\/p>\n\n\n\n<div class=\"wp-block-button is-style-outline\">\n  <a class=\"pulsante_comearrivare wp-block-button__link has-text-color has-background has-background-background-color\" href=\"https:\/\/g.page\/hotel-portici-riva-del-garda?share\" target=\"_blank\" rel=\"noopener noreferrer\">\n    <span class=\"posizione_icona icona_comearrivare material-icons\">\n    directions\n    <\/span>\n    <span class=\"testo_pulsante_comearrivare\">\nIndicazioni per Hotel Portici<\/span><\/a><\/div>\n\n\n\n<div style=\"height:30px\" aria-hidden=\"true\" class=\"wp-block-spacer\"><\/div>\n\n\n\n<p>Si avvisano i gentili ospiti che l\u2019Hotel Portici si trova in una Zona a Traffico Limitato (ZTL) a cui \u00e8 possibile accedere con la macchina passando dal Varco 3 in Piazza Catena. L&#8217;ingresso \u00e8 consentito un\u2019unica volta nel giorno di arrivo e di partenza, per lo scarico e il carico dei bagagli.&nbsp;<\/p>\n\n\n\n<p><strong>Per effettuare l\u2019accesso, \u00e8 necessario rivolgersi alla reception al momento del check-in per comunicare la propria targa e ritirare l\u2019apposita ricevuta.&nbsp;<\/strong><\/p>\n\n\n\n<p><strong><strong>Ci asteniamo da ogni responsabilit\u00e0 nel caso la procedura non venga rispettata.&nbsp;<\/strong><\/strong><\/p>\n\n\n\n<div class=\"wp-block-buttons is-layout-flex wp-block-buttons-is-layout-flex\">\n<div class=\"wp-block-button\"><a class=\"wp-block-button__link has-background wp-element-button\" href=\"\/it\/parcheggio\/\" style=\"background-color:#c3a269\" rel=\"\/parcheggio\">SCOPRI DI PI\u00d9 SUL PARCHEGGIO<\/a><\/div>\n<\/div>\n\n<\/div>\n\n<div class=\"grids-area\" style=\"--_ga-column:6\/13;--_ga-row:1\/2;--_ga-m-desktop:0 0 0 0;--_ga-p-desktop:60px 60px 60px 60px;--_ga-bg-desktop:#ebeff3 none;--_ga-zi-desktop:auto;--_ga-d-desktop:flex;--_ga-mw-desktop:calc(100% - 0 - 0);--_ga-m-tablet:0 0 0 0;--_ga-p-tablet:20px 20px 60px 20px;--_ga-bg-tablet:#ebeff3 none;--_ga-zi-tablet:auto;--_ga-d-tablet:flex;--_ga-mw-tablet:calc(100% - 0 - 0);--_ga-m-mobile:30px 0 0 0;--_ga-p-mobile:20px 20px 60px 20px;--_ga-bg-mobile:#ebeff3 none;--_ga-zi-mobile:auto;--_ga-d-mobile:flex;--_ga-mw-mobile:calc(100% - 0 - 0)\">\n\n<p><span class=\"posizione_icona auto_comearrivare material-icons\">\ndirections_car\n<\/span><strong class=\"icone_contatti\">  In auto<\/strong><\/p>\n\n\n\n<p class=\"has-text-color\" style=\"color:#444444\">Per chi desidera raggiungere Riva del Garda in auto la via pi\u00f9 veloce \u00e8 l\u2019Autostrada A22 (Modena \u2013 Brennero). L\u2019uscita consigliata \u00e8 quella di Rovereto Sud-Lago di Garda che dista da Riva del Garda 20 km.<\/p>\n\n\n\n<p><span class=\"posizione_icona auto_comearrivare material-icons\">\ndirections_bus\n<\/span> <strong class=\"icone_contatti\">  In autobus<\/strong><\/p>\n\n\n\n<p class=\"has-text-color\" style=\"color:#444444\">Ci sono collegamenti diretti da Trento e Rovereto (autobus Trentino Trasporti); da Verona e Desenzano (Autobus A.T.V.); da Brescia (Autobus S.I.A) e durante l\u2019estate ( da met\u00e0 giugno a fine settembre) anche da Venezia (Autobus A.T.V.) (marted\u00ec, mercoled\u00ec e gioved\u00ec una sola corsa Riva h 7.00 \u2013 Venezia h. 10.30\/ Venezia h 17.15 \u2013 Riva h. 20.20).&nbsp;<\/p>\n\n\n\n<p><span class=\"posizione_icona auto_comearrivare material-icons\">\ntrain\n<\/span> <strong class=\"icone_contatti\">  In treno<\/strong><\/p>\n\n\n\n<p class=\"has-text-color\" style=\"color:#444444\">Per chi giunge in treno la stazione ferroviaria pi\u00f9 vicina \u00e8 Rovereto (linea del Brennero) a 20 km da Riva. Un servizio autobus Trentino Trasporti collega Rovereto con Riva del Garda. Per chi viene in treno da Milano o Venezia c\u2019\u00e8 la possibilit\u00e0 di scendere alle stazioni di Desenzano, Peschiera o a Verona. Da qui si possono prendere gli autobus dell\u2019A.T.V. in direzione Riva.&nbsp;<\/p>\n\n\n\n<p><span class=\"posizione_icona auto_comearrivare material-icons\"> flight_land <\/span> <strong class=\"icone_contatti\">  In aereo<\/strong><\/p>\n\n\n\n<div class=\"wp-block-group treni_chisiamo\"><div class=\"wp-block-group__inner-container is-layout-flow wp-block-group-is-layout-flow\">\n<div class=\"wp-block-group treni_chisiamo\"><div class=\"wp-block-group__inner-container is-layout-flow wp-block-group-is-layout-flow\">\n<div class=\"wp-block-group treni_comearrivare\"><div class=\"wp-block-group__inner-container is-layout-flow wp-block-group-is-layout-flow\">\n<div class=\"wp-block-group treni_comearrivare\"><div class=\"wp-block-group__inner-container is-layout-flow wp-block-group-is-layout-flow\">\n<div class=\"wp-block-columns are-vertically-aligned-top treni_comearrivare is-layout-flex wp-container-core-columns-is-layout-9d6595d7 wp-block-columns-is-layout-flex\">\n<div class=\"wp-block-column is-vertically-aligned-top is-layout-flow wp-block-column-is-layout-flow\">\n<p class=\"treni_comearrivare\">Verona \u2013 Villafranca V. Catullo \u2013 85 km<br>Brescia \u2013 Montichiari \u2013 75 km<br>Bergamo \u2013 Orio al Serio \u2013 130 km<\/p>\n<\/div>\n\n\n\n<div class=\"wp-block-column is-vertically-aligned-top is-layout-flow wp-block-column-is-layout-flow\">\n<div class=\"wp-block-group treni_comearrivare\"><div class=\"wp-block-group__inner-container is-layout-flow wp-block-group-is-layout-flow\">\n<p class=\"treni_comearrivare\">Milano \u2013 Linate \u2013 227 km<br>Milano \u2013 Malpensa \u2013 265 km<\/p>\n<\/div><\/div>\n<\/div>\n<\/div>\n<\/div><\/div>\n<\/div><\/div>\n<\/div><\/div>\n<\/div><\/div>\n\n\n\n\n\n\n\n\n\n<\/div>\n<\/div><\/div>\n\n<div  class=\"grids-section grids-is-advanced alignwide\" style=\"--_gs-gap-desktop:0px 0px;--_gs-m-desktop:0 0 0 0;--_gs-p-desktop:0 0 0 0;--_gs-bg-desktop:transparent none;--_gs-bg-xp-desktop:0px;--_gs-zi-desktop:auto;--_gs-d-desktop:block;--_gs-mw-desktop:calc(100% - 0 - 0);--_gs-gap-tablet:0px 0px;--_gs-m-tablet:0 0 0 0;--_gs-p-tablet:0 0 0 0;--_gs-bg-tablet:transparent none;--_gs-bg-xp-tablet:0px;--_gs-zi-tablet:auto;--_gs-d-tablet:block;--_gs-mw-tablet:calc(100% - 0 - 0);--_gs-gap-mobile:0px 0px;--_gs-m-mobile:0 0 0 0;--_gs-p-mobile:0 0 0 0;--_gs-bg-mobile:transparent none;--_gs-bg-xp-mobile:0px;--_gs-zi-mobile:auto;--_gs-d-mobile:block;--_gs-mw-mobile:calc(100% - 0 - 0);--_gs-columns:12;--_gs-rows:6\"><div class=\"grids-s-w_i\">\n<div class=\"grids-area\" style=\"--_ga-column:1\/13;--_ga-row:1\/2;--_ga-m-desktop:0 0 0 0;--_ga-p-desktop:0 0 0 0;--_ga-bg-desktop:transparent none;--_ga-zi-desktop:auto;--_ga-d-desktop:flex;--_ga-mw-desktop:calc(100% - 0 - 0);--_ga-m-tablet:0 0 0 0;--_ga-p-tablet:0 0 0 0;--_ga-bg-tablet:transparent none;--_ga-zi-tablet:auto;--_ga-d-tablet:flex;--_ga-mw-tablet:calc(100% - 0 - 0);--_ga-m-mobile:0 0 0 0;--_ga-p-mobile:0 0 0 0;--_ga-bg-mobile:transparent none;--_ga-zi-mobile:auto;--_ga-d-mobile:flex;--_ga-mw-mobile:calc(100% - 0 - 0)\">\n\n<iframe src=\"https:\/\/www.google.com\/maps\/embed?pb=!1m18!1m12!1m3!1d1042.0230434386165!2d10.839987791801247!3d45.884503302111135!2m3!1f0!2f0!3f0!3m2!1i1024!2i768!4f13.1!3m3!1m2!1s0x4782172753d680cf%3A0x194402c1eb579b8!2sHotel%20Sole%20Relax%20%26%20Panorama!5e0!3m2!1sit!2sit!4v1596803461062!5m2!1sit!2sit\" width=\"600\" height=\"450\" frameborder=\"0\" style=\"border:0;\" allowfullscreen=\"\" aria-hidden=\"false\" tabindex=\"0\"><\/iframe>\n\n<\/div>\n<\/div><\/div>\n\n\n<div class=\"conver-widget-v2\"\n     data-instance=\"conver-v2-1\">\n\n  <div class=\"chat-container\" id=\"chat-section\">\n\n    <div class=\"chat-header\">\n      <div class=\"chat-header-logo\">\n        <img decoding=\"async\"\n          src=\"https:\/\/www.hotelportici.it\/wp-content\/themes\/jampaa\/template-parts\/ricerca-conversazionale-v2\/assets\/img\/logo-ricerca-conv.png\"\n          alt=\"\"\n        >\n        <span>Ciao<\/span>\n      <\/div>\n\n      <h2>Da dove iniziamo?<\/h2>\n    <\/div>\n\n    <!-- Chat -->\n    <div class=\"chat-box\"><\/div>\n\n    <!-- Loading -->\n    <div class=\"loading-conver hidden\" aria-hidden=\"true\">\n      <div class=\"dot\"><\/div><div class=\"dot\"><\/div><div class=\"dot\"><\/div>\n    <\/div>\n\n    <!-- Input -->\n    <div class=\"input-area-conver-wrapper\">\n      <div class=\"input-area-conver\">\n        <textarea\n          class=\"user-input-conver\"\n          placeholder=\"Fai una domanda...\"\n          rows=\"1\"\n        ><\/textarea>\n\n        <div class=\"box-btn-conver\">\n          <a class=\"send-btn-conver\" href=\"#\" role=\"button\" aria-label=\"AI Search\">\n            <i class=\"fa-light fa-magnifying-glass icon-search\" aria-hidden=\"true\"><\/i>\n            <i class=\"fa-regular fa-arrow-up icon-send hidden\" aria-hidden=\"true\"><\/i>\n            <span class=\"ai-search-text\">AI Search<\/span>\n          <\/a>\n\n          <i class=\"fa-light fa-close icon-erase hidden\" aria-hidden=\"true\"><\/i>\n        <\/div>\n      <\/div>\n    <\/div>\n    <span class=\"show-quick-questions hidden\">Mostra domande rapide<\/span>\n\n    <!-- Domande rapide -->\n    <div class=\"entry-chats-wrapper\">\n      <button type=\"button\" class=\"entry-chat\" data-prompt=\"Prenota una camera per due persone\">\n        Prenota una camera per due persone      <\/button>\n\n      <button type=\"button\" class=\"entry-chat\" data-prompt=\"Scopri le offerte speciali\">\n        Scopri le offerte speciali      <\/button>\n\n      <button type=\"button\" class=\"entry-chat\" data-prompt=\"Scopri le camere\">\n        Scopri le camere      <\/button>\n\n      <button type=\"button\" class=\"entry-chat\" data-prompt=\"Scopri il centro benessere Ninfea\">\n        Scopri il centro benessere Ninfea      <\/button>\n    <\/div>\n\n  <\/div>\n<\/div>\n","protected":false},"excerpt":{"rendered":"","protected":false},"author":2,"featured_media":4635,"parent":0,"menu_order":0,"comment_status":"closed","ping_status":"closed","template":"templates\/template-full-width.php","meta":{"_acf_changed":false,"advgb_blocks_editor_width":"","advgb_blocks_columns_visual_guide":"","footnotes":""},"class_list":["post-342","page","type-page","status-publish","has-post-thumbnail","hentry"],"acf":[],"yoast_head":"<!-- This site is optimized with the Yoast SEO plugin v26.0 - https:\/\/yoast.com\/wordpress\/plugins\/seo\/ -->\n<title>Come arrivare - Hotel Portici - Romantik &amp; Wellness | Riva del Garda<\/title>\n<meta name=\"description\" content=\"L&#039;hotel Sole si trova in Piazza 3 Novembre, 19 Riva del Garda (TN). Si avvisano i gentili ospiti che l\u2019Hotel Sole si trova in una Zona a Traffico Limitato.\" \/>\n<meta name=\"robots\" content=\"index, follow, max-snippet:-1, max-image-preview:large, max-video-preview:-1\" \/>\n<link rel=\"canonical\" href=\"https:\/\/www.hotelportici.it\/it\/come-arrivare\/\" \/>\n<meta property=\"og:locale\" content=\"it_IT\" \/>\n<meta property=\"og:type\" content=\"article\" \/>\n<meta property=\"og:title\" content=\"Come arrivare - Hotel Portici - Romantik &amp; Wellness | Riva del Garda\" \/>\n<meta property=\"og:description\" content=\"L&#039;hotel Sole si trova in Piazza 3 Novembre, 19 Riva del Garda (TN). Si avvisano i gentili ospiti che l\u2019Hotel Sole si trova in una Zona a Traffico Limitato.\" \/>\n<meta property=\"og:url\" content=\"https:\/\/www.hotelportici.it\/it\/come-arrivare\/\" \/>\n<meta property=\"og:site_name\" content=\"Hotel Portici\" \/>\n<meta property=\"article:modified_time\" content=\"2026-02-17T16:36:47+00:00\" \/>\n<meta property=\"og:image\" content=\"https:\/\/www.hotelportici.it\/wp-content\/uploads\/2022\/10\/ICD4491-copia-scaled.jpg\" \/>\n\t<meta property=\"og:image:width\" content=\"2560\" \/>\n\t<meta property=\"og:image:height\" content=\"1707\" \/>\n\t<meta property=\"og:image:type\" content=\"image\/jpeg\" \/>\n<meta name=\"twitter:card\" content=\"summary_large_image\" \/>\n<meta name=\"twitter:label1\" content=\"Tempo di lettura stimato\" \/>\n\t<meta name=\"twitter:data1\" content=\"2 minuti\" \/>\n<script type=\"application\/ld+json\" class=\"yoast-schema-graph\">{\"@context\":\"https:\/\/schema.org\",\"@graph\":[{\"@type\":\"WebPage\",\"@id\":\"https:\/\/www.hotelportici.it\/it\/come-arrivare\/\",\"url\":\"https:\/\/www.hotelportici.it\/it\/come-arrivare\/\",\"name\":\"Come arrivare - Hotel Portici - Romantik &amp; Wellness | Riva del Garda\",\"isPartOf\":{\"@id\":\"https:\/\/www.hotelportici.it\/it\/#website\"},\"primaryImageOfPage\":{\"@id\":\"https:\/\/www.hotelportici.it\/it\/come-arrivare\/#primaryimage\"},\"image\":{\"@id\":\"https:\/\/www.hotelportici.it\/it\/come-arrivare\/#primaryimage\"},\"thumbnailUrl\":\"https:\/\/www.hotelportici.it\/wp-content\/uploads\/2022\/10\/ICD4491-copia-scaled.jpg\",\"datePublished\":\"2020-07-23T07:11:39+00:00\",\"dateModified\":\"2026-02-17T16:36:47+00:00\",\"description\":\"L'hotel Sole si trova in Piazza 3 Novembre, 19 Riva del Garda (TN). Si avvisano i gentili ospiti che l\u2019Hotel Sole si trova in una Zona a Traffico Limitato.\",\"breadcrumb\":{\"@id\":\"https:\/\/www.hotelportici.it\/it\/come-arrivare\/#breadcrumb\"},\"inLanguage\":\"it-IT\",\"potentialAction\":[{\"@type\":\"ReadAction\",\"target\":[\"https:\/\/www.hotelportici.it\/it\/come-arrivare\/\"]}]},{\"@type\":\"ImageObject\",\"inLanguage\":\"it-IT\",\"@id\":\"https:\/\/www.hotelportici.it\/it\/come-arrivare\/#primaryimage\",\"url\":\"https:\/\/www.hotelportici.it\/wp-content\/uploads\/2022\/10\/ICD4491-copia-scaled.jpg\",\"contentUrl\":\"https:\/\/www.hotelportici.it\/wp-content\/uploads\/2022\/10\/ICD4491-copia-scaled.jpg\",\"width\":2560,\"height\":1707},{\"@type\":\"BreadcrumbList\",\"@id\":\"https:\/\/www.hotelportici.it\/it\/come-arrivare\/#breadcrumb\",\"itemListElement\":[{\"@type\":\"ListItem\",\"position\":1,\"name\":\"Home\",\"item\":\"https:\/\/www.hotelportici.it\/it\/\"},{\"@type\":\"ListItem\",\"position\":2,\"name\":\"Come arrivare\"}]},{\"@type\":\"WebSite\",\"@id\":\"https:\/\/www.hotelportici.it\/it\/#website\",\"url\":\"https:\/\/www.hotelportici.it\/it\/\",\"name\":\"Hotel Portici\",\"description\":\"Romantik &amp; Wellness | Riva del Garda\",\"publisher\":{\"@id\":\"https:\/\/www.hotelportici.it\/it\/#organization\"},\"potentialAction\":[{\"@type\":\"SearchAction\",\"target\":{\"@type\":\"EntryPoint\",\"urlTemplate\":\"https:\/\/www.hotelportici.it\/it\/?s={search_term_string}\"},\"query-input\":{\"@type\":\"PropertyValueSpecification\",\"valueRequired\":true,\"valueName\":\"search_term_string\"}}],\"inLanguage\":\"it-IT\"},{\"@type\":\"Organization\",\"@id\":\"https:\/\/www.hotelportici.it\/it\/#organization\",\"name\":\"Hotel Portici\",\"url\":\"https:\/\/www.hotelportici.it\/it\/\",\"logo\":{\"@type\":\"ImageObject\",\"inLanguage\":\"it-IT\",\"@id\":\"https:\/\/www.hotelportici.it\/it\/#\/schema\/logo\/image\/\",\"url\":\"https:\/\/www.hotelportici.it\/wp-content\/uploads\/2024\/03\/hotel-portici.png\",\"contentUrl\":\"https:\/\/www.hotelportici.it\/wp-content\/uploads\/2024\/03\/hotel-portici.png\",\"width\":1200,\"height\":278,\"caption\":\"Hotel Portici\"},\"image\":{\"@id\":\"https:\/\/www.hotelportici.it\/it\/#\/schema\/logo\/image\/\"}}]}<\/script>\n<!-- \/ Yoast SEO plugin. -->","yoast_head_json":{"title":"Come arrivare - Hotel Portici - Romantik &amp; Wellness | Riva del Garda","description":"L'hotel Sole si trova in Piazza 3 Novembre, 19 Riva del Garda (TN). Si avvisano i gentili ospiti che l\u2019Hotel Sole si trova in una Zona a Traffico Limitato.","robots":{"index":"index","follow":"follow","max-snippet":"max-snippet:-1","max-image-preview":"max-image-preview:large","max-video-preview":"max-video-preview:-1"},"canonical":"https:\/\/www.hotelportici.it\/it\/come-arrivare\/","og_locale":"it_IT","og_type":"article","og_title":"Come arrivare - Hotel Portici - Romantik &amp; Wellness | Riva del Garda","og_description":"L'hotel Sole si trova in Piazza 3 Novembre, 19 Riva del Garda (TN). Si avvisano i gentili ospiti che l\u2019Hotel Sole si trova in una Zona a Traffico Limitato.","og_url":"https:\/\/www.hotelportici.it\/it\/come-arrivare\/","og_site_name":"Hotel Portici","article_modified_time":"2026-02-17T16:36:47+00:00","og_image":[{"width":2560,"height":1707,"url":"https:\/\/www.hotelportici.it\/wp-content\/uploads\/2022\/10\/ICD4491-copia-scaled.jpg","type":"image\/jpeg"}],"twitter_card":"summary_large_image","twitter_misc":{"Tempo di lettura stimato":"2 minuti"},"schema":{"@context":"https:\/\/schema.org","@graph":[{"@type":"WebPage","@id":"https:\/\/www.hotelportici.it\/it\/come-arrivare\/","url":"https:\/\/www.hotelportici.it\/it\/come-arrivare\/","name":"Come arrivare - Hotel Portici - Romantik &amp; Wellness | Riva del Garda","isPartOf":{"@id":"https:\/\/www.hotelportici.it\/it\/#website"},"primaryImageOfPage":{"@id":"https:\/\/www.hotelportici.it\/it\/come-arrivare\/#primaryimage"},"image":{"@id":"https:\/\/www.hotelportici.it\/it\/come-arrivare\/#primaryimage"},"thumbnailUrl":"https:\/\/www.hotelportici.it\/wp-content\/uploads\/2022\/10\/ICD4491-copia-scaled.jpg","datePublished":"2020-07-23T07:11:39+00:00","dateModified":"2026-02-17T16:36:47+00:00","description":"L'hotel Sole si trova in Piazza 3 Novembre, 19 Riva del Garda (TN). Si avvisano i gentili ospiti che l\u2019Hotel Sole si trova in una Zona a Traffico Limitato.","breadcrumb":{"@id":"https:\/\/www.hotelportici.it\/it\/come-arrivare\/#breadcrumb"},"inLanguage":"it-IT","potentialAction":[{"@type":"ReadAction","target":["https:\/\/www.hotelportici.it\/it\/come-arrivare\/"]}]},{"@type":"ImageObject","inLanguage":"it-IT","@id":"https:\/\/www.hotelportici.it\/it\/come-arrivare\/#primaryimage","url":"https:\/\/www.hotelportici.it\/wp-content\/uploads\/2022\/10\/ICD4491-copia-scaled.jpg","contentUrl":"https:\/\/www.hotelportici.it\/wp-content\/uploads\/2022\/10\/ICD4491-copia-scaled.jpg","width":2560,"height":1707},{"@type":"BreadcrumbList","@id":"https:\/\/www.hotelportici.it\/it\/come-arrivare\/#breadcrumb","itemListElement":[{"@type":"ListItem","position":1,"name":"Home","item":"https:\/\/www.hotelportici.it\/it\/"},{"@type":"ListItem","position":2,"name":"Come arrivare"}]},{"@type":"WebSite","@id":"https:\/\/www.hotelportici.it\/it\/#website","url":"https:\/\/www.hotelportici.it\/it\/","name":"Hotel Portici","description":"Romantik &amp; Wellness | Riva del Garda","publisher":{"@id":"https:\/\/www.hotelportici.it\/it\/#organization"},"potentialAction":[{"@type":"SearchAction","target":{"@type":"EntryPoint","urlTemplate":"https:\/\/www.hotelportici.it\/it\/?s={search_term_string}"},"query-input":{"@type":"PropertyValueSpecification","valueRequired":true,"valueName":"search_term_string"}}],"inLanguage":"it-IT"},{"@type":"Organization","@id":"https:\/\/www.hotelportici.it\/it\/#organization","name":"Hotel Portici","url":"https:\/\/www.hotelportici.it\/it\/","logo":{"@type":"ImageObject","inLanguage":"it-IT","@id":"https:\/\/www.hotelportici.it\/it\/#\/schema\/logo\/image\/","url":"https:\/\/www.hotelportici.it\/wp-content\/uploads\/2024\/03\/hotel-portici.png","contentUrl":"https:\/\/www.hotelportici.it\/wp-content\/uploads\/2024\/03\/hotel-portici.png","width":1200,"height":278,"caption":"Hotel Portici"},"image":{"@id":"https:\/\/www.hotelportici.it\/it\/#\/schema\/logo\/image\/"}}]}},"coauthors":[],"author_meta":{"author_link":"https:\/\/www.hotelportici.it\/it\/author\/p0rtic1\/","display_name":"p0rtic1"},"relative_dates":{"created":"Pubblicato 6 anni fa","modified":"Aggiornato 2 mesi fa"},"absolute_dates":{"created":"Pubblicato il 23 Luglio 2020","modified":"Aggiornato il 17 Febbraio 2026"},"absolute_dates_time":{"created":"Pubblicato il 23 Luglio 2020 09:11","modified":"Aggiornato il 17 Febbraio 2026 17:36"},"featured_img_caption":"","featured_img":"https:\/\/www.hotelportici.it\/wp-content\/uploads\/2022\/10\/ICD4491-copia-1200x800.jpg","series_order":"","_links":{"self":[{"href":"https:\/\/www.hotelportici.it\/it\/wp-json\/wp\/v2\/pages\/342","targetHints":{"allow":["GET"]}}],"collection":[{"href":"https:\/\/www.hotelportici.it\/it\/wp-json\/wp\/v2\/pages"}],"about":[{"href":"https:\/\/www.hotelportici.it\/it\/wp-json\/wp\/v2\/types\/page"}],"author":[{"embeddable":true,"href":"https:\/\/www.hotelportici.it\/it\/wp-json\/wp\/v2\/users\/2"}],"replies":[{"embeddable":true,"href":"https:\/\/www.hotelportici.it\/it\/wp-json\/wp\/v2\/comments?post=342"}],"version-history":[{"count":0,"href":"https:\/\/www.hotelportici.it\/it\/wp-json\/wp\/v2\/pages\/342\/revisions"}],"wp:featuredmedia":[{"embeddable":true,"href":"https:\/\/www.hotelportici.it\/it\/wp-json\/wp\/v2\/media\/4635"}],"wp:attachment":[{"href":"https:\/\/www.hotelportici.it\/it\/wp-json\/wp\/v2\/media?parent=342"}],"curies":[{"name":"wp","href":"https:\/\/api.w.org\/{rel}","templated":true}]}}