{"id":9834,"date":"2026-03-06T09:12:11","date_gmt":"2026-03-06T08:12:11","guid":{"rendered":"https:\/\/www.hotelportici.it\/test-form-newsletter\/"},"modified":"2026-03-16T08:50:08","modified_gmt":"2026-03-16T07:50:08","slug":"test-form-newsletter","status":"publish","type":"page","link":"https:\/\/www.hotelportici.it\/de\/test-form-newsletter\/","title":{"rendered":"Test form newsletter"},"content":{"rendered":"\n<div class=\"wpcf7 no-js\" id=\"wpcf7-f5566-o1\" lang=\"it-IT\" dir=\"ltr\" data-wpcf7-id=\"5566\">\n<div class=\"screen-reader-response\"><p role=\"status\" aria-live=\"polite\" aria-atomic=\"true\"><\/p> <ul><\/ul><\/div>\n<form action=\"\/de\/wp-json\/wp\/v2\/pages\/9834#wpcf7-f5566-o1\" method=\"post\" class=\"wpcf7-form init\" aria-label=\"Modulo di contatto\" novalidate=\"novalidate\" data-status=\"init\">\n<fieldset class=\"hidden-fields-container\"><input type=\"hidden\" name=\"_wpcf7\" value=\"5566\" \/><input type=\"hidden\" name=\"_wpcf7_version\" value=\"6.1.5\" \/><input type=\"hidden\" name=\"_wpcf7_locale\" value=\"it_IT\" \/><input type=\"hidden\" name=\"_wpcf7_unit_tag\" value=\"wpcf7-f5566-o1\" \/><input type=\"hidden\" name=\"_wpcf7_container_post\" value=\"0\" \/><input type=\"hidden\" name=\"_wpcf7_posted_data_hash\" value=\"\" \/>\n<\/fieldset>\n<div class=\"container-form-newsletter\">\n\t<p><label class=\"label-email\"><br \/>\n<span class=\"wpcf7-form-control-wrap\" data-name=\"email_1\"><input size=\"40\" maxlength=\"400\" class=\"wpcf7-form-control wpcf7-email wpcf7-validates-as-required wpcf7-text wpcf7-validates-as-email\" aria-required=\"true\" aria-invalid=\"false\" value=\"\" type=\"email\" name=\"email_1\" \/><\/span> <\/label><br \/>\n<span class=\"wpcf7-form-control-wrap\" data-name=\"gdpr_marketing\"><span class=\"wpcf7-form-control wpcf7-acceptance\"><span class=\"wpcf7-list-item\"><label><input type=\"checkbox\" name=\"gdpr_marketing\" value=\"1\" aria-invalid=\"false\" \/><span class=\"wpcf7-list-item-label\">* Ich erm\u00e4chtige zur Verarbeitung meiner personenbezogenen Daten gem\u00e4\u00df dem italienischen Gesetzesdekret 196\/03 und der EU-Verordnung 2016\/679. <a href=\"\/de\/privacy-policy\/\" target=\"_blank\">Datenschutzerkl\u00e4rung<\/a><\/span><\/label><\/span><\/span><\/span><br \/>\n\t<input class=\"wpcf7-form-control wpcf7-hidden\" value=\"DE\" type=\"hidden\" name=\"preferred_language\" \/><br \/>\n\t<input class=\"wpcf7-form-control wpcf7-hidden\" value=\"Newsletter Portici\" type=\"hidden\" name=\"tag1\" \/><br \/>\n<input class=\"wpcf7-form-control wpcf7-submit has-spinner\" type=\"submit\" value=\"Senden\" \/>\n\t<\/p>\n<\/div><input type='hidden' class='wpcf7-pum' value='{\"closepopup\":false,\"closedelay\":0,\"openpopup\":false,\"openpopup_id\":0}' \/><div class=\"wpcf7-response-output\" aria-hidden=\"true\"><\/div>\n<\/form>\n<\/div>\n\n","protected":false},"excerpt":{"rendered":"","protected":false},"author":8,"featured_media":0,"parent":0,"menu_order":0,"comment_status":"closed","ping_status":"closed","template":"","meta":{"_acf_changed":false,"advgb_blocks_editor_width":"","advgb_blocks_columns_visual_guide":"","footnotes":""},"class_list":["post-9834","page","type-page","status-publish","hentry"],"acf":[],"yoast_head":"<!-- This site is optimized with the Yoast SEO plugin v27.4 - https:\/\/yoast.com\/product\/yoast-seo-wordpress\/ -->\n<title>Test form newsletter - Hotel Portici<\/title>\n<meta name=\"robots\" content=\"index, follow, max-snippet:-1, max-image-preview:large, max-video-preview:-1\" \/>\n<link rel=\"canonical\" href=\"https:\/\/www.hotelportici.it\/de\/test-form-newsletter\/\" \/>\n<meta property=\"og:locale\" content=\"de_DE\" \/>\n<meta property=\"og:type\" content=\"article\" \/>\n<meta property=\"og:title\" content=\"Test form newsletter - Hotel Portici\" \/>\n<meta property=\"og:url\" content=\"https:\/\/www.hotelportici.it\/de\/test-form-newsletter\/\" \/>\n<meta property=\"og:site_name\" content=\"Hotel Portici\" \/>\n<meta property=\"article:modified_time\" content=\"2026-03-16T07:50:08+00:00\" \/>\n<meta name=\"twitter:card\" content=\"summary_large_image\" \/>\n<meta name=\"twitter:label1\" content=\"Gesch\u00e4tzte Lesezeit\" \/>\n\t<meta name=\"twitter:data1\" content=\"1\u00a0Minute\" \/>\n<script type=\"application\/ld+json\" class=\"yoast-schema-graph\">{\"@context\":\"https:\\\/\\\/schema.org\",\"@graph\":[{\"@type\":\"WebPage\",\"@id\":\"https:\\\/\\\/www.hotelportici.it\\\/de\\\/test-form-newsletter\\\/\",\"url\":\"https:\\\/\\\/www.hotelportici.it\\\/de\\\/test-form-newsletter\\\/\",\"name\":\"Test form newsletter - Hotel Portici\",\"isPartOf\":{\"@id\":\"https:\\\/\\\/www.hotelportici.it\\\/it\\\/#website\"},\"datePublished\":\"2026-03-06T08:12:11+00:00\",\"dateModified\":\"2026-03-16T07:50:08+00:00\",\"breadcrumb\":{\"@id\":\"https:\\\/\\\/www.hotelportici.it\\\/de\\\/test-form-newsletter\\\/#breadcrumb\"},\"inLanguage\":\"de\",\"potentialAction\":[{\"@type\":\"ReadAction\",\"target\":[\"https:\\\/\\\/www.hotelportici.it\\\/de\\\/test-form-newsletter\\\/\"]}]},{\"@type\":\"BreadcrumbList\",\"@id\":\"https:\\\/\\\/www.hotelportici.it\\\/de\\\/test-form-newsletter\\\/#breadcrumb\",\"itemListElement\":[{\"@type\":\"ListItem\",\"position\":1,\"name\":\"Home\",\"item\":\"https:\\\/\\\/www.hotelportici.it\\\/de\\\/\"},{\"@type\":\"ListItem\",\"position\":2,\"name\":\"Test form newsletter\"}]},{\"@type\":\"WebSite\",\"@id\":\"https:\\\/\\\/www.hotelportici.it\\\/it\\\/#website\",\"url\":\"https:\\\/\\\/www.hotelportici.it\\\/it\\\/\",\"name\":\"Hotel Portici\",\"description\":\"Romantik &amp; Wellness | Riva del Garda\",\"publisher\":{\"@id\":\"https:\\\/\\\/www.hotelportici.it\\\/it\\\/#organization\"},\"potentialAction\":[{\"@type\":\"SearchAction\",\"target\":{\"@type\":\"EntryPoint\",\"urlTemplate\":\"https:\\\/\\\/www.hotelportici.it\\\/it\\\/?s={search_term_string}\"},\"query-input\":{\"@type\":\"PropertyValueSpecification\",\"valueRequired\":true,\"valueName\":\"search_term_string\"}}],\"inLanguage\":\"de\"},{\"@type\":\"Organization\",\"@id\":\"https:\\\/\\\/www.hotelportici.it\\\/it\\\/#organization\",\"name\":\"Hotel Portici\",\"url\":\"https:\\\/\\\/www.hotelportici.it\\\/it\\\/\",\"logo\":{\"@type\":\"ImageObject\",\"inLanguage\":\"de\",\"@id\":\"https:\\\/\\\/www.hotelportici.it\\\/it\\\/#\\\/schema\\\/logo\\\/image\\\/\",\"url\":\"https:\\\/\\\/www.hotelportici.it\\\/wp-content\\\/uploads\\\/2024\\\/03\\\/hotel-portici.png\",\"contentUrl\":\"https:\\\/\\\/www.hotelportici.it\\\/wp-content\\\/uploads\\\/2024\\\/03\\\/hotel-portici.png\",\"width\":1200,\"height\":278,\"caption\":\"Hotel Portici\"},\"image\":{\"@id\":\"https:\\\/\\\/www.hotelportici.it\\\/it\\\/#\\\/schema\\\/logo\\\/image\\\/\"}}]}<\/script>\n<!-- \/ Yoast SEO plugin. -->","yoast_head_json":{"title":"Test form newsletter - Hotel Portici","robots":{"index":"index","follow":"follow","max-snippet":"max-snippet:-1","max-image-preview":"max-image-preview:large","max-video-preview":"max-video-preview:-1"},"canonical":"https:\/\/www.hotelportici.it\/de\/test-form-newsletter\/","og_locale":"de_DE","og_type":"article","og_title":"Test form newsletter - Hotel Portici","og_url":"https:\/\/www.hotelportici.it\/de\/test-form-newsletter\/","og_site_name":"Hotel Portici","article_modified_time":"2026-03-16T07:50:08+00:00","twitter_card":"summary_large_image","twitter_misc":{"Gesch\u00e4tzte Lesezeit":"1\u00a0Minute"},"schema":{"@context":"https:\/\/schema.org","@graph":[{"@type":"WebPage","@id":"https:\/\/www.hotelportici.it\/de\/test-form-newsletter\/","url":"https:\/\/www.hotelportici.it\/de\/test-form-newsletter\/","name":"Test form newsletter - Hotel Portici","isPartOf":{"@id":"https:\/\/www.hotelportici.it\/it\/#website"},"datePublished":"2026-03-06T08:12:11+00:00","dateModified":"2026-03-16T07:50:08+00:00","breadcrumb":{"@id":"https:\/\/www.hotelportici.it\/de\/test-form-newsletter\/#breadcrumb"},"inLanguage":"de","potentialAction":[{"@type":"ReadAction","target":["https:\/\/www.hotelportici.it\/de\/test-form-newsletter\/"]}]},{"@type":"BreadcrumbList","@id":"https:\/\/www.hotelportici.it\/de\/test-form-newsletter\/#breadcrumb","itemListElement":[{"@type":"ListItem","position":1,"name":"Home","item":"https:\/\/www.hotelportici.it\/de\/"},{"@type":"ListItem","position":2,"name":"Test form newsletter"}]},{"@type":"WebSite","@id":"https:\/\/www.hotelportici.it\/it\/#website","url":"https:\/\/www.hotelportici.it\/it\/","name":"Hotel Portici","description":"Romantik &amp; Wellness | Riva del Garda","publisher":{"@id":"https:\/\/www.hotelportici.it\/it\/#organization"},"potentialAction":[{"@type":"SearchAction","target":{"@type":"EntryPoint","urlTemplate":"https:\/\/www.hotelportici.it\/it\/?s={search_term_string}"},"query-input":{"@type":"PropertyValueSpecification","valueRequired":true,"valueName":"search_term_string"}}],"inLanguage":"de"},{"@type":"Organization","@id":"https:\/\/www.hotelportici.it\/it\/#organization","name":"Hotel Portici","url":"https:\/\/www.hotelportici.it\/it\/","logo":{"@type":"ImageObject","inLanguage":"de","@id":"https:\/\/www.hotelportici.it\/it\/#\/schema\/logo\/image\/","url":"https:\/\/www.hotelportici.it\/wp-content\/uploads\/2024\/03\/hotel-portici.png","contentUrl":"https:\/\/www.hotelportici.it\/wp-content\/uploads\/2024\/03\/hotel-portici.png","width":1200,"height":278,"caption":"Hotel Portici"},"image":{"@id":"https:\/\/www.hotelportici.it\/it\/#\/schema\/logo\/image\/"}}]}},"coauthors":[],"author_meta":{"author_link":"https:\/\/www.hotelportici.it\/de\/author\/marcop-gkcmaiclop\/","display_name":"Marco Perinel"},"relative_dates":{"created":"Posted 2\u00a0Monaten ago","modified":"Updated 1\u00a0Monat ago"},"absolute_dates":{"created":"Posted on 6. M\u00e4rz 2026","modified":"Updated on 16. M\u00e4rz 2026"},"absolute_dates_time":{"created":"Posted on 6. M\u00e4rz 2026 9:12","modified":"Updated on 16. M\u00e4rz 2026 8:50"},"featured_img_caption":"","featured_img":false,"series_order":"","_links":{"self":[{"href":"https:\/\/www.hotelportici.it\/de\/wp-json\/wp\/v2\/pages\/9834","targetHints":{"allow":["GET"]}}],"collection":[{"href":"https:\/\/www.hotelportici.it\/de\/wp-json\/wp\/v2\/pages"}],"about":[{"href":"https:\/\/www.hotelportici.it\/de\/wp-json\/wp\/v2\/types\/page"}],"author":[{"embeddable":true,"href":"https:\/\/www.hotelportici.it\/de\/wp-json\/wp\/v2\/users\/8"}],"replies":[{"embeddable":true,"href":"https:\/\/www.hotelportici.it\/de\/wp-json\/wp\/v2\/comments?post=9834"}],"version-history":[{"count":0,"href":"https:\/\/www.hotelportici.it\/de\/wp-json\/wp\/v2\/pages\/9834\/revisions"}],"wp:attachment":[{"href":"https:\/\/www.hotelportici.it\/de\/wp-json\/wp\/v2\/media?parent=9834"}],"curies":[{"name":"wp","href":"https:\/\/api.w.org\/{rel}","templated":true}]}}