{"id":7846,"date":"2025-03-14T09:42:33","date_gmt":"2025-03-14T08:42:33","guid":{"rendered":"https:\/\/www.hotelportici.it\/?page_id=7846"},"modified":"2026-02-17T17:34:54","modified_gmt":"2026-02-17T16:34:54","slug":"besafe-ihr-aufenthalt-ist-abgesichert","status":"publish","type":"page","link":"https:\/\/www.hotelportici.it\/de\/besafe-ihr-aufenthalt-ist-abgesichert\/","title":{"rendered":"BeSafe &#8211; Ihr Aufenthalt ist abgesichert"},"content":{"rendered":"<div  class=\"grids-section besafe-content grids-is-advanced alignwide\" style=\"--_gs-gap-desktop:0px 0px;--_gs-m-desktop:0 0 0 0;--_gs-p-desktop:0 0 0 0;--_gs-bg-desktop:transparent none;--_gs-bg-xp-desktop:0px;--_gs-zi-desktop:auto;--_gs-d-desktop:block;--_gs-mw-desktop:calc(100% - 0 - 0);--_gs-gap-tablet:0px 0px;--_gs-m-tablet:0 0 0 0;--_gs-p-tablet:0 0 0 0;--_gs-bg-tablet:transparent none;--_gs-bg-xp-tablet:0px;--_gs-zi-tablet:auto;--_gs-d-tablet:block;--_gs-mw-tablet:calc(100% - 0 - 0);--_gs-gap-mobile:0px 0px;--_gs-m-mobile:0 0 0 0;--_gs-p-mobile:0 0 0 0;--_gs-bg-mobile:transparent none;--_gs-bg-xp-mobile:0px;--_gs-zi-mobile:auto;--_gs-d-mobile:block;--_gs-mw-mobile:calc(100% - 0 - 0);--_gs-columns:12;--_gs-rows:6\"><div class=\"grids-s-w_i\">\n<div class=\"grids-area\" style=\"--_ga-column:1\/13;--_ga-row:1\/2;--_ga-m-desktop:0 0 0 0;--_ga-p-desktop:0 60px 0 0;--_ga-bg-desktop:transparent none;--_ga-zi-desktop:auto;--_ga-d-desktop:flex;--_ga-mw-desktop:calc(100% - 0 - 0);--_ga-m-tablet:0 0 0 0;--_ga-p-tablet:0 40px 0 0;--_ga-bg-tablet:transparent none;--_ga-zi-tablet:auto;--_ga-d-tablet:flex;--_ga-mw-tablet:calc(100% - 0 - 0);--_ga-m-mobile:0 0 0 0;--_ga-p-mobile:0 40px 0 0;--_ga-bg-mobile:transparent none;--_ga-zi-mobile:auto;--_ga-d-mobile:flex;--_ga-mw-mobile:calc(100% - 0 - 0)\">\n\n<div style=\"height:100px\" aria-hidden=\"true\" class=\"wp-block-spacer\"><\/div>\n\n\n<div class=\"wp-block-image\">\n<figure class=\"aligncenter size-medium is-resized\"><img decoding=\"async\" width=\"300\" height=\"280\" src=\"https:\/\/www.hotelportici.it\/wp-content\/uploads\/2025\/02\/BeSafe_Rate-300x280.png\" alt=\"BeSafe_Rate\" class=\"wp-image-7667\" style=\"width:200px\" srcset=\"https:\/\/www.hotelportici.it\/wp-content\/uploads\/2025\/02\/BeSafe_Rate-300x280.png 300w, https:\/\/www.hotelportici.it\/wp-content\/uploads\/2025\/02\/BeSafe_Rate-1024x956.png 1024w, https:\/\/www.hotelportici.it\/wp-content\/uploads\/2025\/02\/BeSafe_Rate-768x717.png 768w, https:\/\/www.hotelportici.it\/wp-content\/uploads\/2025\/02\/BeSafe_Rate-1536x1435.png 1536w, https:\/\/www.hotelportici.it\/wp-content\/uploads\/2025\/02\/BeSafe_Rate-1200x1121.png 1200w, https:\/\/www.hotelportici.it\/wp-content\/uploads\/2025\/02\/BeSafe_Rate-1980x1849.png 1980w, https:\/\/www.hotelportici.it\/wp-content\/uploads\/2025\/02\/BeSafe_Rate.png 2000w\" sizes=\"(max-width: 300px) 100vw, 300px\" \/><\/figure><\/div>\n\n\n<div class=\"wp-block-group has-background\" style=\"background:linear-gradient(135deg,rgba(255,255,255,0.59) 0%,rgba(255,255,255,0.59) 100%)\"><div class=\"wp-block-group__inner-container is-layout-constrained wp-block-group-is-layout-constrained\">\n<h1 class=\"wp-block-heading has-text-align-center\"><strong>BeSafe &#8211; <strong>Ihr Aufenthalt ist abgesichert<\/strong><\/strong><\/h1>\n\n\n\n<p class=\"has-text-align-center\"><strong><strong><strong>W\u00e4hlen Sie den Tarif BeSafe und wir schenken Ihnen die Versicherung!<\/strong><\/strong><\/strong><\/p>\n\n\n\n<p class=\"has-text-align-center\">Mit dem Tarif BeSafe m\u00fcssen Sie keine Angst vor m\u00f6glichen unvorhergesehenen Ereignissen in letzter Minute haben. Ihr Urlaub ist automatisch abgesichert und Sie und Ihre Liebsten sind es auch.<\/p>\n\n\n\n<p class=\"has-text-align-center\">Wenn Sie BeSafe w\u00e4hlen, k\u00f6nnen Sie eine Unterst\u00fctzung in Anspruch nehmen, die Sie Schritt f\u00fcr Schritt begleitet, um Ihnen dabei zu helfen, eventuelle Probleme, denen Sie sich gegen\u00fcbersehen, zu l\u00f6sen.<\/p>\n<\/div><\/div>\n\n\n\n<div style=\"height:50px\" aria-hidden=\"true\" class=\"wp-block-spacer\"><\/div>\n\n\n\n<h2 class=\"wp-block-heading has-text-align-center has-text-color has-background has-link-color wp-elements-de68529b9c97d2b880faa9705f5a5cb5\" style=\"color:#ff7801;background:linear-gradient(135deg,rgba(51,51,51,0.59) 0%,rgba(51,51,51,0.59) 100%);font-size:48px\"><strong><strong><strong>Was beinhaltet der Tarif BeSafe<\/strong><\/strong><\/strong><\/h2>\n\n\n\n<div class=\"wp-block-group is-layout-grid wp-container-core-group-is-layout-6be84c55 wp-block-group-is-layout-grid\">\n<div class=\"wp-block-group has-background-background-color has-background\"><div class=\"wp-block-group__inner-container is-layout-constrained wp-block-group-is-layout-constrained\">\n<p class=\"has-text-align-center\" style=\"font-size:35px; color:#ff7801\r\n\"><i class=\"fas fa-shield-alt\" title=\"Rimborso in caso di annullamento\"><\/i><\/p>\n\n\n\n<p class=\"has-text-align-center\"><strong><strong><strong>R\u00dcCKERSTATTUNG<\/strong><\/strong><\/strong><\/p>\n\n\n\n<p class=\"has-text-align-center\">Bis zu 100 % des Aufenthalts im Falle einer Stornierung wegen unvorhergesehener Ereignisse.<\/p>\n<\/div><\/div>\n\n\n\n<div class=\"wp-block-group has-background-background-color has-background\"><div class=\"wp-block-group__inner-container is-layout-constrained wp-block-group-is-layout-constrained\">\n<p class=\"has-text-align-center\" style=\"font-size:35px; color:#ff7801\r\n\"><i class=\"fas fa-briefcase-medical\" title=\"Spese mediche in caso di infortuni o malattia\"><\/i><\/p>\n\n\n\n<p class=\"has-text-align-center\"><strong><strong>MEDIZINISCHE VERSORGUNG<\/strong><\/strong><\/p>\n\n\n\n<p class=\"has-text-align-center\">Arzt- und Arzneimittelkosten bei Unf\u00e4llen oder Krankheit<\/p>\n<\/div><\/div>\n\n\n\n<div class=\"wp-block-group has-background-background-color has-background\"><div class=\"wp-block-group__inner-container is-layout-constrained wp-block-group-is-layout-constrained\">\n<p class=\"has-text-align-center\" style=\"font-size:35px; color:#ff7801\r\n\"><i class=\"fas fa-user-shield\" title=\"Rimborso per furto o mancata consegna del bagaglio\"><\/i><\/p>\n\n\n\n<p class=\"has-text-align-center\"><strong>GARANTIE<\/strong><\/p>\n\n\n\n<p class=\"has-text-align-center\">R\u00fcckerstattung wegen Diebstahl oder mangelnder Lieferung des Gep\u00e4cks<\/p>\n<\/div><\/div>\n\n\n\n<div class=\"wp-block-group has-background-background-color has-background\"><div class=\"wp-block-group__inner-container is-layout-constrained wp-block-group-is-layout-constrained\">\n<p class=\"has-text-align-center\" style=\"font-size:35px; color:#ff7801\r\n\"><i class=\"fas fa-virus\" title=\"Pandemia e isolamento fiduciario inclusi nelle coperture\"><\/i><\/p>\n\n\n\n<p class=\"has-text-align-center\"><strong><strong>KRANKHEIT<\/strong><\/strong><\/p>\n\n\n\n<p class=\"has-text-align-center\">Pandemie und Quarant\u00e4ne im Versicherungsschutz inkludiert<\/p>\n<\/div><\/div>\n\n\n\n<div class=\"wp-block-group has-background-background-color has-background\"><div class=\"wp-block-group__inner-container is-layout-constrained wp-block-group-is-layout-constrained\">\n<p class=\"has-text-align-center\" style=\"font-size:35px; color:#ff7801\r\n\"><i class=\"fas fa-hotel\" title=\"Spese di alloggio in caso di permanenza forzata\"><\/i><\/p>\n\n\n\n<p class=\"has-text-align-center\"><strong><strong>UNTERKUNFT<\/strong><\/strong><\/p>\n\n\n\n<p class=\"has-text-align-center\">\u00dcbernachtungskosten bei unfreiwilligem Aufenthalt<\/p>\n<\/div><\/div>\n\n\n\n<div class=\"wp-block-group has-background-background-color has-background\"><div class=\"wp-block-group__inner-container is-layout-constrained wp-block-group-is-layout-constrained\">\n<p class=\"has-text-align-center\" style=\"font-size:35px; color:#ff7801\r\n\"><i class=\"fas fa-car\" title=\"Assistenza stradale sul posto 24h su 24\"><\/i><\/p>\n\n\n\n<p class=\"has-text-align-center\"><strong><strong>PANNENHILFE<\/strong><\/strong><\/p>\n\n\n\n<p class=\"has-text-align-center\">Pannenhilfe vor Ort rund um die Uhr vor und w\u00e4hrend der Reise<\/p>\n<\/div><\/div>\n\n\n\n<div class=\"wp-block-group has-background-color has-text-color has-background has-link-color wp-elements-c1439fce4d933973ba1a993e5f5e39d4\" style=\"background-color:#ff7801\"><div class=\"wp-block-group__inner-container is-layout-constrained wp-block-group-is-layout-constrained\">\n<p class=\"has-text-align-center\" style=\"font-size:35px; color:#fff\r\n\"><i class=\"fas fa-tag\" title=\"Miglior prezzo garantito\"><\/i><\/p>\n\n\n\n<p class=\"has-text-align-center\"><strong><strong>BESTER PREIS<\/strong><\/strong><\/p>\n\n\n\n<p class=\"has-text-align-center\">Wir bieten eine Bestpreisgarantie. Wenn Sie woanders einen niedrigeren Tarif entdecken, gleichen wir unseren Tarif sofort an! So sparen Sie nicht nur, sondern k\u00f6nnen auch Ihren Urlaub in absoluter Ruhe genie\u00dfen.<\/p>\n<\/div><\/div>\n\n\n\n<div class=\"wp-block-group\"><div class=\"wp-block-group__inner-container is-layout-constrained wp-block-group-is-layout-constrained\"><\/div><\/div>\n\n\n\n<div class=\"wp-block-group has-background-color has-text-color has-background has-link-color wp-elements-62e61fca30af2a421e14cab235e0fd0c\" style=\"background-color:#ff7801\"><div class=\"wp-block-group__inner-container is-layout-constrained wp-block-group-is-layout-constrained\">\n<p class=\"has-text-align-center\" style=\"font-size:35px; color:#fff\r\n\"><i class=\"fas fa-credit-card\" title=\"Pagamento istantaneo senza stress\"><\/i><\/p>\n\n\n\n<p class=\"has-text-align-center\"><strong><strong>SOFORTIGE ZAHLUNG<\/strong><\/strong><\/p>\n\n\n\n<p class=\"has-text-align-center\">T\u00e4tigen Sie die Zahlung sofort und Sie m\u00fcssen sich um nichts mehr k\u00fcmmern! Seien Sie unbesorgt \u2013 Ihre Buchung ist garantiert, mit der sofortigen Zahlung k\u00f6nnen Sie Stress in letzter Minute vermeiden. Buchen Sie in wenigen Klicks und entspannen Sie!<\/p>\n<\/div><\/div>\n<\/div>\n\n\n\n<p class=\"has-text-align-center has-background\" style=\"background:linear-gradient(135deg,rgba(255,255,255,0.59) 0%,rgba(255,255,255,0.59) 100%);font-size:18px\"><strong><strong>Lesen Sie vor der Buchung die\u00a0<\/strong><a href=\"https:\/\/www.besaferate.com\/copertureassicurative\/\" target=\"_blank\" rel=\"noreferrer noopener\"><a href=\"https:\/\/www.besaferate.com\/copertureassicurative\/\" target=\"_blank\" rel=\"noreferrer noopener\"><strong>Versicherungsbrosch\u00fcre<\/strong><\/a> <\/a> und die <a href=\"https:\/\/www.hotelportici.it\/wp-content\/uploads\/2025\/02\/BeSafe_Rate_Terms.pdf\" target=\"_blank\" rel=\"noreferrer noopener\"><a href=\"https:\/\/www.hotelportici.it\/wp-content\/uploads\/2025\/02\/BeSafe_Rate_Terms.pdf\" target=\"_blank\" rel=\"noreferrer noopener\"><strong>allgemeinen Gesch\u00e4ftsbedingungen<\/strong><\/a><\/a><\/strong><\/p>\n\n\n\n<div class=\"wp-block-buttons is-content-justification-center is-layout-flex wp-container-core-buttons-is-layout-16018d1d wp-block-buttons-is-layout-flex\">\n<div class=\"wp-block-button\"><a class=\"wp-block-button__link has-background-color has-text-color has-background has-link-color wp-element-button\" href=\"https:\/\/simplebooking.hotelportici.it\/ibe2\/hotel\/5385?lang=DE&amp;cur=EUR\" style=\"border-radius:8px;background-color:#ff7801\" target=\"_blank\" rel=\"noreferrer noopener\">Verf\u00fcgbarkeit pr\u00fcfen<\/a><\/div>\n<\/div>\n\n\n\n<div style=\"height:100px\" aria-hidden=\"true\" class=\"wp-block-spacer\"><\/div>\n\n<\/div>\n<\/div><\/div>\n\n\n<div class=\"conver-widget-v2\"\n     data-instance=\"conver-v2-1\">\n\n  <div class=\"chat-container\" id=\"chat-section\">\n\n    <div class=\"chat-header\">\n      <div class=\"chat-header-logo\">\n        <img decoding=\"async\"\n          src=\"https:\/\/www.hotelportici.it\/wp-content\/themes\/jampaa\/template-parts\/ricerca-conversazionale-v2\/assets\/img\/logo-ricerca-conv.png\"\n          alt=\"\"\n        >\n        <span>Hallo<\/span>\n      <\/div>\n\n      <h2>Womit fangen wir an?<\/h2>\n    <\/div>\n\n    <!-- Chat -->\n    <div class=\"chat-box\"><\/div>\n\n    <!-- Loading -->\n    <div class=\"loading-conver hidden\" aria-hidden=\"true\">\n      <div class=\"dot\"><\/div><div class=\"dot\"><\/div><div class=\"dot\"><\/div>\n    <\/div>\n\n    <!-- Input -->\n    <div class=\"input-area-conver-wrapper\">\n      <div class=\"input-area-conver\">\n        <textarea\n          class=\"user-input-conver\"\n          placeholder=\"Stelle eine Frage...\"\n          rows=\"1\"\n        ><\/textarea>\n\n        <div class=\"box-btn-conver\">\n          <a class=\"send-btn-conver\" href=\"#\" role=\"button\" aria-label=\"AI Search\">\n            <i class=\"fa-light fa-magnifying-glass icon-search\" aria-hidden=\"true\"><\/i>\n            <i class=\"fa-regular fa-arrow-up icon-send hidden\" aria-hidden=\"true\"><\/i>\n            <span class=\"ai-search-text\">AI Search<\/span>\n          <\/a>\n\n          <i class=\"fa-light fa-close icon-erase hidden\" aria-hidden=\"true\"><\/i>\n        <\/div>\n      <\/div>\n    <\/div>\n    <span class=\"show-quick-questions hidden\">Zeige schnelle Fragen<\/span>\n\n    <!-- Domande rapide -->\n    <div class=\"entry-chats-wrapper\">\n      <button type=\"button\" class=\"entry-chat\" data-prompt=\"Ein Zimmer f\u00fcr zwei Personen buchen\">\n        Ein Zimmer f\u00fcr zwei Personen buchen      <\/button>\n\n      <button type=\"button\" class=\"entry-chat\" data-prompt=\"Sonderangebote entdecken\">\n        Sonderangebote entdecken      <\/button>\n\n      <button type=\"button\" class=\"entry-chat\" data-prompt=\"Zimmer entdecken\">\n        Zimmer entdecken      <\/button>\n\n      <button type=\"button\" class=\"entry-chat\" data-prompt=\"Entdecke das Wellnesscenter Ninfea\">\n        Entdecke das Wellnesscenter Ninfea      <\/button>\n    <\/div>\n\n  <\/div>\n<\/div>\n","protected":false},"excerpt":{"rendered":"","protected":false},"author":5,"featured_media":0,"parent":0,"menu_order":0,"comment_status":"closed","ping_status":"closed","template":"page-no-featured-image.php","meta":{"_acf_changed":false,"advgb_blocks_editor_width":"","advgb_blocks_columns_visual_guide":"","footnotes":""},"class_list":["post-7846","page","type-page","status-publish","hentry"],"acf":[],"yoast_head":"<!-- This site is optimized with the Yoast SEO plugin v26.0 - https:\/\/yoast.com\/wordpress\/plugins\/seo\/ -->\n<title>BeSafe - Ihr Aufenthalt ist abgesichert - Hotel Portici<\/title>\n<meta name=\"robots\" content=\"index, follow, max-snippet:-1, max-image-preview:large, max-video-preview:-1\" \/>\n<link rel=\"canonical\" href=\"https:\/\/www.hotelportici.it\/de\/besafe-ihr-aufenthalt-ist-abgesichert\/\" \/>\n<meta property=\"og:locale\" content=\"de_DE\" \/>\n<meta property=\"og:type\" content=\"article\" \/>\n<meta property=\"og:title\" content=\"BeSafe - Ihr Aufenthalt ist abgesichert - Hotel Portici\" \/>\n<meta property=\"og:url\" content=\"https:\/\/www.hotelportici.it\/de\/besafe-ihr-aufenthalt-ist-abgesichert\/\" \/>\n<meta property=\"og:site_name\" content=\"Hotel Portici\" \/>\n<meta property=\"article:modified_time\" content=\"2026-02-17T16:34:54+00:00\" \/>\n<meta property=\"og:image\" content=\"https:\/\/www.hotelportici.it\/wp-content\/uploads\/2025\/02\/BeSafe_Rate.png\" \/>\n\t<meta property=\"og:image:width\" content=\"2000\" \/>\n\t<meta property=\"og:image:height\" content=\"1868\" \/>\n\t<meta property=\"og:image:type\" content=\"image\/png\" \/>\n<meta name=\"twitter:card\" content=\"summary_large_image\" \/>\n<meta name=\"twitter:label1\" content=\"Gesch\u00e4tzte Lesezeit\" \/>\n\t<meta name=\"twitter:data1\" content=\"2\u00a0Minuten\" \/>\n<script type=\"application\/ld+json\" class=\"yoast-schema-graph\">{\"@context\":\"https:\/\/schema.org\",\"@graph\":[{\"@type\":\"WebPage\",\"@id\":\"https:\/\/www.hotelportici.it\/de\/besafe-ihr-aufenthalt-ist-abgesichert\/\",\"url\":\"https:\/\/www.hotelportici.it\/de\/besafe-ihr-aufenthalt-ist-abgesichert\/\",\"name\":\"BeSafe - Ihr Aufenthalt ist abgesichert - Hotel Portici\",\"isPartOf\":{\"@id\":\"https:\/\/www.hotelportici.it\/it\/#website\"},\"primaryImageOfPage\":{\"@id\":\"https:\/\/www.hotelportici.it\/de\/besafe-ihr-aufenthalt-ist-abgesichert\/#primaryimage\"},\"image\":{\"@id\":\"https:\/\/www.hotelportici.it\/de\/besafe-ihr-aufenthalt-ist-abgesichert\/#primaryimage\"},\"thumbnailUrl\":\"https:\/\/www.hotelportici.it\/wp-content\/uploads\/2025\/02\/BeSafe_Rate-300x280.png\",\"datePublished\":\"2025-03-14T08:42:33+00:00\",\"dateModified\":\"2026-02-17T16:34:54+00:00\",\"breadcrumb\":{\"@id\":\"https:\/\/www.hotelportici.it\/de\/besafe-ihr-aufenthalt-ist-abgesichert\/#breadcrumb\"},\"inLanguage\":\"de\",\"potentialAction\":[{\"@type\":\"ReadAction\",\"target\":[\"https:\/\/www.hotelportici.it\/de\/besafe-ihr-aufenthalt-ist-abgesichert\/\"]}]},{\"@type\":\"ImageObject\",\"inLanguage\":\"de\",\"@id\":\"https:\/\/www.hotelportici.it\/de\/besafe-ihr-aufenthalt-ist-abgesichert\/#primaryimage\",\"url\":\"https:\/\/www.hotelportici.it\/wp-content\/uploads\/2025\/02\/BeSafe_Rate-300x280.png\",\"contentUrl\":\"https:\/\/www.hotelportici.it\/wp-content\/uploads\/2025\/02\/BeSafe_Rate-300x280.png\"},{\"@type\":\"BreadcrumbList\",\"@id\":\"https:\/\/www.hotelportici.it\/de\/besafe-ihr-aufenthalt-ist-abgesichert\/#breadcrumb\",\"itemListElement\":[{\"@type\":\"ListItem\",\"position\":1,\"name\":\"Home\",\"item\":\"https:\/\/www.hotelportici.it\/de\/\"},{\"@type\":\"ListItem\",\"position\":2,\"name\":\"BeSafe &#8211; Ihr Aufenthalt ist abgesichert\"}]},{\"@type\":\"WebSite\",\"@id\":\"https:\/\/www.hotelportici.it\/it\/#website\",\"url\":\"https:\/\/www.hotelportici.it\/it\/\",\"name\":\"Hotel Portici\",\"description\":\"Romantik &amp; Wellness | Riva del Garda\",\"publisher\":{\"@id\":\"https:\/\/www.hotelportici.it\/it\/#organization\"},\"potentialAction\":[{\"@type\":\"SearchAction\",\"target\":{\"@type\":\"EntryPoint\",\"urlTemplate\":\"https:\/\/www.hotelportici.it\/it\/?s={search_term_string}\"},\"query-input\":{\"@type\":\"PropertyValueSpecification\",\"valueRequired\":true,\"valueName\":\"search_term_string\"}}],\"inLanguage\":\"de\"},{\"@type\":\"Organization\",\"@id\":\"https:\/\/www.hotelportici.it\/it\/#organization\",\"name\":\"Hotel Portici\",\"url\":\"https:\/\/www.hotelportici.it\/it\/\",\"logo\":{\"@type\":\"ImageObject\",\"inLanguage\":\"de\",\"@id\":\"https:\/\/www.hotelportici.it\/it\/#\/schema\/logo\/image\/\",\"url\":\"https:\/\/www.hotelportici.it\/wp-content\/uploads\/2024\/03\/hotel-portici.png\",\"contentUrl\":\"https:\/\/www.hotelportici.it\/wp-content\/uploads\/2024\/03\/hotel-portici.png\",\"width\":1200,\"height\":278,\"caption\":\"Hotel Portici\"},\"image\":{\"@id\":\"https:\/\/www.hotelportici.it\/it\/#\/schema\/logo\/image\/\"}}]}<\/script>\n<!-- \/ Yoast SEO plugin. -->","yoast_head_json":{"title":"BeSafe - Ihr Aufenthalt ist abgesichert - Hotel Portici","robots":{"index":"index","follow":"follow","max-snippet":"max-snippet:-1","max-image-preview":"max-image-preview:large","max-video-preview":"max-video-preview:-1"},"canonical":"https:\/\/www.hotelportici.it\/de\/besafe-ihr-aufenthalt-ist-abgesichert\/","og_locale":"de_DE","og_type":"article","og_title":"BeSafe - Ihr Aufenthalt ist abgesichert - Hotel Portici","og_url":"https:\/\/www.hotelportici.it\/de\/besafe-ihr-aufenthalt-ist-abgesichert\/","og_site_name":"Hotel Portici","article_modified_time":"2026-02-17T16:34:54+00:00","og_image":[{"width":2000,"height":1868,"url":"https:\/\/www.hotelportici.it\/wp-content\/uploads\/2025\/02\/BeSafe_Rate.png","type":"image\/png"}],"twitter_card":"summary_large_image","twitter_misc":{"Gesch\u00e4tzte Lesezeit":"2\u00a0Minuten"},"schema":{"@context":"https:\/\/schema.org","@graph":[{"@type":"WebPage","@id":"https:\/\/www.hotelportici.it\/de\/besafe-ihr-aufenthalt-ist-abgesichert\/","url":"https:\/\/www.hotelportici.it\/de\/besafe-ihr-aufenthalt-ist-abgesichert\/","name":"BeSafe - Ihr Aufenthalt ist abgesichert - Hotel Portici","isPartOf":{"@id":"https:\/\/www.hotelportici.it\/it\/#website"},"primaryImageOfPage":{"@id":"https:\/\/www.hotelportici.it\/de\/besafe-ihr-aufenthalt-ist-abgesichert\/#primaryimage"},"image":{"@id":"https:\/\/www.hotelportici.it\/de\/besafe-ihr-aufenthalt-ist-abgesichert\/#primaryimage"},"thumbnailUrl":"https:\/\/www.hotelportici.it\/wp-content\/uploads\/2025\/02\/BeSafe_Rate-300x280.png","datePublished":"2025-03-14T08:42:33+00:00","dateModified":"2026-02-17T16:34:54+00:00","breadcrumb":{"@id":"https:\/\/www.hotelportici.it\/de\/besafe-ihr-aufenthalt-ist-abgesichert\/#breadcrumb"},"inLanguage":"de","potentialAction":[{"@type":"ReadAction","target":["https:\/\/www.hotelportici.it\/de\/besafe-ihr-aufenthalt-ist-abgesichert\/"]}]},{"@type":"ImageObject","inLanguage":"de","@id":"https:\/\/www.hotelportici.it\/de\/besafe-ihr-aufenthalt-ist-abgesichert\/#primaryimage","url":"https:\/\/www.hotelportici.it\/wp-content\/uploads\/2025\/02\/BeSafe_Rate-300x280.png","contentUrl":"https:\/\/www.hotelportici.it\/wp-content\/uploads\/2025\/02\/BeSafe_Rate-300x280.png"},{"@type":"BreadcrumbList","@id":"https:\/\/www.hotelportici.it\/de\/besafe-ihr-aufenthalt-ist-abgesichert\/#breadcrumb","itemListElement":[{"@type":"ListItem","position":1,"name":"Home","item":"https:\/\/www.hotelportici.it\/de\/"},{"@type":"ListItem","position":2,"name":"BeSafe &#8211; Ihr Aufenthalt ist abgesichert"}]},{"@type":"WebSite","@id":"https:\/\/www.hotelportici.it\/it\/#website","url":"https:\/\/www.hotelportici.it\/it\/","name":"Hotel Portici","description":"Romantik &amp; Wellness | Riva del Garda","publisher":{"@id":"https:\/\/www.hotelportici.it\/it\/#organization"},"potentialAction":[{"@type":"SearchAction","target":{"@type":"EntryPoint","urlTemplate":"https:\/\/www.hotelportici.it\/it\/?s={search_term_string}"},"query-input":{"@type":"PropertyValueSpecification","valueRequired":true,"valueName":"search_term_string"}}],"inLanguage":"de"},{"@type":"Organization","@id":"https:\/\/www.hotelportici.it\/it\/#organization","name":"Hotel Portici","url":"https:\/\/www.hotelportici.it\/it\/","logo":{"@type":"ImageObject","inLanguage":"de","@id":"https:\/\/www.hotelportici.it\/it\/#\/schema\/logo\/image\/","url":"https:\/\/www.hotelportici.it\/wp-content\/uploads\/2024\/03\/hotel-portici.png","contentUrl":"https:\/\/www.hotelportici.it\/wp-content\/uploads\/2024\/03\/hotel-portici.png","width":1200,"height":278,"caption":"Hotel Portici"},"image":{"@id":"https:\/\/www.hotelportici.it\/it\/#\/schema\/logo\/image\/"}}]}},"coauthors":[],"author_meta":{"author_link":"https:\/\/www.hotelportici.it\/de\/author\/hotelportici\/","display_name":"HotelPortici"},"relative_dates":{"created":"Posted 1\u00a0Jahr ago","modified":"Updated 2\u00a0Monaten ago"},"absolute_dates":{"created":"Posted on 14 M\u00e4rz 2025","modified":"Updated on 17 Februar 2026"},"absolute_dates_time":{"created":"Posted on 14 M\u00e4rz 2025 09:42","modified":"Updated on 17 Februar 2026 17:34"},"featured_img_caption":"","featured_img":false,"series_order":"","_links":{"self":[{"href":"https:\/\/www.hotelportici.it\/de\/wp-json\/wp\/v2\/pages\/7846","targetHints":{"allow":["GET"]}}],"collection":[{"href":"https:\/\/www.hotelportici.it\/de\/wp-json\/wp\/v2\/pages"}],"about":[{"href":"https:\/\/www.hotelportici.it\/de\/wp-json\/wp\/v2\/types\/page"}],"author":[{"embeddable":true,"href":"https:\/\/www.hotelportici.it\/de\/wp-json\/wp\/v2\/users\/5"}],"replies":[{"embeddable":true,"href":"https:\/\/www.hotelportici.it\/de\/wp-json\/wp\/v2\/comments?post=7846"}],"version-history":[{"count":0,"href":"https:\/\/www.hotelportici.it\/de\/wp-json\/wp\/v2\/pages\/7846\/revisions"}],"wp:attachment":[{"href":"https:\/\/www.hotelportici.it\/de\/wp-json\/wp\/v2\/media?parent=7846"}],"curies":[{"name":"wp","href":"https:\/\/api.w.org\/{rel}","templated":true}]}}