{"id":6651,"date":"2024-07-18T11:38:49","date_gmt":"2024-07-18T09:38:49","guid":{"rendered":"https:\/\/www.hotelportici.it\/?page_id=6651"},"modified":"2026-01-28T17:22:17","modified_gmt":"2026-01-28T16:22:17","slug":"a-la-carte-experience-hotel-portici-riva-del-garda-halb-pension","status":"publish","type":"page","link":"https:\/\/www.hotelportici.it\/de\/a-la-carte-experience-hotel-portici-riva-del-garda-halb-pension\/","title":{"rendered":"A la carte experience"},"content":{"rendered":"<div  class=\"grids-section grids-is-advanced alignwide\" style=\"--_gs-gap-desktop:0px 0px;--_gs-m-desktop:0px 0 0px 0;--_gs-p-desktop:0 0 0 0;--_gs-bg-desktop:transparent none;--_gs-bg-xp-desktop:0px;--_gs-zi-desktop:1;--_gs-d-desktop:block;--_gs-mw-desktop:calc(100% - 0 - 0);--_gs-gap-tablet:0px 0px;--_gs-m-tablet:0px 0 0px 0;--_gs-p-tablet:0 0 0 0;--_gs-bg-tablet:transparent none;--_gs-bg-xp-tablet:0px;--_gs-zi-tablet:1;--_gs-d-tablet:block;--_gs-mw-tablet:calc(100% - 0 - 0);--_gs-gap-mobile:0px 0px;--_gs-m-mobile:0px 0 0px 0;--_gs-p-mobile:0 0 0 0;--_gs-bg-mobile:#ffffff none;--_gs-bg-xp-mobile:0px;--_gs-zi-mobile:1;--_gs-d-mobile:block;--_gs-mw-mobile:calc(100% - 0 - 0);--_gs-columns:12;--_gs-rows:6\"><div class=\"grids-s-w_i\">\n<div class=\"grids-area\" style=\"--_ga-column:1\/7;--_ga-row:1\/2;--_ga-m-desktop:0 60px 0 0;--_ga-p-desktop:0 20px 0 0;--_ga-bg-desktop:transparent none;--_ga-zi-desktop:auto;--_ga-d-desktop:flex;--_ga-mw-desktop:calc(100% - 0 - 60px);--_ga-m-tablet:0 60px 0 0;--_ga-p-tablet:20px 20px 20px 20px;--_ga-bg-tablet:transparent none;--_ga-zi-tablet:auto;--_ga-d-tablet:flex;--_ga-mw-tablet:calc(100% - 0 - 60px);--_ga-m-mobile:0 60px 0 0;--_ga-p-mobile:20px 20px 20px 20px;--_ga-bg-mobile:transparent none;--_ga-zi-mobile:auto;--_ga-d-mobile:flex;--_ga-mw-mobile:calc(100% - 0 - 60px)\">\n\n<h2 class=\"wp-block-heading\">A&#8216; la carte experience &#8211; Ein exklusives gastronomisches Erlebnis<\/h2>\n\n\n\n<div style=\"height:20px\" aria-hidden=\"true\" class=\"wp-block-spacer\"><\/div>\n\n\n\n<p class=\"fascia_verde_parcheggio has-text-color\" style=\"color:#444444\"><strong>Neuheiten<\/strong><\/p>\n\n\n\n<div style=\"height:20px\" aria-hidden=\"true\" class=\"wp-block-spacer\"><\/div>\n\n\n\n<p class=\"has-text-color\">Genie\u00dfen Sie ein \u00c0-la-carte-Abendessen in der stimmungsvollen Atmosph\u00e4re unseres Outdoor-Restaurants. Unter unserer historischen Veranda bieten wir Ihnen die M\u00f6glichkeit, frei zwischen einer Auswahl an Vorspeisen, ersten G\u00e4ngen, zweiten G\u00e4ngen, Pizzen und Desserts zu w\u00e4hlen, um Ihr perfektes Men\u00fc zu erstellen.<\/p>\n\n\n\n<p>Mit unserem Paket &#8222;A&#8216; LA CARTE EXPERIENCE&#8220; <strong>k\u00f6nnen Sie zwei G\u00e4nge Ihrer Wahl geniessen<\/strong> und die Aromen kombinieren, die Ihnen am besten gefallen.<\/p>\n\n\n\n<p class=\"has-text-color\">Lassen Sie sich von der Magie eines unvergesslichen Abends verzaubern, bei dem gutes Essen mit einer einzigartigen und faszinierenden Umgebung kombiniert wird. Buchen Sie jetzt und g\u00f6nnen Sie sich ein kulinarisches Erlebnis, an das Sie sich noch lange erinnern werden.<\/p>\n\n\n\n<div style=\"height:20px\" aria-hidden=\"true\" class=\"wp-block-spacer\"><\/div>\n\n\n\n<div class=\"wp-block-advgb-button alignnone is-style-squared\"><a class=\"wp-block-advgb-button_link advgbbtn-7f3eaea6-2169-4801-a6d2-1e79d0026e5e\" href=\"https:\/\/www.simplebooking.it\/ibe2\/hotel\/5385?lang=DE&amp;offer=59012&amp;cur=EUR\" target=\"_blank\" rel=\"noopener noreferrer\"><span>buchen Sie<br><a href=\"https:\/\/synonyms.reverso.net\/sinonimi\/de\/buchen%20Sie\" target=\"_blank\" rel=\"noreferrer noopener\"><\/a><a href=\"https:\/\/synonyms.reverso.net\/sinonimi\/de\/Entdecken%20Sie%20das%20Angebot\" target=\"_blank\" rel=\"noreferrer noopener\"><\/a><\/span><\/a><\/div>\n\n<\/div>\n\n<div class=\"grids-area\" style=\"--_ga-column:7\/13;--_ga-row:1\/2;--_ga-va:center;--_ga-m-desktop:0 0 0 0;--_ga-p-desktop:0 0 0 0;--_ga-bg-desktop:transparent none;--_ga-zi-desktop:auto;--_ga-d-desktop:flex;--_ga-mw-desktop:calc(100% - 0 - 0);--_ga-m-tablet:0 0 0 0;--_ga-p-tablet:0 0 0 0;--_ga-bg-tablet:transparent none;--_ga-zi-tablet:auto;--_ga-d-tablet:flex;--_ga-mw-tablet:calc(100% - 0 - 0);--_ga-m-mobile:0 0 0 0;--_ga-p-mobile:0 0 0 0;--_ga-bg-mobile:transparent none;--_ga-zi-mobile:auto;--_ga-d-mobile:flex;--_ga-mw-mobile:calc(100% - 0 - 0)\">\n\n<div style=\"height:20px\" aria-hidden=\"true\" class=\"wp-block-spacer\"><\/div>\n\n\n\n<figure class=\"wp-block-gallery has-nested-images columns-default is-cropped wp-block-gallery-1 is-layout-flex wp-block-gallery-is-layout-flex\">\n<figure class=\"wp-block-image size-large\"><a href=\"https:\/\/www.hotelportici.it\/de\/restaurant-und-pizzeria\/dsc00105-6\/\"><img loading=\"lazy\" decoding=\"async\" width=\"764\" height=\"1024\" data-id=\"4408\" src=\"https:\/\/www.hotelportici.it\/wp-content\/uploads\/2022\/04\/DSC00105-6-764x1024.jpg\" alt=\"\" class=\"wp-image-4408\" srcset=\"https:\/\/www.hotelportici.it\/wp-content\/uploads\/2022\/04\/DSC00105-6-764x1024.jpg 764w, https:\/\/www.hotelportici.it\/wp-content\/uploads\/2022\/04\/DSC00105-6-224x300.jpg 224w, https:\/\/www.hotelportici.it\/wp-content\/uploads\/2022\/04\/DSC00105-6-768x1029.jpg 768w, https:\/\/www.hotelportici.it\/wp-content\/uploads\/2022\/04\/DSC00105-6-1146x1536.jpg 1146w, https:\/\/www.hotelportici.it\/wp-content\/uploads\/2022\/04\/DSC00105-6-1528x2048.jpg 1528w, https:\/\/www.hotelportici.it\/wp-content\/uploads\/2022\/04\/DSC00105-6-1200x1609.jpg 1200w, https:\/\/www.hotelportici.it\/wp-content\/uploads\/2022\/04\/DSC00105-6-1980x2654.jpg 1980w, https:\/\/www.hotelportici.it\/wp-content\/uploads\/2022\/04\/DSC00105-6-scaled.jpg 1910w\" sizes=\"auto, (max-width: 764px) 100vw, 764px\" \/><\/a><\/figure>\n\n\n\n<figure class=\"wp-block-image size-large\"><a href=\"https:\/\/www.hotelportici.it\/it\/ristorante-e-pizzeria\/dsc00081\/\"><img loading=\"lazy\" decoding=\"async\" width=\"801\" height=\"1024\" data-id=\"4273\" src=\"https:\/\/www.hotelportici.it\/wp-content\/uploads\/2022\/04\/DSC00081-801x1024.jpg\" alt=\"\" class=\"wp-image-4273\" srcset=\"https:\/\/www.hotelportici.it\/wp-content\/uploads\/2022\/04\/DSC00081-801x1024.jpg 801w, https:\/\/www.hotelportici.it\/wp-content\/uploads\/2022\/04\/DSC00081-235x300.jpg 235w, https:\/\/www.hotelportici.it\/wp-content\/uploads\/2022\/04\/DSC00081-768x982.jpg 768w, https:\/\/www.hotelportici.it\/wp-content\/uploads\/2022\/04\/DSC00081-1201x1536.jpg 1201w, https:\/\/www.hotelportici.it\/wp-content\/uploads\/2022\/04\/DSC00081-1602x2048.jpg 1602w, https:\/\/www.hotelportici.it\/wp-content\/uploads\/2022\/04\/DSC00081-1200x1534.jpg 1200w, https:\/\/www.hotelportici.it\/wp-content\/uploads\/2022\/04\/DSC00081-1980x2532.jpg 1980w, https:\/\/www.hotelportici.it\/wp-content\/uploads\/2022\/04\/DSC00081-scaled.jpg 2002w\" sizes=\"auto, (max-width: 801px) 100vw, 801px\" \/><\/a><\/figure>\n\n\n\n<figure class=\"wp-block-image size-large\"><a href=\"https:\/\/www.hotelportici.it\/it\/ristorante-e-pizzeria\/dsc00085\/\"><img loading=\"lazy\" decoding=\"async\" width=\"707\" height=\"1024\" data-id=\"4276\" src=\"https:\/\/www.hotelportici.it\/wp-content\/uploads\/2022\/04\/DSC00085-707x1024.jpg\" alt=\"\" class=\"wp-image-4276\" srcset=\"https:\/\/www.hotelportici.it\/wp-content\/uploads\/2022\/04\/DSC00085-707x1024.jpg 707w, https:\/\/www.hotelportici.it\/wp-content\/uploads\/2022\/04\/DSC00085-207x300.jpg 207w, https:\/\/www.hotelportici.it\/wp-content\/uploads\/2022\/04\/DSC00085-768x1112.jpg 768w, https:\/\/www.hotelportici.it\/wp-content\/uploads\/2022\/04\/DSC00085-1061x1536.jpg 1061w, https:\/\/www.hotelportici.it\/wp-content\/uploads\/2022\/04\/DSC00085-1415x2048.jpg 1415w, https:\/\/www.hotelportici.it\/wp-content\/uploads\/2022\/04\/DSC00085-1200x1737.jpg 1200w, https:\/\/www.hotelportici.it\/wp-content\/uploads\/2022\/04\/DSC00085-1980x2866.jpg 1980w, https:\/\/www.hotelportici.it\/wp-content\/uploads\/2022\/04\/DSC00085-scaled.jpg 1769w\" sizes=\"auto, (max-width: 707px) 100vw, 707px\" \/><\/a><\/figure>\n\n\n\n<figure class=\"wp-block-image size-large\"><a href=\"https:\/\/www.hotelportici.it\/it\/ristorante-e-pizzeria\/dsc00089\/\"><img loading=\"lazy\" decoding=\"async\" width=\"788\" height=\"1024\" data-id=\"4279\" src=\"https:\/\/www.hotelportici.it\/wp-content\/uploads\/2022\/04\/DSC00089-788x1024.jpg\" alt=\"\" class=\"wp-image-4279\" srcset=\"https:\/\/www.hotelportici.it\/wp-content\/uploads\/2022\/04\/DSC00089-788x1024.jpg 788w, https:\/\/www.hotelportici.it\/wp-content\/uploads\/2022\/04\/DSC00089-231x300.jpg 231w, https:\/\/www.hotelportici.it\/wp-content\/uploads\/2022\/04\/DSC00089-768x998.jpg 768w, https:\/\/www.hotelportici.it\/wp-content\/uploads\/2022\/04\/DSC00089-1183x1536.jpg 1183w, https:\/\/www.hotelportici.it\/wp-content\/uploads\/2022\/04\/DSC00089-1577x2048.jpg 1577w, https:\/\/www.hotelportici.it\/wp-content\/uploads\/2022\/04\/DSC00089-1200x1559.jpg 1200w, https:\/\/www.hotelportici.it\/wp-content\/uploads\/2022\/04\/DSC00089-1980x2572.jpg 1980w, https:\/\/www.hotelportici.it\/wp-content\/uploads\/2022\/04\/DSC00089-scaled.jpg 1971w\" sizes=\"auto, (max-width: 788px) 100vw, 788px\" \/><\/a><\/figure>\n\n\n\n<figure class=\"wp-block-image size-large\"><a href=\"https:\/\/www.hotelportici.it\/it\/ristorante-e-pizzeria\/dsc00095\/\"><img loading=\"lazy\" decoding=\"async\" width=\"741\" height=\"1024\" data-id=\"4285\" src=\"https:\/\/www.hotelportici.it\/wp-content\/uploads\/2022\/04\/DSC00095-741x1024.jpg\" alt=\"\" class=\"wp-image-4285\" srcset=\"https:\/\/www.hotelportici.it\/wp-content\/uploads\/2022\/04\/DSC00095-741x1024.jpg 741w, https:\/\/www.hotelportici.it\/wp-content\/uploads\/2022\/04\/DSC00095-217x300.jpg 217w, https:\/\/www.hotelportici.it\/wp-content\/uploads\/2022\/04\/DSC00095-768x1061.jpg 768w, https:\/\/www.hotelportici.it\/wp-content\/uploads\/2022\/04\/DSC00095-1112x1536.jpg 1112w, https:\/\/www.hotelportici.it\/wp-content\/uploads\/2022\/04\/DSC00095-1483x2048.jpg 1483w, https:\/\/www.hotelportici.it\/wp-content\/uploads\/2022\/04\/DSC00095-1200x1657.jpg 1200w, https:\/\/www.hotelportici.it\/wp-content\/uploads\/2022\/04\/DSC00095-1980x2735.jpg 1980w, https:\/\/www.hotelportici.it\/wp-content\/uploads\/2022\/04\/DSC00095-scaled.jpg 1854w\" sizes=\"auto, (max-width: 741px) 100vw, 741px\" \/><\/a><\/figure>\n\n\n\n<figure class=\"wp-block-image size-large\"><a href=\"https:\/\/www.hotelportici.it\/it\/ristorante-e-pizzeria\/dsc00060-3-2\/\"><img decoding=\"async\" data-id=\"4383\" src=\"https:\/\/www.hotelportici.it\/wp-content\/uploads\/2022\/04\/DSC00060-3-scaled.jpg\" alt=\"\" class=\"wp-image-4383\"\/><\/a><\/figure>\n\n\n\n<figure class=\"wp-block-image size-large\"><a href=\"https:\/\/www.hotelportici.it\/it\/ristorante-e-pizzeria\/_nz60795\/\"><img loading=\"lazy\" decoding=\"async\" width=\"1024\" height=\"681\" data-id=\"3879\" src=\"https:\/\/www.hotelportici.it\/wp-content\/uploads\/2021\/07\/NZ60795-1024x681.jpg\" alt=\"\" class=\"wp-image-3879\" srcset=\"https:\/\/www.hotelportici.it\/wp-content\/uploads\/2021\/07\/NZ60795-1024x681.jpg 1024w, https:\/\/www.hotelportici.it\/wp-content\/uploads\/2021\/07\/NZ60795-300x200.jpg 300w, https:\/\/www.hotelportici.it\/wp-content\/uploads\/2021\/07\/NZ60795-768x511.jpg 768w, https:\/\/www.hotelportici.it\/wp-content\/uploads\/2021\/07\/NZ60795-1536x1022.jpg 1536w, https:\/\/www.hotelportici.it\/wp-content\/uploads\/2021\/07\/NZ60795-1200x798.jpg 1200w, https:\/\/www.hotelportici.it\/wp-content\/uploads\/2021\/07\/NZ60795.jpg 1920w\" sizes=\"auto, (max-width: 1024px) 100vw, 1024px\" \/><\/a><\/figure>\n\n\n\n<figure class=\"wp-block-image size-large\"><a href=\"https:\/\/www.hotelportici.it\/it\/ristorante-e-pizzeria\/g\/\"><img loading=\"lazy\" decoding=\"async\" width=\"827\" height=\"897\" data-id=\"3049\" src=\"https:\/\/www.hotelportici.it\/wp-content\/uploads\/2020\/10\/g.jpg\" alt=\"\" class=\"wp-image-3049\" srcset=\"https:\/\/www.hotelportici.it\/wp-content\/uploads\/2020\/10\/g.jpg 827w, https:\/\/www.hotelportici.it\/wp-content\/uploads\/2020\/10\/g-277x300.jpg 277w, https:\/\/www.hotelportici.it\/wp-content\/uploads\/2020\/10\/g-768x833.jpg 768w\" sizes=\"auto, (max-width: 827px) 100vw, 827px\" \/><\/a><\/figure>\n<\/figure>\n\n<\/div>\n<\/div><\/div><style class=\"advgb-styles-renderer\">.advgbbtn-7f3eaea6-2169-4801-a6d2-1e79d0026e5e{font-size:18px;color:#ffffff !important;background-color:#457b9d !important;margin:0px 0px 0px 0px !important;padding:10px 30px 10px 30px;border-width:1px !important;border-style:none;border-radius:50px !important;}.advgbbtn-7f3eaea6-2169-4801-a6d2-1e79d0026e5e:hover{box-shadow:1px 1px 12px 0px #ccc;opacity:1;transition:all 0.2s ease;}.advgbbtn-7f3eaea6-2169-4801-a6d2-1e79d0026e5e > i {display: none !important;}.advgbbtn-7f3eaea6-2169-4801-a6d2-1e79d0026e5e{font-size:18px;color:#ffffff !important;background-color:#457b9d !important;margin:0px 0px 0px 0px !important;padding:10px 30px 10px 30px;border-width:1px !important;border-style:none;border-radius:50px !important;}.advgbbtn-7f3eaea6-2169-4801-a6d2-1e79d0026e5e:hover{box-shadow:1px 1px 12px 0px #ccc;opacity:1;transition:all 0.2s ease;}.advgbbtn-7f3eaea6-2169-4801-a6d2-1e79d0026e5e > i {display: none !important;}.advgbbtn-7f3eaea6-2169-4801-a6d2-1e79d0026e5e{font-size:18px;color:#ffffff !important;background-color:#457b9d !important;margin:0px 0px 0px 0px !important;padding:10px 30px 10px 30px;border-width:1px !important;border-style:none;border-radius:50px !important;}.advgbbtn-7f3eaea6-2169-4801-a6d2-1e79d0026e5e:hover{box-shadow:1px 1px 12px 0px #ccc;opacity:1;transition:all 0.2s ease;}.advgbbtn-7f3eaea6-2169-4801-a6d2-1e79d0026e5e > i {display: none !important;}<\/style>","protected":false},"excerpt":{"rendered":"","protected":false},"author":5,"featured_media":3838,"parent":0,"menu_order":0,"comment_status":"closed","ping_status":"closed","template":"","meta":{"_acf_changed":false,"advgb_blocks_editor_width":"","advgb_blocks_columns_visual_guide":"","footnotes":""},"class_list":["post-6651","page","type-page","status-publish","has-post-thumbnail","hentry"],"acf":[],"yoast_head":"<!-- This site is optimized with the Yoast SEO plugin v27.4 - https:\/\/yoast.com\/product\/yoast-seo-wordpress\/ -->\n<title>A la carte experience - Hotel Portici<\/title>\n<meta name=\"description\" content=\"Genie\u00dfen Sie ein exklusives a la carte Abendessen unter der historischen Veranda unseres Restaurants in Riva del Garda. W\u00e4hlen Sie zwei G\u00e4nge aus Vorspeisen, Vorspeisen, Hauptgerichten, Pizzen und Desserts. Buchen Sie jetzt!\" \/>\n<meta name=\"robots\" content=\"index, follow, max-snippet:-1, max-image-preview:large, max-video-preview:-1\" \/>\n<link rel=\"canonical\" href=\"https:\/\/www.hotelportici.it\/de\/a-la-carte-experience-hotel-portici-riva-del-garda-halb-pension\/\" \/>\n<meta property=\"og:locale\" content=\"de_DE\" \/>\n<meta property=\"og:type\" content=\"article\" \/>\n<meta property=\"og:title\" content=\"A la carte experience - Hotel Portici\" \/>\n<meta property=\"og:description\" content=\"Genie\u00dfen Sie ein exklusives a la carte Abendessen unter der historischen Veranda unseres Restaurants in Riva del Garda. W\u00e4hlen Sie zwei G\u00e4nge aus Vorspeisen, Vorspeisen, Hauptgerichten, Pizzen und Desserts. Buchen Sie jetzt!\" \/>\n<meta property=\"og:url\" content=\"https:\/\/www.hotelportici.it\/de\/a-la-carte-experience-hotel-portici-riva-del-garda-halb-pension\/\" \/>\n<meta property=\"og:site_name\" content=\"Hotel Portici\" \/>\n<meta property=\"article:modified_time\" content=\"2026-01-28T16:22:17+00:00\" \/>\n<meta property=\"og:image\" content=\"https:\/\/www.hotelportici.it\/wp-content\/uploads\/2021\/07\/NZ60653.jpg\" \/>\n\t<meta property=\"og:image:width\" content=\"2560\" \/>\n\t<meta property=\"og:image:height\" content=\"1703\" \/>\n\t<meta property=\"og:image:type\" content=\"image\/jpeg\" \/>\n<meta name=\"twitter:card\" content=\"summary_large_image\" \/>\n<meta name=\"twitter:label1\" content=\"Gesch\u00e4tzte Lesezeit\" \/>\n\t<meta name=\"twitter:data1\" content=\"3\u00a0Minuten\" \/>\n<script type=\"application\/ld+json\" class=\"yoast-schema-graph\">{\"@context\":\"https:\\\/\\\/schema.org\",\"@graph\":[{\"@type\":\"WebPage\",\"@id\":\"https:\\\/\\\/www.hotelportici.it\\\/de\\\/a-la-carte-experience-hotel-portici-riva-del-garda-halb-pension\\\/\",\"url\":\"https:\\\/\\\/www.hotelportici.it\\\/de\\\/a-la-carte-experience-hotel-portici-riva-del-garda-halb-pension\\\/\",\"name\":\"A la carte experience - Hotel Portici\",\"isPartOf\":{\"@id\":\"https:\\\/\\\/www.hotelportici.it\\\/it\\\/#website\"},\"primaryImageOfPage\":{\"@id\":\"https:\\\/\\\/www.hotelportici.it\\\/de\\\/a-la-carte-experience-hotel-portici-riva-del-garda-halb-pension\\\/#primaryimage\"},\"image\":{\"@id\":\"https:\\\/\\\/www.hotelportici.it\\\/de\\\/a-la-carte-experience-hotel-portici-riva-del-garda-halb-pension\\\/#primaryimage\"},\"thumbnailUrl\":\"https:\\\/\\\/www.hotelportici.it\\\/wp-content\\\/uploads\\\/2021\\\/07\\\/NZ60653.jpg\",\"datePublished\":\"2024-07-18T09:38:49+00:00\",\"dateModified\":\"2026-01-28T16:22:17+00:00\",\"description\":\"Genie\u00dfen Sie ein exklusives a la carte Abendessen unter der historischen Veranda unseres Restaurants in Riva del Garda. W\u00e4hlen Sie zwei G\u00e4nge aus Vorspeisen, Vorspeisen, Hauptgerichten, Pizzen und Desserts. Buchen Sie jetzt!\",\"breadcrumb\":{\"@id\":\"https:\\\/\\\/www.hotelportici.it\\\/de\\\/a-la-carte-experience-hotel-portici-riva-del-garda-halb-pension\\\/#breadcrumb\"},\"inLanguage\":\"de\",\"potentialAction\":[{\"@type\":\"ReadAction\",\"target\":[\"https:\\\/\\\/www.hotelportici.it\\\/de\\\/a-la-carte-experience-hotel-portici-riva-del-garda-halb-pension\\\/\"]}]},{\"@type\":\"ImageObject\",\"inLanguage\":\"de\",\"@id\":\"https:\\\/\\\/www.hotelportici.it\\\/de\\\/a-la-carte-experience-hotel-portici-riva-del-garda-halb-pension\\\/#primaryimage\",\"url\":\"https:\\\/\\\/www.hotelportici.it\\\/wp-content\\\/uploads\\\/2021\\\/07\\\/NZ60653.jpg\",\"contentUrl\":\"https:\\\/\\\/www.hotelportici.it\\\/wp-content\\\/uploads\\\/2021\\\/07\\\/NZ60653.jpg\",\"width\":2560,\"height\":1703},{\"@type\":\"BreadcrumbList\",\"@id\":\"https:\\\/\\\/www.hotelportici.it\\\/de\\\/a-la-carte-experience-hotel-portici-riva-del-garda-halb-pension\\\/#breadcrumb\",\"itemListElement\":[{\"@type\":\"ListItem\",\"position\":1,\"name\":\"Home\",\"item\":\"https:\\\/\\\/www.hotelportici.it\\\/de\\\/\"},{\"@type\":\"ListItem\",\"position\":2,\"name\":\"A la carte experience\"}]},{\"@type\":\"WebSite\",\"@id\":\"https:\\\/\\\/www.hotelportici.it\\\/it\\\/#website\",\"url\":\"https:\\\/\\\/www.hotelportici.it\\\/it\\\/\",\"name\":\"Hotel Portici\",\"description\":\"Romantik &amp; Wellness | Riva del Garda\",\"publisher\":{\"@id\":\"https:\\\/\\\/www.hotelportici.it\\\/it\\\/#organization\"},\"potentialAction\":[{\"@type\":\"SearchAction\",\"target\":{\"@type\":\"EntryPoint\",\"urlTemplate\":\"https:\\\/\\\/www.hotelportici.it\\\/it\\\/?s={search_term_string}\"},\"query-input\":{\"@type\":\"PropertyValueSpecification\",\"valueRequired\":true,\"valueName\":\"search_term_string\"}}],\"inLanguage\":\"de\"},{\"@type\":\"Organization\",\"@id\":\"https:\\\/\\\/www.hotelportici.it\\\/it\\\/#organization\",\"name\":\"Hotel Portici\",\"url\":\"https:\\\/\\\/www.hotelportici.it\\\/it\\\/\",\"logo\":{\"@type\":\"ImageObject\",\"inLanguage\":\"de\",\"@id\":\"https:\\\/\\\/www.hotelportici.it\\\/it\\\/#\\\/schema\\\/logo\\\/image\\\/\",\"url\":\"https:\\\/\\\/www.hotelportici.it\\\/wp-content\\\/uploads\\\/2024\\\/03\\\/hotel-portici.png\",\"contentUrl\":\"https:\\\/\\\/www.hotelportici.it\\\/wp-content\\\/uploads\\\/2024\\\/03\\\/hotel-portici.png\",\"width\":1200,\"height\":278,\"caption\":\"Hotel Portici\"},\"image\":{\"@id\":\"https:\\\/\\\/www.hotelportici.it\\\/it\\\/#\\\/schema\\\/logo\\\/image\\\/\"}}]}<\/script>\n<!-- \/ Yoast SEO plugin. -->","yoast_head_json":{"title":"A la carte experience - Hotel Portici","description":"Genie\u00dfen Sie ein exklusives a la carte Abendessen unter der historischen Veranda unseres Restaurants in Riva del Garda. W\u00e4hlen Sie zwei G\u00e4nge aus Vorspeisen, Vorspeisen, Hauptgerichten, Pizzen und Desserts. Buchen Sie jetzt!","robots":{"index":"index","follow":"follow","max-snippet":"max-snippet:-1","max-image-preview":"max-image-preview:large","max-video-preview":"max-video-preview:-1"},"canonical":"https:\/\/www.hotelportici.it\/de\/a-la-carte-experience-hotel-portici-riva-del-garda-halb-pension\/","og_locale":"de_DE","og_type":"article","og_title":"A la carte experience - Hotel Portici","og_description":"Genie\u00dfen Sie ein exklusives a la carte Abendessen unter der historischen Veranda unseres Restaurants in Riva del Garda. W\u00e4hlen Sie zwei G\u00e4nge aus Vorspeisen, Vorspeisen, Hauptgerichten, Pizzen und Desserts. Buchen Sie jetzt!","og_url":"https:\/\/www.hotelportici.it\/de\/a-la-carte-experience-hotel-portici-riva-del-garda-halb-pension\/","og_site_name":"Hotel Portici","article_modified_time":"2026-01-28T16:22:17+00:00","og_image":[{"width":2560,"height":1703,"url":"https:\/\/www.hotelportici.it\/wp-content\/uploads\/2021\/07\/NZ60653.jpg","type":"image\/jpeg"}],"twitter_card":"summary_large_image","twitter_misc":{"Gesch\u00e4tzte Lesezeit":"3\u00a0Minuten"},"schema":{"@context":"https:\/\/schema.org","@graph":[{"@type":"WebPage","@id":"https:\/\/www.hotelportici.it\/de\/a-la-carte-experience-hotel-portici-riva-del-garda-halb-pension\/","url":"https:\/\/www.hotelportici.it\/de\/a-la-carte-experience-hotel-portici-riva-del-garda-halb-pension\/","name":"A la carte experience - Hotel Portici","isPartOf":{"@id":"https:\/\/www.hotelportici.it\/it\/#website"},"primaryImageOfPage":{"@id":"https:\/\/www.hotelportici.it\/de\/a-la-carte-experience-hotel-portici-riva-del-garda-halb-pension\/#primaryimage"},"image":{"@id":"https:\/\/www.hotelportici.it\/de\/a-la-carte-experience-hotel-portici-riva-del-garda-halb-pension\/#primaryimage"},"thumbnailUrl":"https:\/\/www.hotelportici.it\/wp-content\/uploads\/2021\/07\/NZ60653.jpg","datePublished":"2024-07-18T09:38:49+00:00","dateModified":"2026-01-28T16:22:17+00:00","description":"Genie\u00dfen Sie ein exklusives a la carte Abendessen unter der historischen Veranda unseres Restaurants in Riva del Garda. W\u00e4hlen Sie zwei G\u00e4nge aus Vorspeisen, Vorspeisen, Hauptgerichten, Pizzen und Desserts. Buchen Sie jetzt!","breadcrumb":{"@id":"https:\/\/www.hotelportici.it\/de\/a-la-carte-experience-hotel-portici-riva-del-garda-halb-pension\/#breadcrumb"},"inLanguage":"de","potentialAction":[{"@type":"ReadAction","target":["https:\/\/www.hotelportici.it\/de\/a-la-carte-experience-hotel-portici-riva-del-garda-halb-pension\/"]}]},{"@type":"ImageObject","inLanguage":"de","@id":"https:\/\/www.hotelportici.it\/de\/a-la-carte-experience-hotel-portici-riva-del-garda-halb-pension\/#primaryimage","url":"https:\/\/www.hotelportici.it\/wp-content\/uploads\/2021\/07\/NZ60653.jpg","contentUrl":"https:\/\/www.hotelportici.it\/wp-content\/uploads\/2021\/07\/NZ60653.jpg","width":2560,"height":1703},{"@type":"BreadcrumbList","@id":"https:\/\/www.hotelportici.it\/de\/a-la-carte-experience-hotel-portici-riva-del-garda-halb-pension\/#breadcrumb","itemListElement":[{"@type":"ListItem","position":1,"name":"Home","item":"https:\/\/www.hotelportici.it\/de\/"},{"@type":"ListItem","position":2,"name":"A la carte experience"}]},{"@type":"WebSite","@id":"https:\/\/www.hotelportici.it\/it\/#website","url":"https:\/\/www.hotelportici.it\/it\/","name":"Hotel Portici","description":"Romantik &amp; Wellness | Riva del Garda","publisher":{"@id":"https:\/\/www.hotelportici.it\/it\/#organization"},"potentialAction":[{"@type":"SearchAction","target":{"@type":"EntryPoint","urlTemplate":"https:\/\/www.hotelportici.it\/it\/?s={search_term_string}"},"query-input":{"@type":"PropertyValueSpecification","valueRequired":true,"valueName":"search_term_string"}}],"inLanguage":"de"},{"@type":"Organization","@id":"https:\/\/www.hotelportici.it\/it\/#organization","name":"Hotel Portici","url":"https:\/\/www.hotelportici.it\/it\/","logo":{"@type":"ImageObject","inLanguage":"de","@id":"https:\/\/www.hotelportici.it\/it\/#\/schema\/logo\/image\/","url":"https:\/\/www.hotelportici.it\/wp-content\/uploads\/2024\/03\/hotel-portici.png","contentUrl":"https:\/\/www.hotelportici.it\/wp-content\/uploads\/2024\/03\/hotel-portici.png","width":1200,"height":278,"caption":"Hotel Portici"},"image":{"@id":"https:\/\/www.hotelportici.it\/it\/#\/schema\/logo\/image\/"}}]}},"coauthors":[],"author_meta":{"author_link":"https:\/\/www.hotelportici.it\/de\/author\/hotelportici\/","display_name":"HotelPortici"},"relative_dates":{"created":"Posted 2\u00a0Jahren ago","modified":"Updated 3\u00a0Monaten ago"},"absolute_dates":{"created":"Posted on 18. Juli 2024","modified":"Updated on 28. Januar 2026"},"absolute_dates_time":{"created":"Posted on 18. Juli 2024 11:38","modified":"Updated on 28. Januar 2026 17:22"},"featured_img_caption":"","featured_img":"https:\/\/www.hotelportici.it\/wp-content\/uploads\/2021\/07\/NZ60653-1200x798.jpg","series_order":"","_links":{"self":[{"href":"https:\/\/www.hotelportici.it\/de\/wp-json\/wp\/v2\/pages\/6651","targetHints":{"allow":["GET"]}}],"collection":[{"href":"https:\/\/www.hotelportici.it\/de\/wp-json\/wp\/v2\/pages"}],"about":[{"href":"https:\/\/www.hotelportici.it\/de\/wp-json\/wp\/v2\/types\/page"}],"author":[{"embeddable":true,"href":"https:\/\/www.hotelportici.it\/de\/wp-json\/wp\/v2\/users\/5"}],"replies":[{"embeddable":true,"href":"https:\/\/www.hotelportici.it\/de\/wp-json\/wp\/v2\/comments?post=6651"}],"version-history":[{"count":0,"href":"https:\/\/www.hotelportici.it\/de\/wp-json\/wp\/v2\/pages\/6651\/revisions"}],"wp:featuredmedia":[{"embeddable":true,"href":"https:\/\/www.hotelportici.it\/de\/wp-json\/wp\/v2\/media\/3838"}],"wp:attachment":[{"href":"https:\/\/www.hotelportici.it\/de\/wp-json\/wp\/v2\/media?parent=6651"}],"curies":[{"name":"wp","href":"https:\/\/api.w.org\/{rel}","templated":true}]}}