{"id":6320,"date":"2024-06-19T10:54:10","date_gmt":"2024-06-19T08:54:10","guid":{"rendered":"https:\/\/www.hotelportici.it\/?page_id=6320"},"modified":"2026-02-17T17:40:10","modified_gmt":"2026-02-17T16:40:10","slug":"tageswellness","status":"publish","type":"page","link":"https:\/\/www.hotelportici.it\/de\/tageswellness\/","title":{"rendered":"TAGESWELLNESS"},"content":{"rendered":"\n<div style=\"height:100px\" aria-hidden=\"true\" class=\"wp-block-spacer\"><\/div>\n\n\n\n<div class=\"wp-block-columns two-columns is-layout-flex wp-container-core-columns-is-layout-9d6595d7 wp-block-columns-is-layout-flex\">\n<div class=\"wp-block-column is-layout-flow wp-block-column-is-layout-flow\">\n<h2 class=\"wp-block-heading\">Tageswellness<\/h2>\n\n\n\n<div style=\"height:30px\" aria-hidden=\"true\" class=\"wp-block-spacer\"><\/div>\n\n\n\n<p>Das Spa ist t\u00e4glich ge\u00f6ffnet. Um Ruhe und Entspannung zu gew\u00e4hrleisten, wird eine Reservierung empfohlen<\/p>\n\n\n\n<p>Preis \u20ac 25,00 pro Person (Der Zutritt ist f\u00fcr Kinder unter 16 Jahren nicht gestattet). Im Eintrittspreis enthalten sind ein Wellnesshandtuch und ein Bademantel<\/p>\n\n\n\n<p>Tel. Infos und Reservierungen <a href=\"tel:0464 555400\">+39 0464 555400<\/a><\/p>\n\n\n\n<div style=\"height:30px\" aria-hidden=\"true\" class=\"wp-block-spacer\"><\/div>\n\n\n\n<div class=\"wp-block-buttons is-layout-flex wp-block-buttons-is-layout-flex\">\n<div class=\"wp-block-button\"><a class=\"wp-block-button__link has-background-color has-text-color has-background has-link-color wp-element-button\" href=\"https:\/\/www.simplebooking.it\/ibe\/minishop?hid=5385&amp;lang=DE&amp;_ga=2.200853806.1465462436.1717051144-1411491771.1714373170\" style=\"background-color:#386385\" target=\"_blank\" rel=\"noreferrer noopener\">Online buchen<\/a><\/div>\n<\/div>\n<\/div>\n\n\n\n<div class=\"wp-block-column is-layout-flow wp-block-column-is-layout-flow\">\n<div class=\"wp-block-advgb-images-slider advgb-images-slider-block advg-images-slider-c039b4bd-c5ea-437b-b85d-f0cccfb8bde1\"><div class=\"advgb-images-slider\" dir=\"ltr\"><div class=\"advgb-image-slider-item\"><img decoding=\"async\" src=\"https:\/\/www.hotelportici.it\/wp-content\/uploads\/2021\/07\/6.jpg\" class=\"advgb-image-slider-img\" alt=\"\" style=\"width:100%;height:auto\"\/><div class=\"advgb-image-slider-item-info\" style=\"justify-content:center;align-items:center\"><\/div><\/div><div class=\"advgb-image-slider-item\"><img decoding=\"async\" src=\"https:\/\/www.hotelportici.it\/wp-content\/uploads\/2021\/07\/NZ60190.jpg\" class=\"advgb-image-slider-img\" alt=\"\" style=\"width:100%;height:auto\"\/><div class=\"advgb-image-slider-item-info\" style=\"justify-content:center;align-items:center\"><\/div><\/div><div class=\"advgb-image-slider-item\"><img decoding=\"async\" src=\"https:\/\/www.hotelportici.it\/wp-content\/uploads\/2021\/07\/NZ60209.jpg\" class=\"advgb-image-slider-img\" alt=\"\" style=\"width:100%;height:auto\"\/><div class=\"advgb-image-slider-item-info\" style=\"justify-content:center;align-items:center\"><\/div><\/div><div class=\"advgb-image-slider-item\"><img decoding=\"async\" src=\"https:\/\/www.hotelportici.it\/wp-content\/uploads\/2021\/07\/NZ60177.jpg\" class=\"advgb-image-slider-img\" alt=\"\" style=\"width:100%;height:auto\"\/><div class=\"advgb-image-slider-item-info\" style=\"justify-content:center;align-items:center\"><\/div><\/div><div class=\"advgb-image-slider-item\"><img decoding=\"async\" src=\"https:\/\/www.hotelportici.it\/wp-content\/uploads\/2021\/07\/NZ60152.jpg\" class=\"advgb-image-slider-img\" alt=\"\" style=\"width:100%;height:auto\"\/><div class=\"advgb-image-slider-item-info\" style=\"justify-content:center;align-items:center\"><\/div><\/div><div class=\"advgb-image-slider-item\"><img decoding=\"async\" src=\"https:\/\/www.hotelportici.it\/wp-content\/uploads\/2021\/07\/NZ60138.jpg\" class=\"advgb-image-slider-img\" alt=\"\" style=\"width:100%;height:auto\"\/><div class=\"advgb-image-slider-item-info\" style=\"justify-content:center;align-items:center\"><\/div><\/div><div class=\"advgb-image-slider-item\"><img decoding=\"async\" src=\"https:\/\/www.hotelportici.it\/wp-content\/uploads\/2021\/07\/NZ60434.jpg\" class=\"advgb-image-slider-img\" alt=\"\" style=\"width:100%;height:auto\"\/><div class=\"advgb-image-slider-item-info\" style=\"justify-content:center;align-items:center\"><\/div><\/div><div class=\"advgb-image-slider-item\"><img decoding=\"async\" src=\"https:\/\/www.hotelportici.it\/wp-content\/uploads\/2021\/07\/NZ60430.jpg\" class=\"advgb-image-slider-img\" alt=\"\" style=\"width:100%;height:auto\"\/><div class=\"advgb-image-slider-item-info\" style=\"justify-content:center;align-items:center\"><\/div><\/div><div class=\"advgb-image-slider-item\"><img decoding=\"async\" src=\"https:\/\/www.hotelportici.it\/wp-content\/uploads\/2021\/07\/NZ60413.jpg\" class=\"advgb-image-slider-img\" alt=\"\" style=\"width:100%;height:auto\"\/><div class=\"advgb-image-slider-item-info\" style=\"justify-content:center;align-items:center\"><\/div><\/div><div class=\"advgb-image-slider-item\"><img decoding=\"async\" src=\"https:\/\/www.hotelportici.it\/wp-content\/uploads\/2022\/07\/DSC7535-scaled.jpg\" class=\"advgb-image-slider-img\" alt=\"\" style=\"width:100%;height:auto\"\/><div class=\"advgb-image-slider-item-info\" style=\"justify-content:center;align-items:center\"><\/div><\/div><div class=\"advgb-image-slider-item\"><img decoding=\"async\" src=\"https:\/\/www.hotelportici.it\/wp-content\/uploads\/2022\/07\/portici-benessere-scaled.jpg\" class=\"advgb-image-slider-img\" alt=\"\" style=\"width:100%;height:auto\"\/><div class=\"advgb-image-slider-item-info\" style=\"justify-content:center;align-items:center\"><\/div><\/div><\/div><\/div>\n<\/div>\n<\/div>\n\n\n\n<div class=\"wp-block-columns third-column is-layout-flex wp-container-core-columns-is-layout-9d6595d7 wp-block-columns-is-layout-flex\">\n<div class=\"wp-block-column is-layout-flow wp-block-column-is-layout-flow\">\n<h4 class=\"wp-block-heading\">Entdecken Sie alle Dienstleistungen des SPA<\/h4>\n\n\n\n<div style=\"height:30px\" aria-hidden=\"true\" class=\"wp-block-spacer\"><\/div>\n\n\n\n<ul class=\"wp-block-list promo-servizi\">\n<li>Whirlpool<\/li>\n\n\n\n<li>Finnische Sauna<\/li>\n\n\n\n<li>T\u00fcrkisches Bad<\/li>\n\n\n\n<li>Emotionale Schauer<\/li>\n\n\n\n<li>Entspannungsbereich<\/li>\n\n\n\n<li>Salzgrotte<\/li>\n\n\n\n<li>Eiswasserfall<\/li>\n\n\n\n<li>Biosauna<\/li>\n\n\n\n<li>Kr\u00e4utertee-Ecke<\/li>\n\n\n\n<li>Massagebereich (nur auf Reservierung)<\/li>\n<\/ul>\n\n\n\n<div style=\"height:20px\" aria-hidden=\"true\" class=\"wp-block-spacer\"><\/div>\n\n\n\n<p><strong>SACHEN ZU WISSEN:<\/strong><\/p>\n\n\n\n<p>Die Pflicht zum Tragen von rutschfesten Hausschuhen, die Sie selbst tragen oder die Sie an der Rezeption erwerben k\u00f6nnen (f\u00fcr \u20ac 4.50) Die Verwendung von Handt\u00fcchern in Saunen<\/p>\n\n\n\n\n<\/div>\n<\/div>\n\n\n\n<div style=\"height:30px\" aria-hidden=\"true\" class=\"wp-block-spacer\"><\/div>\n\n\n\n<div class=\"wp-block-columns two-columns is-layout-flex wp-container-core-columns-is-layout-9d6595d7 wp-block-columns-is-layout-flex\">\n<div class=\"wp-block-column is-layout-flow wp-block-column-is-layout-flow\">\n<div class=\"wp-block-buttons is-layout-flex wp-block-buttons-is-layout-flex\">\n<div class=\"wp-block-button\"><a class=\"wp-block-button__link has-background-color has-text-color has-background has-link-color wp-element-button\" href=\"https:\/\/www.simplebooking.it\/ibe\/minishop?hid=5385&amp;lang=DE&amp;_ga=2.200853806.1465462436.1717051144-1411491771.1714373170\" style=\"background-color:#386385\" target=\"_blank\" rel=\"noreferrer noopener\">Online buchen<\/a><\/div>\n<\/div>\n<\/div>\n<\/div>\n\n\n\n<div style=\"height:30px\" aria-hidden=\"true\" class=\"wp-block-spacer\"><\/div>\n\n\n\n<div class=\"conver-widget-v2\"\n     data-instance=\"conver-v2-1\">\n\n  <div class=\"chat-container\" id=\"chat-section\">\n\n    <div class=\"chat-header\">\n      <div class=\"chat-header-logo\">\n        <img decoding=\"async\"\n          src=\"https:\/\/www.hotelportici.it\/wp-content\/themes\/jampaa\/template-parts\/ricerca-conversazionale-v2\/assets\/img\/logo-ricerca-conv.png\"\n          alt=\"\"\n        >\n        <span>Hallo<\/span>\n      <\/div>\n\n      <h2>Womit fangen wir an?<\/h2>\n    <\/div>\n\n    <!-- Chat -->\n    <div class=\"chat-box\"><\/div>\n\n    <!-- Loading -->\n    <div class=\"loading-conver hidden\" aria-hidden=\"true\">\n      <div class=\"dot\"><\/div><div class=\"dot\"><\/div><div class=\"dot\"><\/div>\n    <\/div>\n\n    <!-- Input -->\n    <div class=\"input-area-conver-wrapper\">\n      <div class=\"input-area-conver\">\n        <textarea\n          class=\"user-input-conver\"\n          placeholder=\"Stelle eine Frage...\"\n          rows=\"1\"\n        ><\/textarea>\n\n        <div class=\"box-btn-conver\">\n          <a class=\"send-btn-conver\" href=\"#\" role=\"button\" aria-label=\"AI Search\">\n            <i class=\"fa-light fa-magnifying-glass icon-search\" aria-hidden=\"true\"><\/i>\n            <i class=\"fa-regular fa-arrow-up icon-send hidden\" aria-hidden=\"true\"><\/i>\n            <span class=\"ai-search-text\">AI Search<\/span>\n          <\/a>\n\n          <i class=\"fa-light fa-close icon-erase hidden\" aria-hidden=\"true\"><\/i>\n        <\/div>\n      <\/div>\n    <\/div>\n    <span class=\"show-quick-questions hidden\">Zeige schnelle Fragen<\/span>\n\n    <!-- Domande rapide -->\n    <div class=\"entry-chats-wrapper\">\n      <button type=\"button\" class=\"entry-chat\" data-prompt=\"Ein Zimmer f\u00fcr zwei Personen buchen\">\n        Ein Zimmer f\u00fcr zwei Personen buchen      <\/button>\n\n      <button type=\"button\" class=\"entry-chat\" data-prompt=\"Sonderangebote entdecken\">\n        Sonderangebote entdecken      <\/button>\n\n      <button type=\"button\" class=\"entry-chat\" data-prompt=\"Zimmer entdecken\">\n        Zimmer entdecken      <\/button>\n\n      <button type=\"button\" class=\"entry-chat\" data-prompt=\"Entdecke das Wellnesscenter Ninfea\">\n        Entdecke das Wellnesscenter Ninfea      <\/button>\n    <\/div>\n\n  <\/div>\n<\/div>\n","protected":false},"excerpt":{"rendered":"<p>Tageswellness Das Spa ist t\u00e4glich ge\u00f6ffnet. Um Ruhe und Entspannung zu gew\u00e4hrleisten, wird eine Reservierung empfohlen Preis \u20ac 25,00 pro Person (Der Zutritt ist f\u00fcr Kinder unter 16 Jahren nicht gestattet). Im Eintrittspreis enthalten sind ein Wellnesshandtuch und ein Bademantel Tel. Infos und Reservierungen +39 0464 555400 Entdecken Sie alle Dienstleistungen des SPA SACHEN ZU [&hellip;]<\/p>\n","protected":false},"author":5,"featured_media":3900,"parent":0,"menu_order":0,"comment_status":"closed","ping_status":"closed","template":"","meta":{"_acf_changed":false,"advgb_blocks_editor_width":"","advgb_blocks_columns_visual_guide":"","footnotes":""},"class_list":["post-6320","page","type-page","status-publish","has-post-thumbnail","hentry"],"acf":[],"yoast_head":"<!-- This site is optimized with the Yoast SEO plugin v26.0 - https:\/\/yoast.com\/wordpress\/plugins\/seo\/ -->\n<title>TAGESWELLNESS - Hotel Portici<\/title>\n<meta name=\"description\" content=\"Entdecken Sie unser Angebot Day SPA, verbringen Sie einen erholsamen Tag in unserem Wellnesscenter in Riva del Garda.\" \/>\n<meta name=\"robots\" content=\"index, follow, max-snippet:-1, max-image-preview:large, max-video-preview:-1\" \/>\n<link rel=\"canonical\" href=\"https:\/\/www.hotelportici.it\/de\/tageswellness\/\" \/>\n<meta property=\"og:locale\" content=\"de_DE\" \/>\n<meta property=\"og:type\" content=\"article\" \/>\n<meta property=\"og:title\" content=\"TAGESWELLNESS - Hotel Portici\" \/>\n<meta property=\"og:description\" content=\"Entdecken Sie unser Angebot Day SPA, verbringen Sie einen erholsamen Tag in unserem Wellnesscenter in Riva del Garda.\" \/>\n<meta property=\"og:url\" content=\"https:\/\/www.hotelportici.it\/de\/tageswellness\/\" \/>\n<meta property=\"og:site_name\" content=\"Hotel Portici\" \/>\n<meta property=\"article:modified_time\" content=\"2026-02-17T16:40:10+00:00\" \/>\n<meta property=\"og:image\" content=\"https:\/\/www.hotelportici.it\/wp-content\/uploads\/2021\/07\/NZ60138.jpg\" \/>\n\t<meta property=\"og:image:width\" content=\"1920\" \/>\n\t<meta property=\"og:image:height\" content=\"1278\" \/>\n\t<meta property=\"og:image:type\" content=\"image\/jpeg\" \/>\n<meta name=\"twitter:card\" content=\"summary_large_image\" \/>\n<meta name=\"twitter:label1\" content=\"Gesch\u00e4tzte Lesezeit\" \/>\n\t<meta name=\"twitter:data1\" content=\"3\u00a0Minuten\" \/>\n<script type=\"application\/ld+json\" class=\"yoast-schema-graph\">{\"@context\":\"https:\/\/schema.org\",\"@graph\":[{\"@type\":\"WebPage\",\"@id\":\"https:\/\/www.hotelportici.it\/de\/tageswellness\/\",\"url\":\"https:\/\/www.hotelportici.it\/de\/tageswellness\/\",\"name\":\"TAGESWELLNESS - Hotel Portici\",\"isPartOf\":{\"@id\":\"https:\/\/www.hotelportici.it\/it\/#website\"},\"primaryImageOfPage\":{\"@id\":\"https:\/\/www.hotelportici.it\/de\/tageswellness\/#primaryimage\"},\"image\":{\"@id\":\"https:\/\/www.hotelportici.it\/de\/tageswellness\/#primaryimage\"},\"thumbnailUrl\":\"https:\/\/www.hotelportici.it\/wp-content\/uploads\/2021\/07\/NZ60138.jpg\",\"datePublished\":\"2024-06-19T08:54:10+00:00\",\"dateModified\":\"2026-02-17T16:40:10+00:00\",\"description\":\"Entdecken Sie unser Angebot Day SPA, verbringen Sie einen erholsamen Tag in unserem Wellnesscenter in Riva del Garda.\",\"breadcrumb\":{\"@id\":\"https:\/\/www.hotelportici.it\/de\/tageswellness\/#breadcrumb\"},\"inLanguage\":\"de\",\"potentialAction\":[{\"@type\":\"ReadAction\",\"target\":[\"https:\/\/www.hotelportici.it\/de\/tageswellness\/\"]}]},{\"@type\":\"ImageObject\",\"inLanguage\":\"de\",\"@id\":\"https:\/\/www.hotelportici.it\/de\/tageswellness\/#primaryimage\",\"url\":\"https:\/\/www.hotelportici.it\/wp-content\/uploads\/2021\/07\/NZ60138.jpg\",\"contentUrl\":\"https:\/\/www.hotelportici.it\/wp-content\/uploads\/2021\/07\/NZ60138.jpg\",\"width\":1920,\"height\":1278},{\"@type\":\"BreadcrumbList\",\"@id\":\"https:\/\/www.hotelportici.it\/de\/tageswellness\/#breadcrumb\",\"itemListElement\":[{\"@type\":\"ListItem\",\"position\":1,\"name\":\"Home\",\"item\":\"https:\/\/www.hotelportici.it\/de\/\"},{\"@type\":\"ListItem\",\"position\":2,\"name\":\"TAGESWELLNESS\"}]},{\"@type\":\"WebSite\",\"@id\":\"https:\/\/www.hotelportici.it\/it\/#website\",\"url\":\"https:\/\/www.hotelportici.it\/it\/\",\"name\":\"Hotel Portici\",\"description\":\"Romantik &amp; Wellness | Riva del Garda\",\"publisher\":{\"@id\":\"https:\/\/www.hotelportici.it\/it\/#organization\"},\"potentialAction\":[{\"@type\":\"SearchAction\",\"target\":{\"@type\":\"EntryPoint\",\"urlTemplate\":\"https:\/\/www.hotelportici.it\/it\/?s={search_term_string}\"},\"query-input\":{\"@type\":\"PropertyValueSpecification\",\"valueRequired\":true,\"valueName\":\"search_term_string\"}}],\"inLanguage\":\"de\"},{\"@type\":\"Organization\",\"@id\":\"https:\/\/www.hotelportici.it\/it\/#organization\",\"name\":\"Hotel Portici\",\"url\":\"https:\/\/www.hotelportici.it\/it\/\",\"logo\":{\"@type\":\"ImageObject\",\"inLanguage\":\"de\",\"@id\":\"https:\/\/www.hotelportici.it\/it\/#\/schema\/logo\/image\/\",\"url\":\"https:\/\/www.hotelportici.it\/wp-content\/uploads\/2024\/03\/hotel-portici.png\",\"contentUrl\":\"https:\/\/www.hotelportici.it\/wp-content\/uploads\/2024\/03\/hotel-portici.png\",\"width\":1200,\"height\":278,\"caption\":\"Hotel Portici\"},\"image\":{\"@id\":\"https:\/\/www.hotelportici.it\/it\/#\/schema\/logo\/image\/\"}}]}<\/script>\n<!-- \/ Yoast SEO plugin. -->","yoast_head_json":{"title":"TAGESWELLNESS - Hotel Portici","description":"Entdecken Sie unser Angebot Day SPA, verbringen Sie einen erholsamen Tag in unserem Wellnesscenter in Riva del Garda.","robots":{"index":"index","follow":"follow","max-snippet":"max-snippet:-1","max-image-preview":"max-image-preview:large","max-video-preview":"max-video-preview:-1"},"canonical":"https:\/\/www.hotelportici.it\/de\/tageswellness\/","og_locale":"de_DE","og_type":"article","og_title":"TAGESWELLNESS - Hotel Portici","og_description":"Entdecken Sie unser Angebot Day SPA, verbringen Sie einen erholsamen Tag in unserem Wellnesscenter in Riva del Garda.","og_url":"https:\/\/www.hotelportici.it\/de\/tageswellness\/","og_site_name":"Hotel Portici","article_modified_time":"2026-02-17T16:40:10+00:00","og_image":[{"width":1920,"height":1278,"url":"https:\/\/www.hotelportici.it\/wp-content\/uploads\/2021\/07\/NZ60138.jpg","type":"image\/jpeg"}],"twitter_card":"summary_large_image","twitter_misc":{"Gesch\u00e4tzte Lesezeit":"3\u00a0Minuten"},"schema":{"@context":"https:\/\/schema.org","@graph":[{"@type":"WebPage","@id":"https:\/\/www.hotelportici.it\/de\/tageswellness\/","url":"https:\/\/www.hotelportici.it\/de\/tageswellness\/","name":"TAGESWELLNESS - Hotel Portici","isPartOf":{"@id":"https:\/\/www.hotelportici.it\/it\/#website"},"primaryImageOfPage":{"@id":"https:\/\/www.hotelportici.it\/de\/tageswellness\/#primaryimage"},"image":{"@id":"https:\/\/www.hotelportici.it\/de\/tageswellness\/#primaryimage"},"thumbnailUrl":"https:\/\/www.hotelportici.it\/wp-content\/uploads\/2021\/07\/NZ60138.jpg","datePublished":"2024-06-19T08:54:10+00:00","dateModified":"2026-02-17T16:40:10+00:00","description":"Entdecken Sie unser Angebot Day SPA, verbringen Sie einen erholsamen Tag in unserem Wellnesscenter in Riva del Garda.","breadcrumb":{"@id":"https:\/\/www.hotelportici.it\/de\/tageswellness\/#breadcrumb"},"inLanguage":"de","potentialAction":[{"@type":"ReadAction","target":["https:\/\/www.hotelportici.it\/de\/tageswellness\/"]}]},{"@type":"ImageObject","inLanguage":"de","@id":"https:\/\/www.hotelportici.it\/de\/tageswellness\/#primaryimage","url":"https:\/\/www.hotelportici.it\/wp-content\/uploads\/2021\/07\/NZ60138.jpg","contentUrl":"https:\/\/www.hotelportici.it\/wp-content\/uploads\/2021\/07\/NZ60138.jpg","width":1920,"height":1278},{"@type":"BreadcrumbList","@id":"https:\/\/www.hotelportici.it\/de\/tageswellness\/#breadcrumb","itemListElement":[{"@type":"ListItem","position":1,"name":"Home","item":"https:\/\/www.hotelportici.it\/de\/"},{"@type":"ListItem","position":2,"name":"TAGESWELLNESS"}]},{"@type":"WebSite","@id":"https:\/\/www.hotelportici.it\/it\/#website","url":"https:\/\/www.hotelportici.it\/it\/","name":"Hotel Portici","description":"Romantik &amp; Wellness | Riva del Garda","publisher":{"@id":"https:\/\/www.hotelportici.it\/it\/#organization"},"potentialAction":[{"@type":"SearchAction","target":{"@type":"EntryPoint","urlTemplate":"https:\/\/www.hotelportici.it\/it\/?s={search_term_string}"},"query-input":{"@type":"PropertyValueSpecification","valueRequired":true,"valueName":"search_term_string"}}],"inLanguage":"de"},{"@type":"Organization","@id":"https:\/\/www.hotelportici.it\/it\/#organization","name":"Hotel Portici","url":"https:\/\/www.hotelportici.it\/it\/","logo":{"@type":"ImageObject","inLanguage":"de","@id":"https:\/\/www.hotelportici.it\/it\/#\/schema\/logo\/image\/","url":"https:\/\/www.hotelportici.it\/wp-content\/uploads\/2024\/03\/hotel-portici.png","contentUrl":"https:\/\/www.hotelportici.it\/wp-content\/uploads\/2024\/03\/hotel-portici.png","width":1200,"height":278,"caption":"Hotel Portici"},"image":{"@id":"https:\/\/www.hotelportici.it\/it\/#\/schema\/logo\/image\/"}}]}},"coauthors":[],"author_meta":{"author_link":"https:\/\/www.hotelportici.it\/de\/author\/hotelportici\/","display_name":"HotelPortici"},"relative_dates":{"created":"Posted 2\u00a0Jahren ago","modified":"Updated 2\u00a0Monaten ago"},"absolute_dates":{"created":"Posted on 19 Juni 2024","modified":"Updated on 17 Februar 2026"},"absolute_dates_time":{"created":"Posted on 19 Juni 2024 10:54","modified":"Updated on 17 Februar 2026 17:40"},"featured_img_caption":"","featured_img":"https:\/\/www.hotelportici.it\/wp-content\/uploads\/2021\/07\/NZ60138-1200x799.jpg","series_order":"","_links":{"self":[{"href":"https:\/\/www.hotelportici.it\/de\/wp-json\/wp\/v2\/pages\/6320","targetHints":{"allow":["GET"]}}],"collection":[{"href":"https:\/\/www.hotelportici.it\/de\/wp-json\/wp\/v2\/pages"}],"about":[{"href":"https:\/\/www.hotelportici.it\/de\/wp-json\/wp\/v2\/types\/page"}],"author":[{"embeddable":true,"href":"https:\/\/www.hotelportici.it\/de\/wp-json\/wp\/v2\/users\/5"}],"replies":[{"embeddable":true,"href":"https:\/\/www.hotelportici.it\/de\/wp-json\/wp\/v2\/comments?post=6320"}],"version-history":[{"count":0,"href":"https:\/\/www.hotelportici.it\/de\/wp-json\/wp\/v2\/pages\/6320\/revisions"}],"wp:featuredmedia":[{"embeddable":true,"href":"https:\/\/www.hotelportici.it\/de\/wp-json\/wp\/v2\/media\/3900"}],"wp:attachment":[{"href":"https:\/\/www.hotelportici.it\/de\/wp-json\/wp\/v2\/media?parent=6320"}],"curies":[{"name":"wp","href":"https:\/\/api.w.org\/{rel}","templated":true}]}}