{"id":1718,"date":"2020-08-05T16:25:06","date_gmt":"2020-08-05T14:25:06","guid":{"rendered":"https:\/\/sole.promoservicebeta.com\/?page_id=1718"},"modified":"2026-02-17T17:43:56","modified_gmt":"2026-02-17T16:43:56","slug":"hotel","status":"publish","type":"page","link":"https:\/\/www.hotelportici.it\/de\/hotel\/","title":{"rendered":"Hotel"},"content":{"rendered":"<div  class=\"grids-section grids-is-advanced alignwide\" style=\"--_gs-gap-desktop:0px 0px;--_gs-m-desktop:0px 0 0px 0;--_gs-p-desktop:0 0 0 0;--_gs-bg-desktop:transparent none;--_gs-bg-xp-desktop:0px;--_gs-zi-desktop:1;--_gs-d-desktop:block;--_gs-mw-desktop:calc(100% - 0 - 0);--_gs-gap-tablet:0px 0px;--_gs-m-tablet:0px 0 0px 0;--_gs-p-tablet:0 0 0 0;--_gs-bg-tablet:transparent none;--_gs-bg-xp-tablet:0px;--_gs-zi-tablet:1;--_gs-d-tablet:block;--_gs-mw-tablet:calc(100% - 0 - 0);--_gs-gap-mobile:0px 0px;--_gs-m-mobile:0px 0 0px 0;--_gs-p-mobile:0 0 0 0;--_gs-bg-mobile:#ffffff none;--_gs-bg-xp-mobile:0px;--_gs-zi-mobile:1;--_gs-d-mobile:block;--_gs-mw-mobile:calc(100% - 0 - 0);--_gs-columns:12;--_gs-rows:6\"><div class=\"grids-s-w_i\">\n<div class=\"grids-area\" style=\"--_ga-column:1\/7;--_ga-row:1\/2;--_ga-m-desktop:0 15px 0 0;--_ga-p-desktop:0 60px 0 0;--_ga-bg-desktop:transparent none;--_ga-zi-desktop:auto;--_ga-d-desktop:flex;--_ga-mw-desktop:calc(100% - 0 - 15px);--_ga-m-tablet:0 15px 0 0;--_ga-p-tablet:20px 20px 20px 20px;--_ga-bg-tablet:transparent none;--_ga-zi-tablet:auto;--_ga-d-tablet:flex;--_ga-mw-tablet:calc(100% - 0 - 15px);--_ga-m-mobile:0 15px 0 0;--_ga-p-mobile:20px 20px 20px 20px;--_ga-bg-mobile:transparent none;--_ga-zi-mobile:auto;--_ga-d-mobile:flex;--_ga-mw-mobile:calc(100% - 0 - 15px)\">\n\n<p class=\"small uppercase\">IDEAL F\u00dcR PAARE UND SPORTLER<\/p>\n\n\n\n<h2 class=\"wp-block-heading\">Hotel<\/h2>\n\n\n\n<div style=\"height:30px\" aria-hidden=\"true\" class=\"wp-block-spacer\"><\/div>\n\n\n\n<p>Das <strong>4-Sterne-Hotel \u201ePortici\u201c<\/strong> liegt an der Piazza III Novembre, <strong>im Stadtzentrum von Riva del Garda<\/strong>, ganz in Seen\u00e4he.<\/p>\n\n\n\n<p>Das Hotel Portici in Riva del Garda ist ganz renoviert und bietet den G\u00e4sten nach der Erneuerung auch ein <strong>Wellness-Center<\/strong>, sowie <strong>Parkm\u00f6glichkeiten<\/strong> in Tiefgarage und <strong>Bike-Depot<\/strong>.<\/p>\n\n\n\n<p>Aufgrund seiner Serviceleistungen und unterschiedlichen Zimmerkategorien ist das Hotel sowohl f\u00fcr <strong>Paare<\/strong> als auch f\u00fcr <strong>Sportler<\/strong> bestens geeignet.<\/p>\n\n\n\n<p><strong>Wir freuen uns, Sie bei uns willkommen zu hei\u00dfen!<br><\/strong>Die Betriebsleitung mit dem gesamten Portici-Hotel-Team steht Ihnen zur Verf\u00fcgung.<\/p>\n\n\n\n<div style=\"height:30px\" aria-hidden=\"true\" class=\"wp-block-spacer\"><\/div>\n\n<\/div>\n\n<div class=\"grids-area\" style=\"--_ga-column:7\/13;--_ga-row:1\/2;--_ga-va:center;--_ga-m-desktop:0 0 0 0;--_ga-p-desktop:0 0 0 0;--_ga-bg-desktop:transparent none;--_ga-zi-desktop:auto;--_ga-d-desktop:flex;--_ga-mw-desktop:calc(100% - 0 - 0);--_ga-m-tablet:0 0 0 0;--_ga-p-tablet:0 0 0 0;--_ga-bg-tablet:transparent none;--_ga-zi-tablet:auto;--_ga-d-tablet:flex;--_ga-mw-tablet:calc(100% - 0 - 0);--_ga-m-mobile:0 0 0 0;--_ga-p-mobile:0 0 0 0;--_ga-bg-mobile:transparent none;--_ga-zi-mobile:auto;--_ga-d-mobile:flex;--_ga-mw-mobile:calc(100% - 0 - 0)\">\n\n<figure class=\"wp-block-image size-large\"><img decoding=\"async\" width=\"827\" height=\"704\" src=\"https:\/\/www.hotelportici.it\/wp-content\/uploads\/2020\/08\/Hotel_Portici_Hotel_img.png\" alt=\"\" class=\"wp-image-2191\" srcset=\"https:\/\/www.hotelportici.it\/wp-content\/uploads\/2020\/08\/Hotel_Portici_Hotel_img.png 827w, https:\/\/www.hotelportici.it\/wp-content\/uploads\/2020\/08\/Hotel_Portici_Hotel_img-300x255.png 300w, https:\/\/www.hotelportici.it\/wp-content\/uploads\/2020\/08\/Hotel_Portici_Hotel_img-768x654.png 768w\" sizes=\"(max-width: 827px) 100vw, 827px\" \/><\/figure>\n\n<\/div>\n<\/div><\/div>\n\n<div  class=\"grids-section fascia_spa grids-is-advanced alignfull\" style=\"--_gs-gap-desktop:0px 0px;--_gs-m-desktop:0px 0 -100px 0;--_gs-p-desktop:0 0 0 0;--_gs-bg-desktop:transparent none;--_gs-bg-xp-desktop:0px;--_gs-zi-desktop:auto;--_gs-d-desktop:block;--_gs-mw-desktop:calc(100% - 0 - 0);--_gs-gap-tablet:0px 0px;--_gs-m-tablet:0px 0 -100px 0;--_gs-p-tablet:0 0 0 0;--_gs-bg-tablet:transparent none;--_gs-bg-xp-tablet:0px;--_gs-zi-tablet:auto;--_gs-d-tablet:block;--_gs-mw-tablet:calc(100% - 0 - 0);--_gs-gap-mobile:0px 0px;--_gs-m-mobile:0px 0 -100px 0;--_gs-p-mobile:0 0 0 0;--_gs-bg-mobile:transparent none;--_gs-bg-xp-mobile:0px;--_gs-zi-mobile:auto;--_gs-d-mobile:block;--_gs-mw-mobile:calc(100% - 0 - 0);--_gs-columns:12;--_gs-rows:6\"><div class=\"grids-s-w_i\">\n<div class=\"grids-area\" style=\"--_ga-column:1\/13;--_ga-row:1\/4;--_ga-m-desktop:0 0 0 0;--_ga-p-desktop:0 0 0 0;--_ga-bg-desktop:transparent url(https:\/\/www.hotelportici.it\/wp-content\/uploads\/2020\/10\/2.jpg) no-repeat 50% 50%  \/ cover;--_ga-zi-desktop:auto;--_ga-d-desktop:flex;--_ga-mw-desktop:calc(100% - 0 - 0);--_ga-m-tablet:0 0 0 0;--_ga-p-tablet:0 0 0 0;--_ga-bg-tablet:transparent url(https:\/\/www.hotelportici.it\/wp-content\/uploads\/2020\/10\/2.jpg) no-repeat 50% 50%  \/ cover;--_ga-zi-tablet:auto;--_ga-d-tablet:flex;--_ga-mw-tablet:calc(100% - 0 - 0);--_ga-m-mobile:0 0 0 0;--_ga-p-mobile:0 0 0 0;--_ga-bg-mobile:transparent url(https:\/\/www.hotelportici.it\/wp-content\/uploads\/2020\/10\/2.jpg) no-repeat 50% 50%  \/ cover;--_ga-zi-mobile:auto;--_ga-d-mobile:flex;--_ga-mw-mobile:calc(100% - 0 - 0)\">\n\n<div style=\"height:100px\" aria-hidden=\"true\" class=\"wp-block-spacer\"><\/div>\n\n<\/div>\n\n<div class=\"grids-area\" style=\"--_ga-column:6\/12;--_ga-row:2\/3;--_ga-va:center;--_ga-m-desktop:0 0 0 0;--_ga-p-desktop:40px 40px 40px 40px;--_ga-bg-desktop:#ffffff none;--_ga-zi-desktop:auto;--_ga-d-desktop:flex;--_ga-mw-desktop:calc(100% - 0 - 0);--_ga-m-tablet:0 0 0 0;--_ga-p-tablet:40px 40px 40px 40px;--_ga-bg-tablet:#ffffff none;--_ga-zi-tablet:auto;--_ga-d-tablet:flex;--_ga-mw-tablet:calc(100% - 0 - 0);--_ga-m-mobile:0 30px 0 30px;--_ga-p-mobile:12px 12px 12px 12px;--_ga-bg-mobile:#ffffff none;--_ga-zi-mobile:auto;--_ga-d-mobile:flex;--_ga-mw-mobile:calc(100% - 30px - 30px)\">\n\n<p><strong><strong>Aus welchen Gr\u00fcnden sollten Sie Hotel Portici \u2013 Romantik&amp;Wellness w\u00e4hlen?<\/strong><\/strong><\/p>\n\n\n\n<ul class=\"wp-block-list\">\n<li>Sehr g\u00fcnstige Lage im Stadtzentrum von Riva del Garda, 50m vom Gardasee und 200m vom Strand entfernt<\/li>\n\n\n\n<li>Zuvorkommendes Personal<\/li>\n\n\n\n<li>Gelegenheit, Ihr Fr\u00fchst\u00fcck im Freien auf der Terrasse am Hafenplatz von Riva del Garda zu genie\u00dfen<\/li>\n\n\n\n<li>Beauty &amp; Wellness-Center &#8222;Ninfea&#8220; Gratis<\/li>\n\n\n\n<li>Privat Parkplatz in der N\u00e4he Gratis.<\/li>\n<\/ul>\n\n\n<a style=\"display: inline-block;\" href=\"https:\/\/simplebooking.hotelportici.it\/ibe2\/hotel\/5385?lang=DE&cur=EUR\" class=\"btn\" target=\"_blank\">Verf\u00fcgbarkeit pr\u00fcfen<\/a>\n\n<\/div>\n\n<div class=\"grids-area\" style=\"--_ga-column:1\/13;--_ga-row:1\/2;--_ga-m-desktop:0 0 0 0;--_ga-p-desktop:0 0 0 0;--_ga-bg-desktop:transparent none;--_ga-zi-desktop:auto;--_ga-d-desktop:flex;--_ga-mw-desktop:calc(100% - 0 - 0);--_ga-m-tablet:0 0 0 0;--_ga-p-tablet:0 0 0 0;--_ga-bg-tablet:transparent none;--_ga-zi-tablet:auto;--_ga-d-tablet:flex;--_ga-mw-tablet:calc(100% - 0 - 0);--_ga-m-mobile:0 0 0 0;--_ga-p-mobile:0 0 0 0;--_ga-bg-mobile:transparent none;--_ga-zi-mobile:auto;--_ga-d-mobile:flex;--_ga-mw-mobile:calc(100% - 0 - 0)\">\n\n<div style=\"height:100px\" aria-hidden=\"true\" class=\"wp-block-spacer padding-fascia\"><\/div>\n\n<\/div>\n\n<div class=\"grids-area\" style=\"--_ga-column:1\/13;--_ga-row:3\/4;--_ga-m-desktop:0 0 0 0;--_ga-p-desktop:0 0 0 0;--_ga-bg-desktop:transparent none;--_ga-zi-desktop:auto;--_ga-d-desktop:flex;--_ga-mw-desktop:calc(100% - 0 - 0);--_ga-m-tablet:0 0 0 0;--_ga-p-tablet:0 0 0 0;--_ga-bg-tablet:transparent none;--_ga-zi-tablet:auto;--_ga-d-tablet:flex;--_ga-mw-tablet:calc(100% - 0 - 0);--_ga-m-mobile:0 0 0 0;--_ga-p-mobile:0 0 0 0;--_ga-bg-mobile:transparent none;--_ga-zi-mobile:auto;--_ga-d-mobile:flex;--_ga-mw-mobile:calc(100% - 0 - 0)\">\n\n<div style=\"height:100px\" aria-hidden=\"true\" class=\"wp-block-spacer padding-fascia\"><\/div>\n\n<\/div>\n<\/div><\/div>\n\n\n<div class=\"conver-widget-v2\"\n     data-instance=\"conver-v2-1\">\n\n  <div class=\"chat-container\" id=\"chat-section\">\n\n    <div class=\"chat-header\">\n      <div class=\"chat-header-logo\">\n        <img decoding=\"async\"\n          src=\"https:\/\/www.hotelportici.it\/wp-content\/themes\/jampaa\/template-parts\/ricerca-conversazionale-v2\/assets\/img\/logo-ricerca-conv.png\"\n          alt=\"\"\n        >\n        <span>Hallo<\/span>\n      <\/div>\n\n      <h2>Womit fangen wir an?<\/h2>\n    <\/div>\n\n    <!-- Chat -->\n    <div class=\"chat-box\"><\/div>\n\n    <!-- Loading -->\n    <div class=\"loading-conver hidden\" aria-hidden=\"true\">\n      <div class=\"dot\"><\/div><div class=\"dot\"><\/div><div class=\"dot\"><\/div>\n    <\/div>\n\n    <!-- Input -->\n    <div class=\"input-area-conver-wrapper\">\n      <div class=\"input-area-conver\">\n        <textarea\n          class=\"user-input-conver\"\n          placeholder=\"Stelle eine Frage...\"\n          rows=\"1\"\n        ><\/textarea>\n\n        <div class=\"box-btn-conver\">\n          <a class=\"send-btn-conver\" href=\"#\" role=\"button\" aria-label=\"AI Search\">\n            <i class=\"fa-light fa-magnifying-glass icon-search\" aria-hidden=\"true\"><\/i>\n            <i class=\"fa-regular fa-arrow-up icon-send hidden\" aria-hidden=\"true\"><\/i>\n            <span class=\"ai-search-text\">AI Search<\/span>\n          <\/a>\n\n          <i class=\"fa-light fa-close icon-erase hidden\" aria-hidden=\"true\"><\/i>\n        <\/div>\n      <\/div>\n    <\/div>\n    <span class=\"show-quick-questions hidden\">Zeige schnelle Fragen<\/span>\n\n    <!-- Domande rapide -->\n    <div class=\"entry-chats-wrapper\">\n      <button type=\"button\" class=\"entry-chat\" data-prompt=\"Ein Zimmer f\u00fcr zwei Personen buchen\">\n        Ein Zimmer f\u00fcr zwei Personen buchen      <\/button>\n\n      <button type=\"button\" class=\"entry-chat\" data-prompt=\"Sonderangebote entdecken\">\n        Sonderangebote entdecken      <\/button>\n\n      <button type=\"button\" class=\"entry-chat\" data-prompt=\"Zimmer entdecken\">\n        Zimmer entdecken      <\/button>\n\n      <button type=\"button\" class=\"entry-chat\" data-prompt=\"Entdecke das Wellnesscenter Ninfea\">\n        Entdecke das Wellnesscenter Ninfea      <\/button>\n    <\/div>\n\n  <\/div>\n<\/div>\n","protected":false},"excerpt":{"rendered":"","protected":false},"author":2,"featured_media":2041,"parent":0,"menu_order":0,"comment_status":"closed","ping_status":"closed","template":"templates\/template-full-width.php","meta":{"_acf_changed":false,"advgb_blocks_editor_width":"","advgb_blocks_columns_visual_guide":"","footnotes":""},"class_list":["post-1718","page","type-page","status-publish","has-post-thumbnail","hentry"],"acf":[],"yoast_head":"<!-- This site is optimized with the Yoast SEO plugin v26.0 - https:\/\/yoast.com\/wordpress\/plugins\/seo\/ -->\n<title>Hotel - Hotel Portici<\/title>\n<meta name=\"description\" content=\"Das 4-Sterne-Hotel \u201ePortici\u201c liegt an der Piazza III Novembre, im Stadtzentrum von Riva del Garda, ganz in Seen\u00e4he.\" \/>\n<meta name=\"robots\" content=\"index, follow, max-snippet:-1, max-image-preview:large, max-video-preview:-1\" \/>\n<link rel=\"canonical\" href=\"https:\/\/www.hotelportici.it\/de\/hotel\/\" \/>\n<meta property=\"og:locale\" content=\"de_DE\" \/>\n<meta property=\"og:type\" content=\"article\" \/>\n<meta property=\"og:title\" content=\"Hotel - Hotel Portici\" \/>\n<meta property=\"og:description\" content=\"Das 4-Sterne-Hotel \u201ePortici\u201c liegt an der Piazza III Novembre, im Stadtzentrum von Riva del Garda, ganz in Seen\u00e4he.\" \/>\n<meta property=\"og:url\" content=\"https:\/\/www.hotelportici.it\/de\/hotel\/\" \/>\n<meta property=\"og:site_name\" content=\"Hotel Portici\" \/>\n<meta property=\"article:modified_time\" content=\"2026-02-17T16:43:56+00:00\" \/>\n<meta property=\"og:image\" content=\"https:\/\/www.hotelportici.it\/wp-content\/uploads\/2020\/08\/Riva-del-Garda.jpg\" \/>\n\t<meta property=\"og:image:width\" content=\"1374\" \/>\n\t<meta property=\"og:image:height\" content=\"916\" \/>\n\t<meta property=\"og:image:type\" content=\"image\/jpeg\" \/>\n<meta name=\"twitter:card\" content=\"summary_large_image\" \/>\n<meta name=\"twitter:label1\" content=\"Gesch\u00e4tzte Lesezeit\" \/>\n\t<meta name=\"twitter:data1\" content=\"2\u00a0Minuten\" \/>\n<script type=\"application\/ld+json\" class=\"yoast-schema-graph\">{\"@context\":\"https:\/\/schema.org\",\"@graph\":[{\"@type\":\"WebPage\",\"@id\":\"https:\/\/www.hotelportici.it\/de\/hotel\/\",\"url\":\"https:\/\/www.hotelportici.it\/de\/hotel\/\",\"name\":\"Hotel - Hotel Portici\",\"isPartOf\":{\"@id\":\"https:\/\/www.hotelportici.it\/it\/#website\"},\"primaryImageOfPage\":{\"@id\":\"https:\/\/www.hotelportici.it\/de\/hotel\/#primaryimage\"},\"image\":{\"@id\":\"https:\/\/www.hotelportici.it\/de\/hotel\/#primaryimage\"},\"thumbnailUrl\":\"https:\/\/www.hotelportici.it\/wp-content\/uploads\/2020\/08\/Riva-del-Garda.jpg\",\"datePublished\":\"2020-08-05T14:25:06+00:00\",\"dateModified\":\"2026-02-17T16:43:56+00:00\",\"description\":\"Das 4-Sterne-Hotel \u201ePortici\u201c liegt an der Piazza III Novembre, im Stadtzentrum von Riva del Garda, ganz in Seen\u00e4he.\",\"breadcrumb\":{\"@id\":\"https:\/\/www.hotelportici.it\/de\/hotel\/#breadcrumb\"},\"inLanguage\":\"de\",\"potentialAction\":[{\"@type\":\"ReadAction\",\"target\":[\"https:\/\/www.hotelportici.it\/de\/hotel\/\"]}]},{\"@type\":\"ImageObject\",\"inLanguage\":\"de\",\"@id\":\"https:\/\/www.hotelportici.it\/de\/hotel\/#primaryimage\",\"url\":\"https:\/\/www.hotelportici.it\/wp-content\/uploads\/2020\/08\/Riva-del-Garda.jpg\",\"contentUrl\":\"https:\/\/www.hotelportici.it\/wp-content\/uploads\/2020\/08\/Riva-del-Garda.jpg\",\"width\":1374,\"height\":916},{\"@type\":\"BreadcrumbList\",\"@id\":\"https:\/\/www.hotelportici.it\/de\/hotel\/#breadcrumb\",\"itemListElement\":[{\"@type\":\"ListItem\",\"position\":1,\"name\":\"Home\",\"item\":\"https:\/\/www.hotelportici.it\/de\/\"},{\"@type\":\"ListItem\",\"position\":2,\"name\":\"Hotel\"}]},{\"@type\":\"WebSite\",\"@id\":\"https:\/\/www.hotelportici.it\/it\/#website\",\"url\":\"https:\/\/www.hotelportici.it\/it\/\",\"name\":\"Hotel Portici\",\"description\":\"Romantik &amp; Wellness | Riva del Garda\",\"publisher\":{\"@id\":\"https:\/\/www.hotelportici.it\/it\/#organization\"},\"potentialAction\":[{\"@type\":\"SearchAction\",\"target\":{\"@type\":\"EntryPoint\",\"urlTemplate\":\"https:\/\/www.hotelportici.it\/it\/?s={search_term_string}\"},\"query-input\":{\"@type\":\"PropertyValueSpecification\",\"valueRequired\":true,\"valueName\":\"search_term_string\"}}],\"inLanguage\":\"de\"},{\"@type\":\"Organization\",\"@id\":\"https:\/\/www.hotelportici.it\/it\/#organization\",\"name\":\"Hotel Portici\",\"url\":\"https:\/\/www.hotelportici.it\/it\/\",\"logo\":{\"@type\":\"ImageObject\",\"inLanguage\":\"de\",\"@id\":\"https:\/\/www.hotelportici.it\/it\/#\/schema\/logo\/image\/\",\"url\":\"https:\/\/www.hotelportici.it\/wp-content\/uploads\/2024\/03\/hotel-portici.png\",\"contentUrl\":\"https:\/\/www.hotelportici.it\/wp-content\/uploads\/2024\/03\/hotel-portici.png\",\"width\":1200,\"height\":278,\"caption\":\"Hotel Portici\"},\"image\":{\"@id\":\"https:\/\/www.hotelportici.it\/it\/#\/schema\/logo\/image\/\"}}]}<\/script>\n<!-- \/ Yoast SEO plugin. -->","yoast_head_json":{"title":"Hotel - Hotel Portici","description":"Das 4-Sterne-Hotel \u201ePortici\u201c liegt an der Piazza III Novembre, im Stadtzentrum von Riva del Garda, ganz in Seen\u00e4he.","robots":{"index":"index","follow":"follow","max-snippet":"max-snippet:-1","max-image-preview":"max-image-preview:large","max-video-preview":"max-video-preview:-1"},"canonical":"https:\/\/www.hotelportici.it\/de\/hotel\/","og_locale":"de_DE","og_type":"article","og_title":"Hotel - Hotel Portici","og_description":"Das 4-Sterne-Hotel \u201ePortici\u201c liegt an der Piazza III Novembre, im Stadtzentrum von Riva del Garda, ganz in Seen\u00e4he.","og_url":"https:\/\/www.hotelportici.it\/de\/hotel\/","og_site_name":"Hotel Portici","article_modified_time":"2026-02-17T16:43:56+00:00","og_image":[{"width":1374,"height":916,"url":"https:\/\/www.hotelportici.it\/wp-content\/uploads\/2020\/08\/Riva-del-Garda.jpg","type":"image\/jpeg"}],"twitter_card":"summary_large_image","twitter_misc":{"Gesch\u00e4tzte Lesezeit":"2\u00a0Minuten"},"schema":{"@context":"https:\/\/schema.org","@graph":[{"@type":"WebPage","@id":"https:\/\/www.hotelportici.it\/de\/hotel\/","url":"https:\/\/www.hotelportici.it\/de\/hotel\/","name":"Hotel - Hotel Portici","isPartOf":{"@id":"https:\/\/www.hotelportici.it\/it\/#website"},"primaryImageOfPage":{"@id":"https:\/\/www.hotelportici.it\/de\/hotel\/#primaryimage"},"image":{"@id":"https:\/\/www.hotelportici.it\/de\/hotel\/#primaryimage"},"thumbnailUrl":"https:\/\/www.hotelportici.it\/wp-content\/uploads\/2020\/08\/Riva-del-Garda.jpg","datePublished":"2020-08-05T14:25:06+00:00","dateModified":"2026-02-17T16:43:56+00:00","description":"Das 4-Sterne-Hotel \u201ePortici\u201c liegt an der Piazza III Novembre, im Stadtzentrum von Riva del Garda, ganz in Seen\u00e4he.","breadcrumb":{"@id":"https:\/\/www.hotelportici.it\/de\/hotel\/#breadcrumb"},"inLanguage":"de","potentialAction":[{"@type":"ReadAction","target":["https:\/\/www.hotelportici.it\/de\/hotel\/"]}]},{"@type":"ImageObject","inLanguage":"de","@id":"https:\/\/www.hotelportici.it\/de\/hotel\/#primaryimage","url":"https:\/\/www.hotelportici.it\/wp-content\/uploads\/2020\/08\/Riva-del-Garda.jpg","contentUrl":"https:\/\/www.hotelportici.it\/wp-content\/uploads\/2020\/08\/Riva-del-Garda.jpg","width":1374,"height":916},{"@type":"BreadcrumbList","@id":"https:\/\/www.hotelportici.it\/de\/hotel\/#breadcrumb","itemListElement":[{"@type":"ListItem","position":1,"name":"Home","item":"https:\/\/www.hotelportici.it\/de\/"},{"@type":"ListItem","position":2,"name":"Hotel"}]},{"@type":"WebSite","@id":"https:\/\/www.hotelportici.it\/it\/#website","url":"https:\/\/www.hotelportici.it\/it\/","name":"Hotel Portici","description":"Romantik &amp; Wellness | Riva del Garda","publisher":{"@id":"https:\/\/www.hotelportici.it\/it\/#organization"},"potentialAction":[{"@type":"SearchAction","target":{"@type":"EntryPoint","urlTemplate":"https:\/\/www.hotelportici.it\/it\/?s={search_term_string}"},"query-input":{"@type":"PropertyValueSpecification","valueRequired":true,"valueName":"search_term_string"}}],"inLanguage":"de"},{"@type":"Organization","@id":"https:\/\/www.hotelportici.it\/it\/#organization","name":"Hotel Portici","url":"https:\/\/www.hotelportici.it\/it\/","logo":{"@type":"ImageObject","inLanguage":"de","@id":"https:\/\/www.hotelportici.it\/it\/#\/schema\/logo\/image\/","url":"https:\/\/www.hotelportici.it\/wp-content\/uploads\/2024\/03\/hotel-portici.png","contentUrl":"https:\/\/www.hotelportici.it\/wp-content\/uploads\/2024\/03\/hotel-portici.png","width":1200,"height":278,"caption":"Hotel Portici"},"image":{"@id":"https:\/\/www.hotelportici.it\/it\/#\/schema\/logo\/image\/"}}]}},"coauthors":[],"author_meta":{"author_link":"https:\/\/www.hotelportici.it\/de\/author\/p0rtic1\/","display_name":"p0rtic1"},"relative_dates":{"created":"Posted 6\u00a0Jahren ago","modified":"Updated 2\u00a0Monaten ago"},"absolute_dates":{"created":"Posted on 5 August 2020","modified":"Updated on 17 Februar 2026"},"absolute_dates_time":{"created":"Posted on 5 August 2020 16:25","modified":"Updated on 17 Februar 2026 17:43"},"featured_img_caption":"","featured_img":"https:\/\/www.hotelportici.it\/wp-content\/uploads\/2020\/08\/Riva-del-Garda-1200x800.jpg","series_order":"","_links":{"self":[{"href":"https:\/\/www.hotelportici.it\/de\/wp-json\/wp\/v2\/pages\/1718","targetHints":{"allow":["GET"]}}],"collection":[{"href":"https:\/\/www.hotelportici.it\/de\/wp-json\/wp\/v2\/pages"}],"about":[{"href":"https:\/\/www.hotelportici.it\/de\/wp-json\/wp\/v2\/types\/page"}],"author":[{"embeddable":true,"href":"https:\/\/www.hotelportici.it\/de\/wp-json\/wp\/v2\/users\/2"}],"replies":[{"embeddable":true,"href":"https:\/\/www.hotelportici.it\/de\/wp-json\/wp\/v2\/comments?post=1718"}],"version-history":[{"count":0,"href":"https:\/\/www.hotelportici.it\/de\/wp-json\/wp\/v2\/pages\/1718\/revisions"}],"wp:featuredmedia":[{"embeddable":true,"href":"https:\/\/www.hotelportici.it\/de\/wp-json\/wp\/v2\/media\/2041"}],"wp:attachment":[{"href":"https:\/\/www.hotelportici.it\/de\/wp-json\/wp\/v2\/media?parent=1718"}],"curies":[{"name":"wp","href":"https:\/\/api.w.org\/{rel}","templated":true}]}}