{"id":1493,"date":"2020-07-23T09:11:39","date_gmt":"2020-07-23T07:11:39","guid":{"rendered":"https:\/\/sole.promoservicebeta.com\/directions\/"},"modified":"2026-02-17T17:36:51","modified_gmt":"2026-02-17T16:36:51","slug":"anreise","status":"publish","type":"page","link":"https:\/\/www.hotelportici.it\/de\/anreise\/","title":{"rendered":"Anreise"},"content":{"rendered":"<div  class=\"grids-section grids-is-advanced alignwide\" style=\"--_gs-gap-desktop:0px 0px;--_gs-m-desktop:0 0 0 0;--_gs-p-desktop:0 0 0 0;--_gs-bg-desktop:transparent none;--_gs-bg-xp-desktop:0px;--_gs-zi-desktop:1;--_gs-d-desktop:block;--_gs-mw-desktop:calc(100% - 0 - 0);--_gs-gap-tablet:0px 0px;--_gs-m-tablet:0 0 0 0;--_gs-p-tablet:0 0 0 0;--_gs-bg-tablet:transparent none;--_gs-bg-xp-tablet:0px;--_gs-zi-tablet:1;--_gs-d-tablet:block;--_gs-mw-tablet:calc(100% - 0 - 0);--_gs-gap-mobile:0px 0px;--_gs-m-mobile:0 0 0 0;--_gs-p-mobile:0 0 0 0;--_gs-bg-mobile:#ffffff none;--_gs-bg-xp-mobile:0px;--_gs-zi-mobile:1;--_gs-d-mobile:block;--_gs-mw-mobile:calc(100% - 0 - 0);--_gs-columns:12;--_gs-rows:6\"><div class=\"grids-s-w_i\">\n<div class=\"grids-area\" style=\"--_ga-column:1\/6;--_ga-row:1\/2;--_ga-m-desktop:0 15px 0 0;--_ga-p-desktop:0 60px 0 0;--_ga-bg-desktop:transparent none;--_ga-zi-desktop:auto;--_ga-d-desktop:flex;--_ga-mw-desktop:calc(100% - 0 - 15px);--_ga-m-tablet:0 15px 0 0;--_ga-p-tablet:0 60px 0 0;--_ga-bg-tablet:transparent none;--_ga-zi-tablet:auto;--_ga-d-tablet:flex;--_ga-mw-tablet:calc(100% - 0 - 15px);--_ga-m-mobile:0 15px 0 0;--_ga-p-mobile:0 60px 0 0;--_ga-bg-mobile:transparent none;--_ga-zi-mobile:auto;--_ga-d-mobile:flex;--_ga-mw-mobile:calc(100% - 0 - 15px)\">\n\n<h2 class=\"wp-block-heading\">Anreise<\/h2>\n\n\n\n<div style=\"height:20px\" aria-hidden=\"true\" class=\"wp-block-spacer\"><\/div>\n\n\n\n<p>Hotel Portici befindet sich an der Piazza 3 Novembre, 19 &#8211; Riva del Garda (TN).<\/p>\n\n\n\n<div class=\"wp-block-button is-style-outline\">\n  <a class=\"pulsante_comearrivare wp-block-button__link has-text-color has-background has-background-background-color\" href=\"https:\/\/g.page\/hotel-portici-riva-del-garda?share\" target=\"_blank\" rel=\"noopener noreferrer\">\n    <span class=\"posizione_icona icona_comearrivare material-icons\">\n    directions\n    <\/span>\n    <span class=\"testo_pulsante_comearrivare\">\nWeg zum Hotel Portici<\/span><\/a><\/div>\n\n\n\n<div style=\"height:30px\" aria-hidden=\"true\" class=\"wp-block-spacer\"><\/div>\n\n\n\n<p>Wir weisen Sie darauf hin, dass das Hotel Portici sich in einer verkehrsberuhigten Zone (mit italienischer Abk\u00fcrzung ZTL gekennzeichnet) befindet, zu der man durch das Einfahrtstor 3 an Piazza Catena hineinfahren kann. Die Zufahrt ist nur einmal am An- und Abreisetag beim Laden\/Entladen des Gep\u00e4cks erlaubt.<\/p>\n\n\n\n<p><strong>Um die Genehmigung f\u00fcr die Zufahrt zur begrenzten Verkehrszone zu erhalten, muss daher das jeweilige Kfz-Kennzeichen beim Check-in gemeldet und an der Hotelrezeption die entsprechende Bescheinigung abgeholt werden.<\/strong><\/p>\n\n\n\n<p><strong><strong>Bei Nichteinhaltung dieses Verfahrens lehnt die Hotelleitung jegliche Verantwortung f\u00fcr Sanktionen ab.<\/strong><\/strong><\/p>\n\n\n\n<div class=\"wp-block-buttons is-layout-flex wp-block-buttons-is-layout-flex\">\n<div class=\"wp-block-button\"><a class=\"wp-block-button__link has-background wp-element-button\" href=\"\/de\/parkplatz\/\" style=\"background-color:#c3a269\" rel=\"\/parcheggio\">LESEN SIE MEHR \u00dcBER  PARKPLATZ<\/a><\/div>\n<\/div>\n\n<\/div>\n\n<div class=\"grids-area\" style=\"--_ga-column:6\/13;--_ga-row:1\/2;--_ga-m-desktop:0 0 0 0;--_ga-p-desktop:60px 60px 60px 60px;--_ga-bg-desktop:#ebeff3 none;--_ga-zi-desktop:auto;--_ga-d-desktop:flex;--_ga-mw-desktop:calc(100% - 0 - 0);--_ga-m-tablet:0 0 0 0;--_ga-p-tablet:20px 20px 60px 20px;--_ga-bg-tablet:#ebeff3 none;--_ga-zi-tablet:auto;--_ga-d-tablet:flex;--_ga-mw-tablet:calc(100% - 0 - 0);--_ga-m-mobile:30px 0 0 0;--_ga-p-mobile:20px 20px 60px 20px;--_ga-bg-mobile:#ebeff3 none;--_ga-zi-mobile:auto;--_ga-d-mobile:flex;--_ga-mw-mobile:calc(100% - 0 - 0)\">\n\n<p><span class=\"posizione_icona auto_comearrivare material-icons\"> directions_car <\/span><strong class=\"icone_contatti\">  Hinweis f\u00fcr Autofahrer<\/strong><\/p>\n\n\n\n<p class=\"has-text-color\" style=\"color:#444444\">Mit dem Auto ist Riva del Garda am schnellsten \u00fcber die Autobahn A22 (Brennero &#8211; Modena) zu erreichen. Als Ausfahrt empfehlen wir Rovereto Sud-Lago di Garda, ca. 20 km von Riva del Garda entfernt.<\/p>\n\n\n\n<p><span class=\"posizione_icona auto_comearrivare material-icons\"> directions_bus <\/span> <strong class=\"icone_contatti\">  Hinweis f\u00fcr Busreisende:<\/strong><\/p>\n\n\n\n<p class=\"has-text-color\" style=\"color:#444444\">Es gibt eine Reihe von Direktverbindungen nach Riva del Garda: von Trento und Rovereto (Autobus Trentino Trasporti); von Verona und Desenzano (Autobus A.T.V.); von Brescia (Autobus S.I.A) und in den Sommermonaten (ab Mitte Juni bis Mitte September) auch von Venedig aus (Autobus A.T.V.) (dienstags, mittwochs und donnerstags einmal t\u00e4glich Riva del Garda 7:00 Uhr \u2013 Venedig 10:30 Uhr \/ Venedig 17:15 \u2013 Riva del Garda 20:20 Uhr).<\/p>\n\n\n\n<p><span class=\"posizione_icona auto_comearrivare material-icons\"> train <\/span> <strong class=\"icone_contatti\">  Hinweis f\u00fcr Zugreisende:<\/strong><\/p>\n\n\n\n<p class=\"has-text-color\" style=\"color:#444444\">Der n\u00e4chste Bahnhof befindet sich in Rovereto (an der Brennerstrecke), nur 20 km von Riva del Garda entfernt. Rovereto und Riva del Garda sind \u00fcber den \u00f6ffentlichen Nahverkehr (Autobus Trentino Trasporti) verbunden. F\u00fcr Anreisen von Mailand oder Venedig empfehlen sich die Bahnh\u00f6fe von Desenzano, Peschiera und Verona. \u00dcber den \u00f6ffentlichen Nahverkehr A.T.V. gelangt man weiter nach Riva del Garda.<\/p>\n\n\n\n<p><span class=\"posizione_icona auto_comearrivare material-icons\"> flight_land <\/span> <strong class=\"icone_contatti\">  Hinweis f\u00fcr Flugzeug-Reisende:<\/strong><\/p>\n\n\n\n<div class=\"wp-block-group treni_chisiamo\"><div class=\"wp-block-group__inner-container is-layout-flow wp-block-group-is-layout-flow\">\n<div class=\"wp-block-group treni_chisiamo\"><div class=\"wp-block-group__inner-container is-layout-flow wp-block-group-is-layout-flow\">\n<div class=\"wp-block-group treni_comearrivare\"><div class=\"wp-block-group__inner-container is-layout-flow wp-block-group-is-layout-flow\">\n<div class=\"wp-block-group treni_comearrivare\"><div class=\"wp-block-group__inner-container is-layout-flow wp-block-group-is-layout-flow\">\n<div class=\"wp-block-columns are-vertically-aligned-top treni_comearrivare is-layout-flex wp-container-core-columns-is-layout-9d6595d7 wp-block-columns-is-layout-flex\">\n<div class=\"wp-block-column is-vertically-aligned-top is-layout-flow wp-block-column-is-layout-flow\">\n<p class=\"treni_comearrivare\">Verona \u2013 Villafranca &#8222;V. Catullo&#8220; \u2013 85 km<br>Brescia \u2013 Montichiari \u2013 75 km<br>Bergamo \u2013 Orio al Serio \u2013 130 km<\/p>\n<\/div>\n\n\n\n<div class=\"wp-block-column is-vertically-aligned-top is-layout-flow wp-block-column-is-layout-flow\">\n<div class=\"wp-block-group treni_comearrivare\"><div class=\"wp-block-group__inner-container is-layout-flow wp-block-group-is-layout-flow\">\n<p class=\"treni_comearrivare\">Mailand \u2013 Linate \u2013 227 km<br>Mailand \u2013 Malpensa \u2013 265 km<\/p>\n<\/div><\/div>\n<\/div>\n<\/div>\n<\/div><\/div>\n<\/div><\/div>\n<\/div><\/div>\n<\/div><\/div>\n\n\n\n\n\n<\/div>\n<\/div><\/div>\n\n<div  class=\"grids-section grids-is-advanced alignwide\" style=\"--_gs-gap-desktop:0px 0px;--_gs-m-desktop:0 0 0 0;--_gs-p-desktop:0 0 0 0;--_gs-bg-desktop:transparent none;--_gs-bg-xp-desktop:0px;--_gs-zi-desktop:auto;--_gs-d-desktop:block;--_gs-mw-desktop:calc(100% - 0 - 0);--_gs-gap-tablet:0px 0px;--_gs-m-tablet:0 0 0 0;--_gs-p-tablet:0 0 0 0;--_gs-bg-tablet:transparent none;--_gs-bg-xp-tablet:0px;--_gs-zi-tablet:auto;--_gs-d-tablet:block;--_gs-mw-tablet:calc(100% - 0 - 0);--_gs-gap-mobile:0px 0px;--_gs-m-mobile:0 0 0 0;--_gs-p-mobile:0 0 0 0;--_gs-bg-mobile:transparent none;--_gs-bg-xp-mobile:0px;--_gs-zi-mobile:auto;--_gs-d-mobile:block;--_gs-mw-mobile:calc(100% - 0 - 0);--_gs-columns:12;--_gs-rows:6\"><div class=\"grids-s-w_i\">\n<div class=\"grids-area\" style=\"--_ga-column:1\/13;--_ga-row:1\/2;--_ga-m-desktop:0 0 0 0;--_ga-p-desktop:0 0 0 0;--_ga-bg-desktop:transparent none;--_ga-zi-desktop:auto;--_ga-d-desktop:flex;--_ga-mw-desktop:calc(100% - 0 - 0);--_ga-m-tablet:0 0 0 0;--_ga-p-tablet:0 0 0 0;--_ga-bg-tablet:transparent none;--_ga-zi-tablet:auto;--_ga-d-tablet:flex;--_ga-mw-tablet:calc(100% - 0 - 0);--_ga-m-mobile:0 0 0 0;--_ga-p-mobile:0 0 0 0;--_ga-bg-mobile:transparent none;--_ga-zi-mobile:auto;--_ga-d-mobile:flex;--_ga-mw-mobile:calc(100% - 0 - 0)\">\n\n<iframe src=\"https:\/\/www.google.com\/maps\/embed?pb=!1m18!1m12!1m3!1d1042.0230434386165!2d10.839987791801247!3d45.884503302111135!2m3!1f0!2f0!3f0!3m2!1i1024!2i768!4f13.1!3m3!1m2!1s0x4782172753d680cf%3A0x194402c1eb579b8!2sHotel%20Sole%20Relax%20%26%20Panorama!5e0!3m2!1sit!2sit!4v1596803461062!5m2!1sit!2sit\" width=\"600\" height=\"450\" frameborder=\"0\" style=\"border:0;\" allowfullscreen=\"\" aria-hidden=\"false\" tabindex=\"0\"><\/iframe>\n\n<\/div>\n<\/div><\/div>\n\n\n<div class=\"conver-widget-v2\"\n     data-instance=\"conver-v2-1\">\n\n  <div class=\"chat-container\" id=\"chat-section\">\n\n    <div class=\"chat-header\">\n      <div class=\"chat-header-logo\">\n        <img decoding=\"async\"\n          src=\"https:\/\/www.hotelportici.it\/wp-content\/themes\/jampaa\/template-parts\/ricerca-conversazionale-v2\/assets\/img\/logo-ricerca-conv.png\"\n          alt=\"\"\n        >\n        <span>Hallo<\/span>\n      <\/div>\n\n      <h2>Womit fangen wir an?<\/h2>\n    <\/div>\n\n    <!-- Chat -->\n    <div class=\"chat-box\"><\/div>\n\n    <!-- Loading -->\n    <div class=\"loading-conver hidden\" aria-hidden=\"true\">\n      <div class=\"dot\"><\/div><div class=\"dot\"><\/div><div class=\"dot\"><\/div>\n    <\/div>\n\n    <!-- Input -->\n    <div class=\"input-area-conver-wrapper\">\n      <div class=\"input-area-conver\">\n        <textarea\n          class=\"user-input-conver\"\n          placeholder=\"Stelle eine Frage...\"\n          rows=\"1\"\n        ><\/textarea>\n\n        <div class=\"box-btn-conver\">\n          <a class=\"send-btn-conver\" href=\"#\" role=\"button\" aria-label=\"AI Search\">\n            <i class=\"fa-light fa-magnifying-glass icon-search\" aria-hidden=\"true\"><\/i>\n            <i class=\"fa-regular fa-arrow-up icon-send hidden\" aria-hidden=\"true\"><\/i>\n            <span class=\"ai-search-text\">AI Search<\/span>\n          <\/a>\n\n          <i class=\"fa-light fa-close icon-erase hidden\" aria-hidden=\"true\"><\/i>\n        <\/div>\n      <\/div>\n    <\/div>\n    <span class=\"show-quick-questions hidden\">Zeige schnelle Fragen<\/span>\n\n    <!-- Domande rapide -->\n    <div class=\"entry-chats-wrapper\">\n      <button type=\"button\" class=\"entry-chat\" data-prompt=\"Ein Zimmer f\u00fcr zwei Personen buchen\">\n        Ein Zimmer f\u00fcr zwei Personen buchen      <\/button>\n\n      <button type=\"button\" class=\"entry-chat\" data-prompt=\"Sonderangebote entdecken\">\n        Sonderangebote entdecken      <\/button>\n\n      <button type=\"button\" class=\"entry-chat\" data-prompt=\"Zimmer entdecken\">\n        Zimmer entdecken      <\/button>\n\n      <button type=\"button\" class=\"entry-chat\" data-prompt=\"Entdecke das Wellnesscenter Ninfea\">\n        Entdecke das Wellnesscenter Ninfea      <\/button>\n    <\/div>\n\n  <\/div>\n<\/div>\n","protected":false},"excerpt":{"rendered":"","protected":false},"author":2,"featured_media":4637,"parent":0,"menu_order":0,"comment_status":"closed","ping_status":"closed","template":"templates\/template-full-width.php","meta":{"_acf_changed":false,"advgb_blocks_editor_width":"","advgb_blocks_columns_visual_guide":"","footnotes":""},"class_list":["post-1493","page","type-page","status-publish","has-post-thumbnail","hentry"],"acf":[],"yoast_head":"<!-- This site is optimized with the Yoast SEO plugin v26.0 - https:\/\/yoast.com\/wordpress\/plugins\/seo\/ -->\n<title>Anreise - Hotel Portici - Romantik &amp; Wellness | Riva del Garda<\/title>\n<meta name=\"description\" content=\"Hotel Portici befindet sich an der Piazza 3 Novembre, 19 - Riva del Garda (TN), in einer verkehrsberuhigten Zone. Die Zufahrt ist nur einmal am An- und Abreisetag beim Laden\/Entladen des Gep\u00e4cks erlaubt.\" \/>\n<meta name=\"robots\" content=\"index, follow, max-snippet:-1, max-image-preview:large, max-video-preview:-1\" \/>\n<link rel=\"canonical\" href=\"https:\/\/www.hotelportici.it\/de\/anreise\/\" \/>\n<meta property=\"og:locale\" content=\"de_DE\" \/>\n<meta property=\"og:type\" content=\"article\" \/>\n<meta property=\"og:title\" content=\"Anreise - Hotel Portici - Romantik &amp; Wellness | Riva del Garda\" \/>\n<meta property=\"og:description\" content=\"Hotel Portici befindet sich an der Piazza 3 Novembre, 19 - Riva del Garda (TN), in einer verkehrsberuhigten Zone. Die Zufahrt ist nur einmal am An- und Abreisetag beim Laden\/Entladen des Gep\u00e4cks erlaubt.\" \/>\n<meta property=\"og:url\" content=\"https:\/\/www.hotelportici.it\/de\/anreise\/\" \/>\n<meta property=\"og:site_name\" content=\"Hotel Portici\" \/>\n<meta property=\"article:modified_time\" content=\"2026-02-17T16:36:51+00:00\" \/>\n<meta property=\"og:image\" content=\"https:\/\/www.hotelportici.it\/wp-content\/uploads\/2022\/10\/ICD4491-copia-scaled.jpg\" \/>\n\t<meta property=\"og:image:width\" content=\"2560\" \/>\n\t<meta property=\"og:image:height\" content=\"1707\" \/>\n\t<meta property=\"og:image:type\" content=\"image\/jpeg\" \/>\n<meta name=\"twitter:card\" content=\"summary_large_image\" \/>\n<meta name=\"twitter:label1\" content=\"Gesch\u00e4tzte Lesezeit\" \/>\n\t<meta name=\"twitter:data1\" content=\"2\u00a0Minuten\" \/>\n<script type=\"application\/ld+json\" class=\"yoast-schema-graph\">{\"@context\":\"https:\/\/schema.org\",\"@graph\":[{\"@type\":\"WebPage\",\"@id\":\"https:\/\/www.hotelportici.it\/de\/anreise\/\",\"url\":\"https:\/\/www.hotelportici.it\/de\/anreise\/\",\"name\":\"Anreise - Hotel Portici - Romantik &amp; Wellness | Riva del Garda\",\"isPartOf\":{\"@id\":\"https:\/\/www.hotelportici.it\/it\/#website\"},\"primaryImageOfPage\":{\"@id\":\"https:\/\/www.hotelportici.it\/de\/anreise\/#primaryimage\"},\"image\":{\"@id\":\"https:\/\/www.hotelportici.it\/de\/anreise\/#primaryimage\"},\"thumbnailUrl\":\"https:\/\/www.hotelportici.it\/wp-content\/uploads\/2022\/10\/ICD4491-copia-scaled.jpg\",\"datePublished\":\"2020-07-23T07:11:39+00:00\",\"dateModified\":\"2026-02-17T16:36:51+00:00\",\"description\":\"Hotel Portici befindet sich an der Piazza 3 Novembre, 19 - Riva del Garda (TN), in einer verkehrsberuhigten Zone. Die Zufahrt ist nur einmal am An- und Abreisetag beim Laden\/Entladen des Gep\u00e4cks erlaubt.\",\"breadcrumb\":{\"@id\":\"https:\/\/www.hotelportici.it\/de\/anreise\/#breadcrumb\"},\"inLanguage\":\"de\",\"potentialAction\":[{\"@type\":\"ReadAction\",\"target\":[\"https:\/\/www.hotelportici.it\/de\/anreise\/\"]}]},{\"@type\":\"ImageObject\",\"inLanguage\":\"de\",\"@id\":\"https:\/\/www.hotelportici.it\/de\/anreise\/#primaryimage\",\"url\":\"https:\/\/www.hotelportici.it\/wp-content\/uploads\/2022\/10\/ICD4491-copia-scaled.jpg\",\"contentUrl\":\"https:\/\/www.hotelportici.it\/wp-content\/uploads\/2022\/10\/ICD4491-copia-scaled.jpg\",\"width\":2560,\"height\":1707},{\"@type\":\"BreadcrumbList\",\"@id\":\"https:\/\/www.hotelportici.it\/de\/anreise\/#breadcrumb\",\"itemListElement\":[{\"@type\":\"ListItem\",\"position\":1,\"name\":\"Home\",\"item\":\"https:\/\/www.hotelportici.it\/de\/\"},{\"@type\":\"ListItem\",\"position\":2,\"name\":\"Anreise\"}]},{\"@type\":\"WebSite\",\"@id\":\"https:\/\/www.hotelportici.it\/it\/#website\",\"url\":\"https:\/\/www.hotelportici.it\/it\/\",\"name\":\"Hotel Portici\",\"description\":\"Romantik &amp; Wellness | Riva del Garda\",\"publisher\":{\"@id\":\"https:\/\/www.hotelportici.it\/it\/#organization\"},\"potentialAction\":[{\"@type\":\"SearchAction\",\"target\":{\"@type\":\"EntryPoint\",\"urlTemplate\":\"https:\/\/www.hotelportici.it\/it\/?s={search_term_string}\"},\"query-input\":{\"@type\":\"PropertyValueSpecification\",\"valueRequired\":true,\"valueName\":\"search_term_string\"}}],\"inLanguage\":\"de\"},{\"@type\":\"Organization\",\"@id\":\"https:\/\/www.hotelportici.it\/it\/#organization\",\"name\":\"Hotel Portici\",\"url\":\"https:\/\/www.hotelportici.it\/it\/\",\"logo\":{\"@type\":\"ImageObject\",\"inLanguage\":\"de\",\"@id\":\"https:\/\/www.hotelportici.it\/it\/#\/schema\/logo\/image\/\",\"url\":\"https:\/\/www.hotelportici.it\/wp-content\/uploads\/2024\/03\/hotel-portici.png\",\"contentUrl\":\"https:\/\/www.hotelportici.it\/wp-content\/uploads\/2024\/03\/hotel-portici.png\",\"width\":1200,\"height\":278,\"caption\":\"Hotel Portici\"},\"image\":{\"@id\":\"https:\/\/www.hotelportici.it\/it\/#\/schema\/logo\/image\/\"}}]}<\/script>\n<!-- \/ Yoast SEO plugin. -->","yoast_head_json":{"title":"Anreise - Hotel Portici - Romantik &amp; Wellness | Riva del Garda","description":"Hotel Portici befindet sich an der Piazza 3 Novembre, 19 - Riva del Garda (TN), in einer verkehrsberuhigten Zone. Die Zufahrt ist nur einmal am An- und Abreisetag beim Laden\/Entladen des Gep\u00e4cks erlaubt.","robots":{"index":"index","follow":"follow","max-snippet":"max-snippet:-1","max-image-preview":"max-image-preview:large","max-video-preview":"max-video-preview:-1"},"canonical":"https:\/\/www.hotelportici.it\/de\/anreise\/","og_locale":"de_DE","og_type":"article","og_title":"Anreise - Hotel Portici - Romantik &amp; Wellness | Riva del Garda","og_description":"Hotel Portici befindet sich an der Piazza 3 Novembre, 19 - Riva del Garda (TN), in einer verkehrsberuhigten Zone. Die Zufahrt ist nur einmal am An- und Abreisetag beim Laden\/Entladen des Gep\u00e4cks erlaubt.","og_url":"https:\/\/www.hotelportici.it\/de\/anreise\/","og_site_name":"Hotel Portici","article_modified_time":"2026-02-17T16:36:51+00:00","og_image":[{"width":2560,"height":1707,"url":"https:\/\/www.hotelportici.it\/wp-content\/uploads\/2022\/10\/ICD4491-copia-scaled.jpg","type":"image\/jpeg"}],"twitter_card":"summary_large_image","twitter_misc":{"Gesch\u00e4tzte Lesezeit":"2\u00a0Minuten"},"schema":{"@context":"https:\/\/schema.org","@graph":[{"@type":"WebPage","@id":"https:\/\/www.hotelportici.it\/de\/anreise\/","url":"https:\/\/www.hotelportici.it\/de\/anreise\/","name":"Anreise - Hotel Portici - Romantik &amp; Wellness | Riva del Garda","isPartOf":{"@id":"https:\/\/www.hotelportici.it\/it\/#website"},"primaryImageOfPage":{"@id":"https:\/\/www.hotelportici.it\/de\/anreise\/#primaryimage"},"image":{"@id":"https:\/\/www.hotelportici.it\/de\/anreise\/#primaryimage"},"thumbnailUrl":"https:\/\/www.hotelportici.it\/wp-content\/uploads\/2022\/10\/ICD4491-copia-scaled.jpg","datePublished":"2020-07-23T07:11:39+00:00","dateModified":"2026-02-17T16:36:51+00:00","description":"Hotel Portici befindet sich an der Piazza 3 Novembre, 19 - Riva del Garda (TN), in einer verkehrsberuhigten Zone. Die Zufahrt ist nur einmal am An- und Abreisetag beim Laden\/Entladen des Gep\u00e4cks erlaubt.","breadcrumb":{"@id":"https:\/\/www.hotelportici.it\/de\/anreise\/#breadcrumb"},"inLanguage":"de","potentialAction":[{"@type":"ReadAction","target":["https:\/\/www.hotelportici.it\/de\/anreise\/"]}]},{"@type":"ImageObject","inLanguage":"de","@id":"https:\/\/www.hotelportici.it\/de\/anreise\/#primaryimage","url":"https:\/\/www.hotelportici.it\/wp-content\/uploads\/2022\/10\/ICD4491-copia-scaled.jpg","contentUrl":"https:\/\/www.hotelportici.it\/wp-content\/uploads\/2022\/10\/ICD4491-copia-scaled.jpg","width":2560,"height":1707},{"@type":"BreadcrumbList","@id":"https:\/\/www.hotelportici.it\/de\/anreise\/#breadcrumb","itemListElement":[{"@type":"ListItem","position":1,"name":"Home","item":"https:\/\/www.hotelportici.it\/de\/"},{"@type":"ListItem","position":2,"name":"Anreise"}]},{"@type":"WebSite","@id":"https:\/\/www.hotelportici.it\/it\/#website","url":"https:\/\/www.hotelportici.it\/it\/","name":"Hotel Portici","description":"Romantik &amp; Wellness | Riva del Garda","publisher":{"@id":"https:\/\/www.hotelportici.it\/it\/#organization"},"potentialAction":[{"@type":"SearchAction","target":{"@type":"EntryPoint","urlTemplate":"https:\/\/www.hotelportici.it\/it\/?s={search_term_string}"},"query-input":{"@type":"PropertyValueSpecification","valueRequired":true,"valueName":"search_term_string"}}],"inLanguage":"de"},{"@type":"Organization","@id":"https:\/\/www.hotelportici.it\/it\/#organization","name":"Hotel Portici","url":"https:\/\/www.hotelportici.it\/it\/","logo":{"@type":"ImageObject","inLanguage":"de","@id":"https:\/\/www.hotelportici.it\/it\/#\/schema\/logo\/image\/","url":"https:\/\/www.hotelportici.it\/wp-content\/uploads\/2024\/03\/hotel-portici.png","contentUrl":"https:\/\/www.hotelportici.it\/wp-content\/uploads\/2024\/03\/hotel-portici.png","width":1200,"height":278,"caption":"Hotel Portici"},"image":{"@id":"https:\/\/www.hotelportici.it\/it\/#\/schema\/logo\/image\/"}}]}},"coauthors":[],"author_meta":{"author_link":"https:\/\/www.hotelportici.it\/de\/author\/p0rtic1\/","display_name":"p0rtic1"},"relative_dates":{"created":"Posted 6\u00a0Jahren ago","modified":"Updated 2\u00a0Monaten ago"},"absolute_dates":{"created":"Posted on 23 Juli 2020","modified":"Updated on 17 Februar 2026"},"absolute_dates_time":{"created":"Posted on 23 Juli 2020 09:11","modified":"Updated on 17 Februar 2026 17:36"},"featured_img_caption":"","featured_img":"https:\/\/www.hotelportici.it\/wp-content\/uploads\/2022\/10\/ICD4491-copia-1200x800.jpg","series_order":"","_links":{"self":[{"href":"https:\/\/www.hotelportici.it\/de\/wp-json\/wp\/v2\/pages\/1493","targetHints":{"allow":["GET"]}}],"collection":[{"href":"https:\/\/www.hotelportici.it\/de\/wp-json\/wp\/v2\/pages"}],"about":[{"href":"https:\/\/www.hotelportici.it\/de\/wp-json\/wp\/v2\/types\/page"}],"author":[{"embeddable":true,"href":"https:\/\/www.hotelportici.it\/de\/wp-json\/wp\/v2\/users\/2"}],"replies":[{"embeddable":true,"href":"https:\/\/www.hotelportici.it\/de\/wp-json\/wp\/v2\/comments?post=1493"}],"version-history":[{"count":0,"href":"https:\/\/www.hotelportici.it\/de\/wp-json\/wp\/v2\/pages\/1493\/revisions"}],"wp:featuredmedia":[{"embeddable":true,"href":"https:\/\/www.hotelportici.it\/de\/wp-json\/wp\/v2\/media\/4637"}],"wp:attachment":[{"href":"https:\/\/www.hotelportici.it\/de\/wp-json\/wp\/v2\/media?parent=1493"}],"curies":[{"name":"wp","href":"https:\/\/api.w.org\/{rel}","templated":true}]}}