{"id":1463,"date":"2020-07-27T11:40:36","date_gmt":"2020-07-27T09:40:36","guid":{"rendered":"https:\/\/sole.promoservicebeta.com\/food\/"},"modified":"2026-02-17T17:54:51","modified_gmt":"2026-02-17T16:54:51","slug":"restaurant-und-pizzeria","status":"publish","type":"page","link":"https:\/\/www.hotelportici.it\/de\/restaurant-und-pizzeria\/","title":{"rendered":"Restaurant und Pizzeria"},"content":{"rendered":"<div  class=\"grids-section grids-is-advanced alignwide\" style=\"--_gs-gap-desktop:0px 0px;--_gs-m-desktop:0px 0 0px 0;--_gs-p-desktop:0 0 0 0;--_gs-bg-desktop:transparent none;--_gs-bg-xp-desktop:0px;--_gs-zi-desktop:1;--_gs-d-desktop:block;--_gs-mw-desktop:calc(100% - 0 - 0);--_gs-gap-tablet:0px 0px;--_gs-m-tablet:0px 0 0px 0;--_gs-p-tablet:0 0 0 0;--_gs-bg-tablet:transparent none;--_gs-bg-xp-tablet:0px;--_gs-zi-tablet:1;--_gs-d-tablet:block;--_gs-mw-tablet:calc(100% - 0 - 0);--_gs-gap-mobile:0px 0px;--_gs-m-mobile:0px 0 0px 0;--_gs-p-mobile:0 0 0 0;--_gs-bg-mobile:#ffffff none;--_gs-bg-xp-mobile:0px;--_gs-zi-mobile:1;--_gs-d-mobile:block;--_gs-mw-mobile:calc(100% - 0 - 0);--_gs-columns:12;--_gs-rows:6\"><div class=\"grids-s-w_i\">\n<div class=\"grids-area restaurant-title\" style=\"--_ga-column:1\/7;--_ga-row:1\/2;--_ga-m-desktop:0 60px 0 0;--_ga-p-desktop:0 0 0 0;--_ga-bg-desktop:transparent none;--_ga-zi-desktop:auto;--_ga-d-desktop:flex;--_ga-mw-desktop:calc(100% - 0 - 60px);--_ga-m-tablet:0 60px 0 0;--_ga-p-tablet:20px 20px 20px 20px;--_ga-bg-tablet:transparent none;--_ga-zi-tablet:auto;--_ga-d-tablet:flex;--_ga-mw-tablet:calc(100% - 0 - 60px);--_ga-m-mobile:0 60px 0 0;--_ga-p-mobile:20px 20px 20px 20px;--_ga-bg-mobile:transparent none;--_ga-zi-mobile:auto;--_ga-d-mobile:flex;--_ga-mw-mobile:calc(100% - 0 - 60px)\">\n\n<p class=\"small uppercase\">Mit Blick auf einen der sch\u00f6nsten Pl\u00e4tze in Riva del Garda<\/p>\n\n\n\n<h2 class=\"wp-block-heading\">Restaurant und Pizzeria &#8222;Portici&#8220;<\/h2>\n\n\n\n<div style=\"height:20px\" aria-hidden=\"true\" class=\"wp-block-spacer\"><\/div>\n\n\n\n<p class=\"green\"><span class=\"material-icons\">local_dining<\/span> <strong>Im Jahr <\/strong>gro\u00dfe Neuigkeiten<\/p>\n\n\n\n<div style=\"height:30px\" aria-hidden=\"true\" class=\"wp-block-spacer\"><\/div>\n\n\n\n<p class=\"has-text-color\">Mit <strong>Blick<\/strong> auf einen der <strong>sch\u00f6nsten Pl\u00e4tze in Riva del Garda<\/strong> und ausreichenden Sitzgelegenheiten im Freien, verw\u00f6hnen wir Sie in unserem Restaurant und Pizzeria Portici mit Spezialit\u00e4ten aus der Region: <strong>See- und Meeresfisch<\/strong>, <strong>Fleisch<\/strong>, feine <strong>Risotti<\/strong> und selbstverst\u00e4ndlich die gute italienische <strong>Pizza<\/strong>. Als Einstieg vor einem ausgelassenen Abendessen haben wir ein vielf\u00e4ltiges Angebot an <strong>Apertifs<\/strong>, wie dem Klassiker Aperol Spritz, dem neuen Trendgetr\u00e4nk Hugo und dem HiVo &#8218; Ros\u00e9. Dazu servieren wir schmackhafte Snacks frisch zubereitet von unserem Barkeeper.<\/p>\n\n\n\n<p>G\u00e4sten, die in unserem Restaurant und Pizzeria speisen m\u00f6chten, bieten wir denen eine Auswahl an <strong>lokaltypischen Trentiner und italienischen Hauptgerichten<\/strong>, begleitet von einem leckeren Vorspeisen- und Salatbuffet.<\/p>\n\n\n\n<p>Alle Gerichte werden mit <strong>frischen Zutaten<\/strong> und nach Rezepten des K\u00fcchenchefs zubereitet. Unser Restaurantpersonal steht Ihnen jederzeit gerne zur Verf\u00fcgung, im Fall von Nahrungsmittelunvertr\u00e4glichkeiten, in Bezug auf das Aufw\u00e4rmen von Gl\u00e4schenkost Ihres Kindes etc..<\/p>\n\n\n\n<p>Ein ger\u00e4umiges Restaurant und Pizzeria Portici mit einer <strong>Terrasse auf dem Hauptplatz<\/strong> in Riva del Garda kann bis zu 200 Personen unterbringen.<\/p>\n\n\n\n<div style=\"height:20px\" aria-hidden=\"true\" class=\"wp-block-spacer\"><\/div>\n\n\n\n<div style=\"height:20px\" aria-hidden=\"true\" class=\"wp-block-spacer\"><\/div>\n\n\n\n<p>Alternativ dazu finden Sie gegen\u00fcber dem Hotel das <strong>Bacarus &#8211; Tasting Italy<\/strong>: Riva del Gardas neue kulinarische Erfahrung!<\/p>\n\n\n\n<div class=\"wp-block-buttons is-layout-flex wp-block-buttons-is-layout-flex\">\n<div class=\"wp-block-button\"><a class=\"wp-block-button__link has-background-color has-accent-background-color has-text-color has-background wp-element-button\" href=\"https:\/\/www.hotelportici.it\/de\/bacarus-tasting-italy\/\">ENTDECKEN SIE BACARUS<\/a><\/div>\n<\/div>\n\n<\/div>\n\n<div class=\"grids-area\" style=\"--_ga-column:7\/13;--_ga-row:1\/2;--_ga-va:center;--_ga-m-desktop:0 0 0 0;--_ga-p-desktop:0 0 0 0;--_ga-bg-desktop:transparent none;--_ga-zi-desktop:auto;--_ga-d-desktop:flex;--_ga-mw-desktop:calc(100% - 0 - 0);--_ga-m-tablet:0 0 0 0;--_ga-p-tablet:0 0 0 0;--_ga-bg-tablet:transparent none;--_ga-zi-tablet:auto;--_ga-d-tablet:flex;--_ga-mw-tablet:calc(100% - 0 - 0);--_ga-m-mobile:0 0 0 0;--_ga-p-mobile:0 0 0 0;--_ga-bg-mobile:transparent none;--_ga-zi-mobile:auto;--_ga-d-mobile:flex;--_ga-mw-mobile:calc(100% - 0 - 0)\">\n\n<div style=\"height:20px\" aria-hidden=\"true\" class=\"wp-block-spacer\"><\/div>\n\n\n\n<figure class=\"wp-block-gallery has-nested-images columns-default is-cropped wp-block-gallery-1 is-layout-flex wp-block-gallery-is-layout-flex\">\n<figure class=\"wp-block-image size-large\"><img decoding=\"async\" width=\"827\" height=\"897\" data-id=\"3051\" src=\"https:\/\/www.hotelportici.it\/wp-content\/uploads\/2020\/10\/g.jpg\" alt=\"\" class=\"wp-image-3051\" srcset=\"https:\/\/www.hotelportici.it\/wp-content\/uploads\/2020\/10\/g.jpg 827w, https:\/\/www.hotelportici.it\/wp-content\/uploads\/2020\/10\/g-277x300.jpg 277w, https:\/\/www.hotelportici.it\/wp-content\/uploads\/2020\/10\/g-768x833.jpg 768w\" sizes=\"(max-width: 827px) 100vw, 827px\" \/><\/figure>\n\n\n\n<figure class=\"wp-block-image size-large\"><img decoding=\"async\" width=\"779\" height=\"1024\" data-id=\"4414\" src=\"https:\/\/www.hotelportici.it\/wp-content\/uploads\/2022\/04\/DSC00060-6-779x1024.jpg\" alt=\"\" class=\"wp-image-4414\" srcset=\"https:\/\/www.hotelportici.it\/wp-content\/uploads\/2022\/04\/DSC00060-6-779x1024.jpg 779w, https:\/\/www.hotelportici.it\/wp-content\/uploads\/2022\/04\/DSC00060-6-228x300.jpg 228w, https:\/\/www.hotelportici.it\/wp-content\/uploads\/2022\/04\/DSC00060-6-768x1010.jpg 768w, https:\/\/www.hotelportici.it\/wp-content\/uploads\/2022\/04\/DSC00060-6-1168x1536.jpg 1168w, https:\/\/www.hotelportici.it\/wp-content\/uploads\/2022\/04\/DSC00060-6-1557x2048.jpg 1557w, https:\/\/www.hotelportici.it\/wp-content\/uploads\/2022\/04\/DSC00060-6-1200x1578.jpg 1200w, https:\/\/www.hotelportici.it\/wp-content\/uploads\/2022\/04\/DSC00060-6-1980x2604.jpg 1980w, https:\/\/www.hotelportici.it\/wp-content\/uploads\/2022\/04\/DSC00060-6-scaled.jpg 1947w\" sizes=\"(max-width: 779px) 100vw, 779px\" \/><\/figure>\n\n\n\n<figure class=\"wp-block-image size-large\"><img decoding=\"async\" width=\"801\" height=\"1024\" data-id=\"4398\" src=\"https:\/\/www.hotelportici.it\/wp-content\/uploads\/2022\/04\/DSC00081-6-801x1024.jpg\" alt=\"\" class=\"wp-image-4398\" srcset=\"https:\/\/www.hotelportici.it\/wp-content\/uploads\/2022\/04\/DSC00081-6-801x1024.jpg 801w, https:\/\/www.hotelportici.it\/wp-content\/uploads\/2022\/04\/DSC00081-6-235x300.jpg 235w, https:\/\/www.hotelportici.it\/wp-content\/uploads\/2022\/04\/DSC00081-6-768x982.jpg 768w, https:\/\/www.hotelportici.it\/wp-content\/uploads\/2022\/04\/DSC00081-6-1201x1536.jpg 1201w, https:\/\/www.hotelportici.it\/wp-content\/uploads\/2022\/04\/DSC00081-6-1602x2048.jpg 1602w, https:\/\/www.hotelportici.it\/wp-content\/uploads\/2022\/04\/DSC00081-6-1200x1534.jpg 1200w, https:\/\/www.hotelportici.it\/wp-content\/uploads\/2022\/04\/DSC00081-6-1980x2532.jpg 1980w, https:\/\/www.hotelportici.it\/wp-content\/uploads\/2022\/04\/DSC00081-6-scaled.jpg 2002w\" sizes=\"(max-width: 801px) 100vw, 801px\" \/><\/figure>\n\n\n\n<figure class=\"wp-block-image size-large\"><img decoding=\"async\" width=\"707\" height=\"1024\" data-id=\"4402\" src=\"https:\/\/www.hotelportici.it\/wp-content\/uploads\/2022\/04\/DSC00085-6-707x1024.jpg\" alt=\"\" class=\"wp-image-4402\" srcset=\"https:\/\/www.hotelportici.it\/wp-content\/uploads\/2022\/04\/DSC00085-6-707x1024.jpg 707w, https:\/\/www.hotelportici.it\/wp-content\/uploads\/2022\/04\/DSC00085-6-207x300.jpg 207w, https:\/\/www.hotelportici.it\/wp-content\/uploads\/2022\/04\/DSC00085-6-768x1112.jpg 768w, https:\/\/www.hotelportici.it\/wp-content\/uploads\/2022\/04\/DSC00085-6-1061x1536.jpg 1061w, https:\/\/www.hotelportici.it\/wp-content\/uploads\/2022\/04\/DSC00085-6-1415x2048.jpg 1415w, https:\/\/www.hotelportici.it\/wp-content\/uploads\/2022\/04\/DSC00085-6-1200x1737.jpg 1200w, https:\/\/www.hotelportici.it\/wp-content\/uploads\/2022\/04\/DSC00085-6-1980x2866.jpg 1980w, https:\/\/www.hotelportici.it\/wp-content\/uploads\/2022\/04\/DSC00085-6-scaled.jpg 1769w\" sizes=\"(max-width: 707px) 100vw, 707px\" \/><\/figure>\n\n\n\n<figure class=\"wp-block-image size-large\"><img decoding=\"async\" width=\"788\" height=\"1024\" data-id=\"4405\" src=\"https:\/\/www.hotelportici.it\/wp-content\/uploads\/2022\/04\/DSC00089-6-788x1024.jpg\" alt=\"\" class=\"wp-image-4405\" srcset=\"https:\/\/www.hotelportici.it\/wp-content\/uploads\/2022\/04\/DSC00089-6-788x1024.jpg 788w, https:\/\/www.hotelportici.it\/wp-content\/uploads\/2022\/04\/DSC00089-6-231x300.jpg 231w, https:\/\/www.hotelportici.it\/wp-content\/uploads\/2022\/04\/DSC00089-6-768x998.jpg 768w, https:\/\/www.hotelportici.it\/wp-content\/uploads\/2022\/04\/DSC00089-6-1183x1536.jpg 1183w, https:\/\/www.hotelportici.it\/wp-content\/uploads\/2022\/04\/DSC00089-6-1577x2048.jpg 1577w, https:\/\/www.hotelportici.it\/wp-content\/uploads\/2022\/04\/DSC00089-6-1200x1559.jpg 1200w, https:\/\/www.hotelportici.it\/wp-content\/uploads\/2022\/04\/DSC00089-6-1980x2572.jpg 1980w, https:\/\/www.hotelportici.it\/wp-content\/uploads\/2022\/04\/DSC00089-6-scaled.jpg 1971w\" sizes=\"(max-width: 788px) 100vw, 788px\" \/><\/figure>\n\n\n\n<figure class=\"wp-block-image size-large\"><img decoding=\"async\" width=\"741\" height=\"1024\" data-id=\"4411\" src=\"https:\/\/www.hotelportici.it\/wp-content\/uploads\/2022\/04\/DSC00095-6-741x1024.jpg\" alt=\"\" class=\"wp-image-4411\" srcset=\"https:\/\/www.hotelportici.it\/wp-content\/uploads\/2022\/04\/DSC00095-6-741x1024.jpg 741w, https:\/\/www.hotelportici.it\/wp-content\/uploads\/2022\/04\/DSC00095-6-217x300.jpg 217w, https:\/\/www.hotelportici.it\/wp-content\/uploads\/2022\/04\/DSC00095-6-768x1061.jpg 768w, https:\/\/www.hotelportici.it\/wp-content\/uploads\/2022\/04\/DSC00095-6-1112x1536.jpg 1112w, https:\/\/www.hotelportici.it\/wp-content\/uploads\/2022\/04\/DSC00095-6-1483x2048.jpg 1483w, https:\/\/www.hotelportici.it\/wp-content\/uploads\/2022\/04\/DSC00095-6-1200x1657.jpg 1200w, https:\/\/www.hotelportici.it\/wp-content\/uploads\/2022\/04\/DSC00095-6-1980x2735.jpg 1980w, https:\/\/www.hotelportici.it\/wp-content\/uploads\/2022\/04\/DSC00095-6-scaled.jpg 1854w\" sizes=\"(max-width: 741px) 100vw, 741px\" \/><\/figure>\n\n\n\n<figure class=\"wp-block-image size-large\"><img decoding=\"async\" width=\"764\" height=\"1024\" data-id=\"4408\" src=\"https:\/\/www.hotelportici.it\/wp-content\/uploads\/2022\/04\/DSC00105-6-764x1024.jpg\" alt=\"\" class=\"wp-image-4408\" srcset=\"https:\/\/www.hotelportici.it\/wp-content\/uploads\/2022\/04\/DSC00105-6-764x1024.jpg 764w, https:\/\/www.hotelportici.it\/wp-content\/uploads\/2022\/04\/DSC00105-6-224x300.jpg 224w, https:\/\/www.hotelportici.it\/wp-content\/uploads\/2022\/04\/DSC00105-6-768x1029.jpg 768w, https:\/\/www.hotelportici.it\/wp-content\/uploads\/2022\/04\/DSC00105-6-1146x1536.jpg 1146w, https:\/\/www.hotelportici.it\/wp-content\/uploads\/2022\/04\/DSC00105-6-1528x2048.jpg 1528w, https:\/\/www.hotelportici.it\/wp-content\/uploads\/2022\/04\/DSC00105-6-1200x1609.jpg 1200w, https:\/\/www.hotelportici.it\/wp-content\/uploads\/2022\/04\/DSC00105-6-1980x2654.jpg 1980w, https:\/\/www.hotelportici.it\/wp-content\/uploads\/2022\/04\/DSC00105-6-scaled.jpg 1910w\" sizes=\"(max-width: 764px) 100vw, 764px\" \/><\/figure>\n\n\n\n<figure class=\"wp-block-image size-large\"><img decoding=\"async\" width=\"805\" height=\"1024\" data-id=\"4417\" src=\"https:\/\/www.hotelportici.it\/wp-content\/uploads\/2022\/04\/DSC00103-3-805x1024.jpg\" alt=\"\" class=\"wp-image-4417\" srcset=\"https:\/\/www.hotelportici.it\/wp-content\/uploads\/2022\/04\/DSC00103-3-805x1024.jpg 805w, https:\/\/www.hotelportici.it\/wp-content\/uploads\/2022\/04\/DSC00103-3-236x300.jpg 236w, https:\/\/www.hotelportici.it\/wp-content\/uploads\/2022\/04\/DSC00103-3-768x977.jpg 768w, https:\/\/www.hotelportici.it\/wp-content\/uploads\/2022\/04\/DSC00103-3-1207x1536.jpg 1207w, https:\/\/www.hotelportici.it\/wp-content\/uploads\/2022\/04\/DSC00103-3-1610x2048.jpg 1610w, https:\/\/www.hotelportici.it\/wp-content\/uploads\/2022\/04\/DSC00103-3-1200x1527.jpg 1200w, https:\/\/www.hotelportici.it\/wp-content\/uploads\/2022\/04\/DSC00103-3-1980x2519.jpg 1980w, https:\/\/www.hotelportici.it\/wp-content\/uploads\/2022\/04\/DSC00103-3-scaled.jpg 2012w\" sizes=\"(max-width: 805px) 100vw, 805px\" \/><\/figure>\n<\/figure>\n\n<\/div>\n<\/div><\/div>\n\n\n<div class=\"conver-widget-v2\"\n     data-instance=\"conver-v2-2\">\n\n  <div class=\"chat-container\" id=\"chat-section\">\n\n    <div class=\"chat-header\">\n      <div class=\"chat-header-logo\">\n        <img decoding=\"async\"\n          src=\"https:\/\/www.hotelportici.it\/wp-content\/themes\/jampaa\/template-parts\/ricerca-conversazionale-v2\/assets\/img\/logo-ricerca-conv.png\"\n          alt=\"\"\n        >\n        <span>Hallo<\/span>\n      <\/div>\n\n      <h2>Womit fangen wir an?<\/h2>\n    <\/div>\n\n    <!-- Chat -->\n    <div class=\"chat-box\"><\/div>\n\n    <!-- Loading -->\n    <div class=\"loading-conver hidden\" aria-hidden=\"true\">\n      <div class=\"dot\"><\/div><div class=\"dot\"><\/div><div class=\"dot\"><\/div>\n    <\/div>\n\n    <!-- Input -->\n    <div class=\"input-area-conver-wrapper\">\n      <div class=\"input-area-conver\">\n        <textarea\n          class=\"user-input-conver\"\n          placeholder=\"Stelle eine Frage...\"\n          rows=\"1\"\n        ><\/textarea>\n\n        <div class=\"box-btn-conver\">\n          <a class=\"send-btn-conver\" href=\"#\" role=\"button\" aria-label=\"AI Search\">\n            <i class=\"fa-light fa-magnifying-glass icon-search\" aria-hidden=\"true\"><\/i>\n            <i class=\"fa-regular fa-arrow-up icon-send hidden\" aria-hidden=\"true\"><\/i>\n            <span class=\"ai-search-text\">AI Search<\/span>\n          <\/a>\n\n          <i class=\"fa-light fa-close icon-erase hidden\" aria-hidden=\"true\"><\/i>\n        <\/div>\n      <\/div>\n    <\/div>\n    <span class=\"show-quick-questions hidden\">Zeige schnelle Fragen<\/span>\n\n    <!-- Domande rapide -->\n    <div class=\"entry-chats-wrapper\">\n      <button type=\"button\" class=\"entry-chat\" data-prompt=\"Ein Zimmer f\u00fcr zwei Personen buchen\">\n        Ein Zimmer f\u00fcr zwei Personen buchen      <\/button>\n\n      <button type=\"button\" class=\"entry-chat\" data-prompt=\"Sonderangebote entdecken\">\n        Sonderangebote entdecken      <\/button>\n\n      <button type=\"button\" class=\"entry-chat\" data-prompt=\"Zimmer entdecken\">\n        Zimmer entdecken      <\/button>\n\n      <button type=\"button\" class=\"entry-chat\" data-prompt=\"Entdecke das Wellnesscenter Ninfea\">\n        Entdecke das Wellnesscenter Ninfea      <\/button>\n    <\/div>\n\n  <\/div>\n<\/div>\n","protected":false},"excerpt":{"rendered":"","protected":false},"author":2,"featured_media":3848,"parent":0,"menu_order":0,"comment_status":"closed","ping_status":"closed","template":"templates\/template-full-width.php","meta":{"_acf_changed":false,"advgb_blocks_editor_width":"","advgb_blocks_columns_visual_guide":"","footnotes":""},"class_list":["post-1463","page","type-page","status-publish","has-post-thumbnail","hentry"],"acf":[],"yoast_head":"<!-- This site is optimized with the Yoast SEO plugin v26.0 - https:\/\/yoast.com\/wordpress\/plugins\/seo\/ -->\n<title>Restaurant und Pizzeria - Hotel Portici<\/title>\n<meta name=\"description\" content=\"Mit Blick auf einen der sch\u00f6nsten Pl\u00e4tze in Riva del Garda und ausreichenden Sitzgelegenheiten im Freien.\" \/>\n<meta name=\"robots\" content=\"index, follow, max-snippet:-1, max-image-preview:large, max-video-preview:-1\" \/>\n<link rel=\"canonical\" href=\"https:\/\/www.hotelportici.it\/de\/restaurant-und-pizzeria\/\" \/>\n<meta property=\"og:locale\" content=\"de_DE\" \/>\n<meta property=\"og:type\" content=\"article\" \/>\n<meta property=\"og:title\" content=\"Restaurant und Pizzeria - Hotel Portici\" \/>\n<meta property=\"og:description\" content=\"Mit Blick auf einen der sch\u00f6nsten Pl\u00e4tze in Riva del Garda und ausreichenden Sitzgelegenheiten im Freien.\" \/>\n<meta property=\"og:url\" content=\"https:\/\/www.hotelportici.it\/de\/restaurant-und-pizzeria\/\" \/>\n<meta property=\"og:site_name\" content=\"Hotel Portici\" \/>\n<meta property=\"article:modified_time\" content=\"2026-02-17T16:54:51+00:00\" \/>\n<meta property=\"og:image\" content=\"https:\/\/www.hotelportici.it\/wp-content\/uploads\/2021\/07\/357.jpg\" \/>\n\t<meta property=\"og:image:width\" content=\"2000\" \/>\n\t<meta property=\"og:image:height\" content=\"470\" \/>\n\t<meta property=\"og:image:type\" content=\"image\/jpeg\" \/>\n<meta name=\"twitter:card\" content=\"summary_large_image\" \/>\n<meta name=\"twitter:label1\" content=\"Gesch\u00e4tzte Lesezeit\" \/>\n\t<meta name=\"twitter:data1\" content=\"3\u00a0Minuten\" \/>\n<script type=\"application\/ld+json\" class=\"yoast-schema-graph\">{\"@context\":\"https:\/\/schema.org\",\"@graph\":[{\"@type\":\"WebPage\",\"@id\":\"https:\/\/www.hotelportici.it\/de\/restaurant-und-pizzeria\/\",\"url\":\"https:\/\/www.hotelportici.it\/de\/restaurant-und-pizzeria\/\",\"name\":\"Restaurant und Pizzeria - Hotel Portici\",\"isPartOf\":{\"@id\":\"https:\/\/www.hotelportici.it\/it\/#website\"},\"primaryImageOfPage\":{\"@id\":\"https:\/\/www.hotelportici.it\/de\/restaurant-und-pizzeria\/#primaryimage\"},\"image\":{\"@id\":\"https:\/\/www.hotelportici.it\/de\/restaurant-und-pizzeria\/#primaryimage\"},\"thumbnailUrl\":\"https:\/\/www.hotelportici.it\/wp-content\/uploads\/2021\/07\/357.jpg\",\"datePublished\":\"2020-07-27T09:40:36+00:00\",\"dateModified\":\"2026-02-17T16:54:51+00:00\",\"description\":\"Mit Blick auf einen der sch\u00f6nsten Pl\u00e4tze in Riva del Garda und ausreichenden Sitzgelegenheiten im Freien.\",\"breadcrumb\":{\"@id\":\"https:\/\/www.hotelportici.it\/de\/restaurant-und-pizzeria\/#breadcrumb\"},\"inLanguage\":\"de\",\"potentialAction\":[{\"@type\":\"ReadAction\",\"target\":[\"https:\/\/www.hotelportici.it\/de\/restaurant-und-pizzeria\/\"]}]},{\"@type\":\"ImageObject\",\"inLanguage\":\"de\",\"@id\":\"https:\/\/www.hotelportici.it\/de\/restaurant-und-pizzeria\/#primaryimage\",\"url\":\"https:\/\/www.hotelportici.it\/wp-content\/uploads\/2021\/07\/357.jpg\",\"contentUrl\":\"https:\/\/www.hotelportici.it\/wp-content\/uploads\/2021\/07\/357.jpg\",\"width\":2000,\"height\":470},{\"@type\":\"BreadcrumbList\",\"@id\":\"https:\/\/www.hotelportici.it\/de\/restaurant-und-pizzeria\/#breadcrumb\",\"itemListElement\":[{\"@type\":\"ListItem\",\"position\":1,\"name\":\"Home\",\"item\":\"https:\/\/www.hotelportici.it\/de\/\"},{\"@type\":\"ListItem\",\"position\":2,\"name\":\"Restaurant und Pizzeria\"}]},{\"@type\":\"WebSite\",\"@id\":\"https:\/\/www.hotelportici.it\/it\/#website\",\"url\":\"https:\/\/www.hotelportici.it\/it\/\",\"name\":\"Hotel Portici\",\"description\":\"Romantik &amp; Wellness | Riva del Garda\",\"publisher\":{\"@id\":\"https:\/\/www.hotelportici.it\/it\/#organization\"},\"potentialAction\":[{\"@type\":\"SearchAction\",\"target\":{\"@type\":\"EntryPoint\",\"urlTemplate\":\"https:\/\/www.hotelportici.it\/it\/?s={search_term_string}\"},\"query-input\":{\"@type\":\"PropertyValueSpecification\",\"valueRequired\":true,\"valueName\":\"search_term_string\"}}],\"inLanguage\":\"de\"},{\"@type\":\"Organization\",\"@id\":\"https:\/\/www.hotelportici.it\/it\/#organization\",\"name\":\"Hotel Portici\",\"url\":\"https:\/\/www.hotelportici.it\/it\/\",\"logo\":{\"@type\":\"ImageObject\",\"inLanguage\":\"de\",\"@id\":\"https:\/\/www.hotelportici.it\/it\/#\/schema\/logo\/image\/\",\"url\":\"https:\/\/www.hotelportici.it\/wp-content\/uploads\/2024\/03\/hotel-portici.png\",\"contentUrl\":\"https:\/\/www.hotelportici.it\/wp-content\/uploads\/2024\/03\/hotel-portici.png\",\"width\":1200,\"height\":278,\"caption\":\"Hotel Portici\"},\"image\":{\"@id\":\"https:\/\/www.hotelportici.it\/it\/#\/schema\/logo\/image\/\"}}]}<\/script>\n<!-- \/ Yoast SEO plugin. -->","yoast_head_json":{"title":"Restaurant und Pizzeria - Hotel Portici","description":"Mit Blick auf einen der sch\u00f6nsten Pl\u00e4tze in Riva del Garda und ausreichenden Sitzgelegenheiten im Freien.","robots":{"index":"index","follow":"follow","max-snippet":"max-snippet:-1","max-image-preview":"max-image-preview:large","max-video-preview":"max-video-preview:-1"},"canonical":"https:\/\/www.hotelportici.it\/de\/restaurant-und-pizzeria\/","og_locale":"de_DE","og_type":"article","og_title":"Restaurant und Pizzeria - Hotel Portici","og_description":"Mit Blick auf einen der sch\u00f6nsten Pl\u00e4tze in Riva del Garda und ausreichenden Sitzgelegenheiten im Freien.","og_url":"https:\/\/www.hotelportici.it\/de\/restaurant-und-pizzeria\/","og_site_name":"Hotel Portici","article_modified_time":"2026-02-17T16:54:51+00:00","og_image":[{"width":2000,"height":470,"url":"https:\/\/www.hotelportici.it\/wp-content\/uploads\/2021\/07\/357.jpg","type":"image\/jpeg"}],"twitter_card":"summary_large_image","twitter_misc":{"Gesch\u00e4tzte Lesezeit":"3\u00a0Minuten"},"schema":{"@context":"https:\/\/schema.org","@graph":[{"@type":"WebPage","@id":"https:\/\/www.hotelportici.it\/de\/restaurant-und-pizzeria\/","url":"https:\/\/www.hotelportici.it\/de\/restaurant-und-pizzeria\/","name":"Restaurant und Pizzeria - Hotel Portici","isPartOf":{"@id":"https:\/\/www.hotelportici.it\/it\/#website"},"primaryImageOfPage":{"@id":"https:\/\/www.hotelportici.it\/de\/restaurant-und-pizzeria\/#primaryimage"},"image":{"@id":"https:\/\/www.hotelportici.it\/de\/restaurant-und-pizzeria\/#primaryimage"},"thumbnailUrl":"https:\/\/www.hotelportici.it\/wp-content\/uploads\/2021\/07\/357.jpg","datePublished":"2020-07-27T09:40:36+00:00","dateModified":"2026-02-17T16:54:51+00:00","description":"Mit Blick auf einen der sch\u00f6nsten Pl\u00e4tze in Riva del Garda und ausreichenden Sitzgelegenheiten im Freien.","breadcrumb":{"@id":"https:\/\/www.hotelportici.it\/de\/restaurant-und-pizzeria\/#breadcrumb"},"inLanguage":"de","potentialAction":[{"@type":"ReadAction","target":["https:\/\/www.hotelportici.it\/de\/restaurant-und-pizzeria\/"]}]},{"@type":"ImageObject","inLanguage":"de","@id":"https:\/\/www.hotelportici.it\/de\/restaurant-und-pizzeria\/#primaryimage","url":"https:\/\/www.hotelportici.it\/wp-content\/uploads\/2021\/07\/357.jpg","contentUrl":"https:\/\/www.hotelportici.it\/wp-content\/uploads\/2021\/07\/357.jpg","width":2000,"height":470},{"@type":"BreadcrumbList","@id":"https:\/\/www.hotelportici.it\/de\/restaurant-und-pizzeria\/#breadcrumb","itemListElement":[{"@type":"ListItem","position":1,"name":"Home","item":"https:\/\/www.hotelportici.it\/de\/"},{"@type":"ListItem","position":2,"name":"Restaurant und Pizzeria"}]},{"@type":"WebSite","@id":"https:\/\/www.hotelportici.it\/it\/#website","url":"https:\/\/www.hotelportici.it\/it\/","name":"Hotel Portici","description":"Romantik &amp; Wellness | Riva del Garda","publisher":{"@id":"https:\/\/www.hotelportici.it\/it\/#organization"},"potentialAction":[{"@type":"SearchAction","target":{"@type":"EntryPoint","urlTemplate":"https:\/\/www.hotelportici.it\/it\/?s={search_term_string}"},"query-input":{"@type":"PropertyValueSpecification","valueRequired":true,"valueName":"search_term_string"}}],"inLanguage":"de"},{"@type":"Organization","@id":"https:\/\/www.hotelportici.it\/it\/#organization","name":"Hotel Portici","url":"https:\/\/www.hotelportici.it\/it\/","logo":{"@type":"ImageObject","inLanguage":"de","@id":"https:\/\/www.hotelportici.it\/it\/#\/schema\/logo\/image\/","url":"https:\/\/www.hotelportici.it\/wp-content\/uploads\/2024\/03\/hotel-portici.png","contentUrl":"https:\/\/www.hotelportici.it\/wp-content\/uploads\/2024\/03\/hotel-portici.png","width":1200,"height":278,"caption":"Hotel Portici"},"image":{"@id":"https:\/\/www.hotelportici.it\/it\/#\/schema\/logo\/image\/"}}]}},"coauthors":[],"author_meta":{"author_link":"https:\/\/www.hotelportici.it\/de\/author\/p0rtic1\/","display_name":"p0rtic1"},"relative_dates":{"created":"Posted 6\u00a0Jahren ago","modified":"Updated 2\u00a0Monaten ago"},"absolute_dates":{"created":"Posted on 27 Juli 2020","modified":"Updated on 17 Februar 2026"},"absolute_dates_time":{"created":"Posted on 27 Juli 2020 11:40","modified":"Updated on 17 Februar 2026 17:54"},"featured_img_caption":"","featured_img":"https:\/\/www.hotelportici.it\/wp-content\/uploads\/2021\/07\/357-1200x282.jpg","series_order":"","_links":{"self":[{"href":"https:\/\/www.hotelportici.it\/de\/wp-json\/wp\/v2\/pages\/1463","targetHints":{"allow":["GET"]}}],"collection":[{"href":"https:\/\/www.hotelportici.it\/de\/wp-json\/wp\/v2\/pages"}],"about":[{"href":"https:\/\/www.hotelportici.it\/de\/wp-json\/wp\/v2\/types\/page"}],"author":[{"embeddable":true,"href":"https:\/\/www.hotelportici.it\/de\/wp-json\/wp\/v2\/users\/2"}],"replies":[{"embeddable":true,"href":"https:\/\/www.hotelportici.it\/de\/wp-json\/wp\/v2\/comments?post=1463"}],"version-history":[{"count":0,"href":"https:\/\/www.hotelportici.it\/de\/wp-json\/wp\/v2\/pages\/1463\/revisions"}],"wp:featuredmedia":[{"embeddable":true,"href":"https:\/\/www.hotelportici.it\/de\/wp-json\/wp\/v2\/media\/3848"}],"wp:attachment":[{"href":"https:\/\/www.hotelportici.it\/de\/wp-json\/wp\/v2\/media?parent=1463"}],"curies":[{"name":"wp","href":"https:\/\/api.w.org\/{rel}","templated":true}]}}