{"id":1409,"date":"2020-07-27T12:13:52","date_gmt":"2020-07-27T10:13:52","guid":{"rendered":"https:\/\/sole.promoservicebeta.com\/trentino-guest-card\/"},"modified":"2020-08-26T16:17:58","modified_gmt":"2020-08-26T14:17:58","slug":"garda-guest-card","status":"publish","type":"page","link":"https:\/\/www.hotelportici.it\/de\/garda-guest-card\/","title":{"rendered":"Garda Guest Card"},"content":{"rendered":"<div  class=\"grids-section grids-is-advanced alignwide\" style=\"--_gs-gap-desktop:0px 0px;--_gs-m-desktop:0 0 0 0;--_gs-p-desktop:0 0 0 0;--_gs-bg-desktop:transparent none;--_gs-bg-xp-desktop:0px;--_gs-zi-desktop:auto;--_gs-d-desktop:block;--_gs-mw-desktop:calc(100% - 0 - 0);--_gs-gap-tablet:0px 0px;--_gs-m-tablet:0 0 0 0;--_gs-p-tablet:0 0 0 0;--_gs-bg-tablet:transparent none;--_gs-bg-xp-tablet:0px;--_gs-zi-tablet:auto;--_gs-d-tablet:block;--_gs-mw-tablet:calc(100% - 0 - 0);--_gs-gap-mobile:0px 0px;--_gs-m-mobile:0 0 0 0;--_gs-p-mobile:0 0 0 0;--_gs-bg-mobile:transparent none;--_gs-bg-xp-mobile:0px;--_gs-zi-mobile:auto;--_gs-d-mobile:block;--_gs-mw-mobile:calc(100% - 0 - 0);--_gs-columns:12;--_gs-rows:6\"><div class=\"grids-s-w_i\">\n<div class=\"grids-area\" style=\"--_ga-column:1\/7;--_ga-row:1\/2;--_ga-va:center;--_ga-m-desktop:0 15px 0 0;--_ga-p-desktop:0px 60px 0px 0px;--_ga-bg-desktop:transparent none;--_ga-zi-desktop:auto;--_ga-d-desktop:flex;--_ga-mw-desktop:calc(100% - 0 - 15px);--_ga-m-tablet:0 15px 0 0;--_ga-p-tablet:0px 60px 0px 0px;--_ga-bg-tablet:transparent none;--_ga-zi-tablet:auto;--_ga-d-tablet:flex;--_ga-mw-tablet:calc(100% - 0 - 15px);--_ga-m-mobile:0 15px 0 0;--_ga-p-mobile:0px 60px 0px 0px;--_ga-bg-mobile:transparent none;--_ga-zi-mobile:auto;--_ga-d-mobile:flex;--_ga-mw-mobile:calc(100% - 0 - 15px)\">\n\n<h2 class=\"wp-block-heading\">Garda Guest Card<\/h2>\n\n\n\n<div style=\"height:32px\" aria-hidden=\"true\" class=\"wp-block-spacer\"><\/div>\n\n\n\n<p><strong>Urlaub mit Erlebnisgarantie!<br><\/strong>Ein Urlaub mit vielen inklusiven Leistungen.<\/p>\n\n\n\n<p>Mit der Garda Guest Card hat Man <strong>freien Eintritt in die meisten Museen, Schl\u00f6sser und Naturparks<\/strong>, kann \u00f6ffentliche Verkehrsmittel benutzen und erh\u00e4lt Erm\u00e4\u00dfigungen f\u00fcr viele Dienstleistungen, hat Zutritt zu vielen Sehensw\u00fcrdigkeiten ohne Schlange zu stehen und kann an F\u00fchrungen und Verkostungen teilnehmen.<\/p>\n\n\n\n<p>Die Card bietet folgende Leistungen:<\/p>\n\n\n\n<ul class=\"wp-block-list\"><li>kostenlose Nutzung aller \u00f6ffentlichen Verkehrsmittel im Trentino, einschlie\u00dflich Z\u00fcgen, Schiffen und einigen Seilbahnen;<\/li><li>freier Eintritt in \u00fcber 60 Museen, darunter Muse und Mart;<\/li><li>kostenlose Besichtigung von 20 Schl\u00f6ssern und 40 weiteren Sehensw\u00fcrdigkeiten, darunter die Arena von Verona;<\/li><li>Verkostung und Kauf von typischen regionalen Produkten direkt beim Erzeuger und kostenlose Teilnahme an F\u00fchrungen;<\/li><li>Viele weitere Verg\u00fcnstigungen f\u00fcr verschiedene Dienstleistungen.<\/li><\/ul>\n\n\n\n<div style=\"height:30px\" aria-hidden=\"true\" class=\"wp-block-spacer\"><\/div>\n\n\n\n<p class=\"fascia_verde_parcheggio\"><strong>Garda Guest Card ist kostenlos mit einem Aufenthalt von mindestens 2 N\u00e4chte.<\/strong><br>Weitere Informationen finden Sie unter:<br><a href=\"http:\/\/www.gardatrentino.it\/de\/Garda-Guest-Card\/\" target=\"_blank\" rel=\"noreferrer noopener\">www.gardatrentino.it\/de\/Garda-Guest-Card\/<\/a><\/p>\n\n<\/div>\n\n<div class=\"grids-area\" style=\"--_ga-column:7\/14;--_ga-row:1\/2;--_ga-m-desktop:0 0 0 0;--_ga-p-desktop:0 0 0 0;--_ga-bg-desktop:transparent none;--_ga-zi-desktop:auto;--_ga-d-desktop:flex;--_ga-mw-desktop:calc(100% - 0 - 0);--_ga-m-tablet:0 0 0 0;--_ga-p-tablet:0 0 0 0;--_ga-bg-tablet:transparent none;--_ga-zi-tablet:auto;--_ga-d-tablet:flex;--_ga-mw-tablet:calc(100% - 0 - 0);--_ga-m-mobile:0 0 0 0;--_ga-p-mobile:0 0 0 0;--_ga-bg-mobile:transparent none;--_ga-zi-mobile:auto;--_ga-d-mobile:flex;--_ga-mw-mobile:calc(100% - 0 - 0)\">\n\n<figure class=\"wp-block-gallery columns-3 is-cropped wp-block-gallery-1\"><ul class=\"blocks-gallery-grid\"><li class=\"blocks-gallery-item\"><figure><img decoding=\"async\" width=\"1024\" height=\"513\" src=\"https:\/\/www.hotelportici.it\/wp-content\/uploads\/2020\/08\/img_6896_ph.-pillow-lab_2@2x.jpeg\" alt=\"\" data-id=\"2303\" data-full-url=\"https:\/\/www.hotelportici.it\/wp-content\/uploads\/2020\/08\/img_6896_ph.-pillow-lab_2@2x.jpeg\" data-link=\"https:\/\/www.hotelportici.it\/it\/garda-guest-card\/img_6896_ph-pillow-lab_22x\/\" class=\"wp-image-2303\" srcset=\"https:\/\/www.hotelportici.it\/wp-content\/uploads\/2020\/08\/img_6896_ph.-pillow-lab_2@2x.jpeg 1024w, https:\/\/www.hotelportici.it\/wp-content\/uploads\/2020\/08\/img_6896_ph.-pillow-lab_2@2x-300x150.jpeg 300w, https:\/\/www.hotelportici.it\/wp-content\/uploads\/2020\/08\/img_6896_ph.-pillow-lab_2@2x-768x385.jpeg 768w\" sizes=\"(max-width: 1024px) 100vw, 1024px\" \/><\/figure><\/li><li class=\"blocks-gallery-item\"><figure><img decoding=\"async\" width=\"1000\" height=\"563\" src=\"https:\/\/www.hotelportici.it\/wp-content\/uploads\/2020\/08\/bici2.jpg\" alt=\"\" data-id=\"2300\" data-full-url=\"https:\/\/www.hotelportici.it\/wp-content\/uploads\/2020\/08\/bici2.jpg\" data-link=\"https:\/\/www.hotelportici.it\/it\/garda-guest-card\/bici2\/\" class=\"wp-image-2300\" srcset=\"https:\/\/www.hotelportici.it\/wp-content\/uploads\/2020\/08\/bici2.jpg 1000w, https:\/\/www.hotelportici.it\/wp-content\/uploads\/2020\/08\/bici2-300x169.jpg 300w, https:\/\/www.hotelportici.it\/wp-content\/uploads\/2020\/08\/bici2-768x432.jpg 768w\" sizes=\"(max-width: 1000px) 100vw, 1000px\" \/><\/figure><\/li><li class=\"blocks-gallery-item\"><figure><img decoding=\"async\" width=\"1024\" height=\"684\" src=\"https:\/\/www.hotelportici.it\/wp-content\/uploads\/2020\/08\/riva5-1-1024x684.jpg\" alt=\"\" data-id=\"2306\" data-full-url=\"https:\/\/www.hotelportici.it\/wp-content\/uploads\/2020\/08\/riva5-1.jpg\" data-link=\"https:\/\/www.hotelportici.it\/it\/garda-guest-card\/riva5-1\/\" class=\"wp-image-2306\" srcset=\"https:\/\/www.hotelportici.it\/wp-content\/uploads\/2020\/08\/riva5-1-1024x684.jpg 1024w, https:\/\/www.hotelportici.it\/wp-content\/uploads\/2020\/08\/riva5-1-300x200.jpg 300w, https:\/\/www.hotelportici.it\/wp-content\/uploads\/2020\/08\/riva5-1-768x513.jpg 768w, https:\/\/www.hotelportici.it\/wp-content\/uploads\/2020\/08\/riva5-1.jpg 1200w\" sizes=\"(max-width: 1024px) 100vw, 1024px\" \/><\/figure><\/li><li class=\"blocks-gallery-item\"><figure><img decoding=\"async\" width=\"1024\" height=\"683\" src=\"https:\/\/www.hotelportici.it\/wp-content\/uploads\/2020\/07\/Hotel-Portici_Superior_01-1024x683.jpg\" alt=\"\" data-id=\"2224\" data-full-url=\"https:\/\/www.hotelportici.it\/wp-content\/uploads\/2020\/07\/Hotel-Portici_Superior_01.jpg\" data-link=\"https:\/\/www.hotelportici.it\/it\/camere\/superior\/hotel-portici_superior_01\/\" class=\"wp-image-2224\" srcset=\"https:\/\/www.hotelportici.it\/wp-content\/uploads\/2020\/07\/Hotel-Portici_Superior_01-1024x683.jpg 1024w, https:\/\/www.hotelportici.it\/wp-content\/uploads\/2020\/07\/Hotel-Portici_Superior_01-300x200.jpg 300w, https:\/\/www.hotelportici.it\/wp-content\/uploads\/2020\/07\/Hotel-Portici_Superior_01-768x512.jpg 768w, https:\/\/www.hotelportici.it\/wp-content\/uploads\/2020\/07\/Hotel-Portici_Superior_01.jpg 1200w\" sizes=\"(max-width: 1024px) 100vw, 1024px\" \/><\/figure><\/li><li class=\"blocks-gallery-item\"><figure><img decoding=\"async\" width=\"1024\" height=\"415\" src=\"https:\/\/www.hotelportici.it\/wp-content\/uploads\/2020\/08\/Hotel_Portici_bg_hotel-1024x415.jpg\" alt=\"\" data-id=\"2199\" data-full-url=\"https:\/\/www.hotelportici.it\/wp-content\/uploads\/2020\/08\/Hotel_Portici_bg_hotel.jpg\" data-link=\"https:\/\/www.hotelportici.it\/it\/hotel\/hotel_portici_bg_hotel\/\" class=\"wp-image-2199\" srcset=\"https:\/\/www.hotelportici.it\/wp-content\/uploads\/2020\/08\/Hotel_Portici_bg_hotel-1024x415.jpg 1024w, https:\/\/www.hotelportici.it\/wp-content\/uploads\/2020\/08\/Hotel_Portici_bg_hotel-300x122.jpg 300w, https:\/\/www.hotelportici.it\/wp-content\/uploads\/2020\/08\/Hotel_Portici_bg_hotel-768x311.jpg 768w, https:\/\/www.hotelportici.it\/wp-content\/uploads\/2020\/08\/Hotel_Portici_bg_hotel-1536x622.jpg 1536w, https:\/\/www.hotelportici.it\/wp-content\/uploads\/2020\/08\/Hotel_Portici_bg_hotel-1200x486.jpg 1200w, https:\/\/www.hotelportici.it\/wp-content\/uploads\/2020\/08\/Hotel_Portici_bg_hotel-1980x802.jpg 1980w, https:\/\/www.hotelportici.it\/wp-content\/uploads\/2020\/08\/Hotel_Portici_bg_hotel.jpg 2000w\" sizes=\"(max-width: 1024px) 100vw, 1024px\" \/><\/figure><\/li><li class=\"blocks-gallery-item\"><figure><img decoding=\"async\" width=\"1024\" height=\"566\" src=\"https:\/\/www.hotelportici.it\/wp-content\/uploads\/2020\/08\/Comfort-Wellness-1024x566.jpg\" alt=\"\" data-id=\"2022\" data-full-url=\"https:\/\/www.hotelportici.it\/wp-content\/uploads\/2020\/08\/Comfort-Wellness.jpg\" data-link=\"https:\/\/www.hotelportici.it\/it\/home\/comfort-wellness\/\" class=\"wp-image-2022\" srcset=\"https:\/\/www.hotelportici.it\/wp-content\/uploads\/2020\/08\/Comfort-Wellness-1024x566.jpg 1024w, https:\/\/www.hotelportici.it\/wp-content\/uploads\/2020\/08\/Comfort-Wellness-300x166.jpg 300w, https:\/\/www.hotelportici.it\/wp-content\/uploads\/2020\/08\/Comfort-Wellness-768x424.jpg 768w, https:\/\/www.hotelportici.it\/wp-content\/uploads\/2020\/08\/Comfort-Wellness-1200x663.jpg 1200w, https:\/\/www.hotelportici.it\/wp-content\/uploads\/2020\/08\/Comfort-Wellness.jpg 1424w\" sizes=\"(max-width: 1024px) 100vw, 1024px\" \/><\/figure><\/li><li class=\"blocks-gallery-item\"><figure><img decoding=\"async\" width=\"1024\" height=\"683\" src=\"https:\/\/www.hotelportici.it\/wp-content\/uploads\/2020\/08\/Hotel_Portici_GardaGuestCard_vele-1024x683.jpg\" alt=\"\" data-id=\"2313\" data-full-url=\"https:\/\/www.hotelportici.it\/wp-content\/uploads\/2020\/08\/Hotel_Portici_GardaGuestCard_vele.jpg\" data-link=\"https:\/\/www.hotelportici.it\/it\/garda-guest-card\/hotel_portici_gardaguestcard_vele\/\" class=\"wp-image-2313\" srcset=\"https:\/\/www.hotelportici.it\/wp-content\/uploads\/2020\/08\/Hotel_Portici_GardaGuestCard_vele-1024x683.jpg 1024w, https:\/\/www.hotelportici.it\/wp-content\/uploads\/2020\/08\/Hotel_Portici_GardaGuestCard_vele-300x200.jpg 300w, https:\/\/www.hotelportici.it\/wp-content\/uploads\/2020\/08\/Hotel_Portici_GardaGuestCard_vele-768x512.jpg 768w, https:\/\/www.hotelportici.it\/wp-content\/uploads\/2020\/08\/Hotel_Portici_GardaGuestCard_vele-1536x1024.jpg 1536w, https:\/\/www.hotelportici.it\/wp-content\/uploads\/2020\/08\/Hotel_Portici_GardaGuestCard_vele-1200x800.jpg 1200w, https:\/\/www.hotelportici.it\/wp-content\/uploads\/2020\/08\/Hotel_Portici_GardaGuestCard_vele.jpg 1680w\" sizes=\"(max-width: 1024px) 100vw, 1024px\" \/><\/figure><\/li><li class=\"blocks-gallery-item\"><figure><img decoding=\"async\" width=\"800\" height=\"533\" src=\"https:\/\/www.hotelportici.it\/wp-content\/uploads\/2020\/08\/Portici_Vista-piazza.jpg\" alt=\"\" data-id=\"2316\" data-full-url=\"https:\/\/www.hotelportici.it\/wp-content\/uploads\/2020\/08\/Portici_Vista-piazza.jpg\" data-link=\"https:\/\/www.hotelportici.it\/it\/garda-guest-card\/portici_vista-piazza\/\" class=\"wp-image-2316 is-layout-flex wp-block-gallery-is-layout-flex\" srcset=\"https:\/\/www.hotelportici.it\/wp-content\/uploads\/2020\/08\/Portici_Vista-piazza.jpg 800w, https:\/\/www.hotelportici.it\/wp-content\/uploads\/2020\/08\/Portici_Vista-piazza-300x200.jpg 300w, https:\/\/www.hotelportici.it\/wp-content\/uploads\/2020\/08\/Portici_Vista-piazza-768x512.jpg 768w\" sizes=\"(max-width: 800px) 100vw, 800px\" \/><\/figure><\/li><\/ul><\/figure>\n\n<\/div>\n<\/div><\/div>\n\n<div  class=\"grids-section grids-is-advanced alignwide\" style=\"--_gs-gap-desktop:0px 0px;--_gs-m-desktop:0 0 0 0;--_gs-p-desktop:0 0 0 0;--_gs-bg-desktop:transparent none;--_gs-bg-xp-desktop:0px;--_gs-zi-desktop:auto;--_gs-d-desktop:block;--_gs-mw-desktop:calc(100% - 0 - 0);--_gs-gap-tablet:0px 0px;--_gs-m-tablet:0 0 0 0;--_gs-p-tablet:0 0 0 0;--_gs-bg-tablet:transparent none;--_gs-bg-xp-tablet:0px;--_gs-zi-tablet:auto;--_gs-d-tablet:block;--_gs-mw-tablet:calc(100% - 0 - 0);--_gs-gap-mobile:0px 0px;--_gs-m-mobile:0 0 0 0;--_gs-p-mobile:0 0 0 0;--_gs-bg-mobile:transparent none;--_gs-bg-xp-mobile:0px;--_gs-zi-mobile:auto;--_gs-d-mobile:block;--_gs-mw-mobile:calc(100% - 0 - 0);--_gs-columns:12;--_gs-rows:6\"><div class=\"grids-s-w_i\">\n<div class=\"grids-area\" style=\"--_ga-column:1\/13;--_ga-row:1\/2;--_ga-m-desktop:0 0 0 0;--_ga-p-desktop:0 0 0 0;--_ga-bg-desktop:transparent none;--_ga-zi-desktop:auto;--_ga-d-desktop:flex;--_ga-mw-desktop:calc(100% - 0 - 0);--_ga-m-tablet:0 0 0 0;--_ga-p-tablet:0 0 0 0;--_ga-bg-tablet:transparent none;--_ga-zi-tablet:auto;--_ga-d-tablet:flex;--_ga-mw-tablet:calc(100% - 0 - 0);--_ga-m-mobile:0 0 0 0;--_ga-p-mobile:0 0 0 0;--_ga-bg-mobile:transparent none;--_ga-zi-mobile:auto;--_ga-d-mobile:flex;--_ga-mw-mobile:calc(100% - 0 - 0)\"><\/div>\n<\/div><\/div>","protected":false},"excerpt":{"rendered":"","protected":false},"author":2,"featured_media":6553,"parent":0,"menu_order":0,"comment_status":"closed","ping_status":"closed","template":"templates\/template-full-width.php","meta":{"_acf_changed":false,"advgb_blocks_editor_width":"","advgb_blocks_columns_visual_guide":"","footnotes":""},"class_list":["post-1409","page","type-page","status-publish","has-post-thumbnail","hentry"],"acf":[],"yoast_head":"<!-- This site is optimized with the Yoast SEO plugin v26.0 - https:\/\/yoast.com\/wordpress\/plugins\/seo\/ -->\n<title>Garda Guest Card - Hotel Portici<\/title>\n<meta name=\"description\" content=\"Mit der Garda Guest Card hat Man freien Eintritt in die meisten Museen. Es ist kostenlos mit einem Aufenthalt von mindestens 2 N\u00e4chte.\" \/>\n<meta name=\"robots\" content=\"index, follow, max-snippet:-1, max-image-preview:large, max-video-preview:-1\" \/>\n<link rel=\"canonical\" href=\"https:\/\/www.hotelportici.it\/de\/garda-guest-card\/\" \/>\n<meta property=\"og:locale\" content=\"de_DE\" \/>\n<meta property=\"og:type\" content=\"article\" \/>\n<meta property=\"og:title\" content=\"Garda Guest Card - Hotel Portici\" \/>\n<meta property=\"og:description\" content=\"Mit der Garda Guest Card hat Man freien Eintritt in die meisten Museen. Es ist kostenlos mit einem Aufenthalt von mindestens 2 N\u00e4chte.\" \/>\n<meta property=\"og:url\" content=\"https:\/\/www.hotelportici.it\/de\/garda-guest-card\/\" \/>\n<meta property=\"og:site_name\" content=\"Hotel Portici\" \/>\n<meta property=\"article:modified_time\" content=\"2020-08-26T14:17:58+00:00\" \/>\n<meta property=\"og:image\" content=\"https:\/\/www.hotelportici.it\/wp-content\/uploads\/2020\/08\/Hotel_Portici_Garda_Guest_card.jpg\" \/>\n\t<meta property=\"og:image:width\" content=\"2000\" \/>\n\t<meta property=\"og:image:height\" content=\"470\" \/>\n\t<meta property=\"og:image:type\" content=\"image\/jpeg\" \/>\n<meta name=\"twitter:card\" content=\"summary_large_image\" \/>\n<meta name=\"twitter:label1\" content=\"Gesch\u00e4tzte Lesezeit\" \/>\n\t<meta name=\"twitter:data1\" content=\"1\u00a0Minute\" \/>\n<script type=\"application\/ld+json\" class=\"yoast-schema-graph\">{\"@context\":\"https:\/\/schema.org\",\"@graph\":[{\"@type\":\"WebPage\",\"@id\":\"https:\/\/www.hotelportici.it\/de\/garda-guest-card\/\",\"url\":\"https:\/\/www.hotelportici.it\/de\/garda-guest-card\/\",\"name\":\"Garda Guest Card - Hotel Portici\",\"isPartOf\":{\"@id\":\"https:\/\/www.hotelportici.it\/it\/#website\"},\"primaryImageOfPage\":{\"@id\":\"https:\/\/www.hotelportici.it\/de\/garda-guest-card\/#primaryimage\"},\"image\":{\"@id\":\"https:\/\/www.hotelportici.it\/de\/garda-guest-card\/#primaryimage\"},\"thumbnailUrl\":\"https:\/\/www.hotelportici.it\/wp-content\/uploads\/2024\/07\/garda_guest_card.jpg\",\"datePublished\":\"2020-07-27T10:13:52+00:00\",\"dateModified\":\"2020-08-26T14:17:58+00:00\",\"description\":\"Mit der Garda Guest Card hat Man freien Eintritt in die meisten Museen. Es ist kostenlos mit einem Aufenthalt von mindestens 2 N\u00e4chte.\",\"breadcrumb\":{\"@id\":\"https:\/\/www.hotelportici.it\/de\/garda-guest-card\/#breadcrumb\"},\"inLanguage\":\"de\",\"potentialAction\":[{\"@type\":\"ReadAction\",\"target\":[\"https:\/\/www.hotelportici.it\/de\/garda-guest-card\/\"]}]},{\"@type\":\"ImageObject\",\"inLanguage\":\"de\",\"@id\":\"https:\/\/www.hotelportici.it\/de\/garda-guest-card\/#primaryimage\",\"url\":\"https:\/\/www.hotelportici.it\/wp-content\/uploads\/2024\/07\/garda_guest_card.jpg\",\"contentUrl\":\"https:\/\/www.hotelportici.it\/wp-content\/uploads\/2024\/07\/garda_guest_card.jpg\",\"width\":2000,\"height\":1333,\"caption\":\"xr:d:DAFfUidlyQ8:7,j:46436886972,t:23050408\"},{\"@type\":\"BreadcrumbList\",\"@id\":\"https:\/\/www.hotelportici.it\/de\/garda-guest-card\/#breadcrumb\",\"itemListElement\":[{\"@type\":\"ListItem\",\"position\":1,\"name\":\"Home\",\"item\":\"https:\/\/www.hotelportici.it\/de\/\"},{\"@type\":\"ListItem\",\"position\":2,\"name\":\"Garda Guest Card\"}]},{\"@type\":\"WebSite\",\"@id\":\"https:\/\/www.hotelportici.it\/it\/#website\",\"url\":\"https:\/\/www.hotelportici.it\/it\/\",\"name\":\"Hotel Portici\",\"description\":\"Romantik &amp; Wellness | Riva del Garda\",\"publisher\":{\"@id\":\"https:\/\/www.hotelportici.it\/it\/#organization\"},\"potentialAction\":[{\"@type\":\"SearchAction\",\"target\":{\"@type\":\"EntryPoint\",\"urlTemplate\":\"https:\/\/www.hotelportici.it\/it\/?s={search_term_string}\"},\"query-input\":{\"@type\":\"PropertyValueSpecification\",\"valueRequired\":true,\"valueName\":\"search_term_string\"}}],\"inLanguage\":\"de\"},{\"@type\":\"Organization\",\"@id\":\"https:\/\/www.hotelportici.it\/it\/#organization\",\"name\":\"Hotel Portici\",\"url\":\"https:\/\/www.hotelportici.it\/it\/\",\"logo\":{\"@type\":\"ImageObject\",\"inLanguage\":\"de\",\"@id\":\"https:\/\/www.hotelportici.it\/it\/#\/schema\/logo\/image\/\",\"url\":\"https:\/\/www.hotelportici.it\/wp-content\/uploads\/2024\/03\/hotel-portici.png\",\"contentUrl\":\"https:\/\/www.hotelportici.it\/wp-content\/uploads\/2024\/03\/hotel-portici.png\",\"width\":1200,\"height\":278,\"caption\":\"Hotel Portici\"},\"image\":{\"@id\":\"https:\/\/www.hotelportici.it\/it\/#\/schema\/logo\/image\/\"}}]}<\/script>\n<!-- \/ Yoast SEO plugin. -->","yoast_head_json":{"title":"Garda Guest Card - Hotel Portici","description":"Mit der Garda Guest Card hat Man freien Eintritt in die meisten Museen. Es ist kostenlos mit einem Aufenthalt von mindestens 2 N\u00e4chte.","robots":{"index":"index","follow":"follow","max-snippet":"max-snippet:-1","max-image-preview":"max-image-preview:large","max-video-preview":"max-video-preview:-1"},"canonical":"https:\/\/www.hotelportici.it\/de\/garda-guest-card\/","og_locale":"de_DE","og_type":"article","og_title":"Garda Guest Card - Hotel Portici","og_description":"Mit der Garda Guest Card hat Man freien Eintritt in die meisten Museen. Es ist kostenlos mit einem Aufenthalt von mindestens 2 N\u00e4chte.","og_url":"https:\/\/www.hotelportici.it\/de\/garda-guest-card\/","og_site_name":"Hotel Portici","article_modified_time":"2020-08-26T14:17:58+00:00","og_image":[{"width":2000,"height":470,"url":"https:\/\/www.hotelportici.it\/wp-content\/uploads\/2020\/08\/Hotel_Portici_Garda_Guest_card.jpg","type":"image\/jpeg"}],"twitter_card":"summary_large_image","twitter_misc":{"Gesch\u00e4tzte Lesezeit":"1\u00a0Minute"},"schema":{"@context":"https:\/\/schema.org","@graph":[{"@type":"WebPage","@id":"https:\/\/www.hotelportici.it\/de\/garda-guest-card\/","url":"https:\/\/www.hotelportici.it\/de\/garda-guest-card\/","name":"Garda Guest Card - Hotel Portici","isPartOf":{"@id":"https:\/\/www.hotelportici.it\/it\/#website"},"primaryImageOfPage":{"@id":"https:\/\/www.hotelportici.it\/de\/garda-guest-card\/#primaryimage"},"image":{"@id":"https:\/\/www.hotelportici.it\/de\/garda-guest-card\/#primaryimage"},"thumbnailUrl":"https:\/\/www.hotelportici.it\/wp-content\/uploads\/2024\/07\/garda_guest_card.jpg","datePublished":"2020-07-27T10:13:52+00:00","dateModified":"2020-08-26T14:17:58+00:00","description":"Mit der Garda Guest Card hat Man freien Eintritt in die meisten Museen. Es ist kostenlos mit einem Aufenthalt von mindestens 2 N\u00e4chte.","breadcrumb":{"@id":"https:\/\/www.hotelportici.it\/de\/garda-guest-card\/#breadcrumb"},"inLanguage":"de","potentialAction":[{"@type":"ReadAction","target":["https:\/\/www.hotelportici.it\/de\/garda-guest-card\/"]}]},{"@type":"ImageObject","inLanguage":"de","@id":"https:\/\/www.hotelportici.it\/de\/garda-guest-card\/#primaryimage","url":"https:\/\/www.hotelportici.it\/wp-content\/uploads\/2024\/07\/garda_guest_card.jpg","contentUrl":"https:\/\/www.hotelportici.it\/wp-content\/uploads\/2024\/07\/garda_guest_card.jpg","width":2000,"height":1333,"caption":"xr:d:DAFfUidlyQ8:7,j:46436886972,t:23050408"},{"@type":"BreadcrumbList","@id":"https:\/\/www.hotelportici.it\/de\/garda-guest-card\/#breadcrumb","itemListElement":[{"@type":"ListItem","position":1,"name":"Home","item":"https:\/\/www.hotelportici.it\/de\/"},{"@type":"ListItem","position":2,"name":"Garda Guest Card"}]},{"@type":"WebSite","@id":"https:\/\/www.hotelportici.it\/it\/#website","url":"https:\/\/www.hotelportici.it\/it\/","name":"Hotel Portici","description":"Romantik &amp; Wellness | Riva del Garda","publisher":{"@id":"https:\/\/www.hotelportici.it\/it\/#organization"},"potentialAction":[{"@type":"SearchAction","target":{"@type":"EntryPoint","urlTemplate":"https:\/\/www.hotelportici.it\/it\/?s={search_term_string}"},"query-input":{"@type":"PropertyValueSpecification","valueRequired":true,"valueName":"search_term_string"}}],"inLanguage":"de"},{"@type":"Organization","@id":"https:\/\/www.hotelportici.it\/it\/#organization","name":"Hotel Portici","url":"https:\/\/www.hotelportici.it\/it\/","logo":{"@type":"ImageObject","inLanguage":"de","@id":"https:\/\/www.hotelportici.it\/it\/#\/schema\/logo\/image\/","url":"https:\/\/www.hotelportici.it\/wp-content\/uploads\/2024\/03\/hotel-portici.png","contentUrl":"https:\/\/www.hotelportici.it\/wp-content\/uploads\/2024\/03\/hotel-portici.png","width":1200,"height":278,"caption":"Hotel Portici"},"image":{"@id":"https:\/\/www.hotelportici.it\/it\/#\/schema\/logo\/image\/"}}]}},"coauthors":[],"author_meta":{"author_link":"https:\/\/www.hotelportici.it\/de\/author\/p0rtic1\/","display_name":"p0rtic1"},"relative_dates":{"created":"Posted 6\u00a0Jahren ago","modified":"Updated 6\u00a0Jahren ago"},"absolute_dates":{"created":"Posted on 27 Juli 2020","modified":"Updated on 26 August 2020"},"absolute_dates_time":{"created":"Posted on 27 Juli 2020 12:13","modified":"Updated on 26 August 2020 16:17"},"featured_img_caption":"xr:d:DAFfUidlyQ8:7,j:46436886972,t:23050408","featured_img":"https:\/\/www.hotelportici.it\/wp-content\/uploads\/2024\/07\/garda_guest_card-1200x800.jpg","series_order":"","_links":{"self":[{"href":"https:\/\/www.hotelportici.it\/de\/wp-json\/wp\/v2\/pages\/1409","targetHints":{"allow":["GET"]}}],"collection":[{"href":"https:\/\/www.hotelportici.it\/de\/wp-json\/wp\/v2\/pages"}],"about":[{"href":"https:\/\/www.hotelportici.it\/de\/wp-json\/wp\/v2\/types\/page"}],"author":[{"embeddable":true,"href":"https:\/\/www.hotelportici.it\/de\/wp-json\/wp\/v2\/users\/2"}],"replies":[{"embeddable":true,"href":"https:\/\/www.hotelportici.it\/de\/wp-json\/wp\/v2\/comments?post=1409"}],"version-history":[{"count":0,"href":"https:\/\/www.hotelportici.it\/de\/wp-json\/wp\/v2\/pages\/1409\/revisions"}],"wp:featuredmedia":[{"embeddable":true,"href":"https:\/\/www.hotelportici.it\/de\/wp-json\/wp\/v2\/media\/6553"}],"wp:attachment":[{"href":"https:\/\/www.hotelportici.it\/de\/wp-json\/wp\/v2\/media?parent=1409"}],"curies":[{"name":"wp","href":"https:\/\/api.w.org\/{rel}","templated":true}]}}